{"id":201,"date":"2025-10-21T21:52:38","date_gmt":"2025-10-21T21:52:38","guid":{"rendered":"https:\/\/bajaessences.com\/wordpress\/?post_type=product&#038;p=201"},"modified":"2026-02-26T01:12:18","modified_gmt":"2026-02-26T01:12:18","slug":"aceite-esencial-de-frambuesa-baja-essences-15ml","status":"publish","type":"product","link":"https:\/\/bajaessences.com\/wordpress\/index.php\/producto\/aceite-esencial-de-frambuesa-baja-essences-15ml\/","title":{"rendered":"Aceite Esencial de FRAMBUESA Baja Essences 15ML"},"content":{"rendered":"<p>El Aceite Esencial de Frambuesa (Rubus idaeus) es obtenido del fruto del arbusto, la frambuesa es originaria de Europa y del norte de Asia. Nuestro Aceite Esencial de Frambuesa es obtenido por presi\u00f3n en fr\u00edo.<\/p>\n<p>El Aceite Esencial de Frambuesa es un potent\u00edsimo antioxidante, lo que lo hace ideal para el tratamiento de la piel, ayuda a corregir problemas de acn\u00e9, elimina las manchas cut\u00e1neas, corrige arrugas y es un efectivo cicatrizante. Es rico en vitamina E, y \u00e1cidos grasos esenciales. Tambi\u00e9n es rico en vitamina A, por lo cual le da brillo a la piel. Debido a su contenido de \u00e1cido salic\u00edlico es un buen anti-inflamatorio, es astringente, bactericida, antis\u00e9ptico y un gran aliado del anti-envejecimiento.<\/p>\n<p>El Aceite Esencial de Frambuesa posee adem\u00e1s un potente y agradable aroma que lo hace \u00fanico, adem\u00e1s es muy vers\u00e1til y puede combinarse f\u00e1cilmente con otros aceites esenciales para lograr una buena sinergia, como con el Aceite Esencial de Fresa, Orqu\u00eddea, Rosa, Lavanda, Geranio, Magnolia y Romero entre otros.<\/p>\n<p>COMPONENTES PRINCIPALES: Alfa-linolenico, \u00e1cido oleico y ester\u00e1rico, palm\u00edtico entre otros.<\/p>\n<p>ADVERTENCIAS: No ingerir ni aplicar directamente sobre la piel, diluir previamente sobre una base de aceite vehicular neutro o de almendras. Evitar el contacto con los ojos y mucosas. Mantenerse alejado del alcance de los ni\u00f1os. En caso de hipersensibilidad o irritaci\u00f3n, dejar de utilizar inmediatamente.<\/p>\n","protected":false},"excerpt":{"rendered":"<p>El Aceite Esencial de Frambuesa (Rubus idaeus) es obtenido del fruto del arbusto, la frambuesa es originaria de Europa y del norte de Asia. Nuestro Aceite Esencial de Frambuesa es obtenido por presi\u00f3n en fr\u00edo. El Aceite Esencial de Frambuesa es un potent\u00edsimo antioxidante, lo que lo hace ideal para el tratamiento de la piel, [&hellip;]<\/p>\n","protected":false},"featured_media":202,"comment_status":"open","ping_status":"closed","template":"","meta":[],"product_brand":[29],"product_cat":[27,19],"product_tag":[34,32,33],"class_list":{"0":"post-201","1":"product","2":"type-product","3":"status-publish","4":"has-post-thumbnail","6":"product_brand-baja-essences-aromaterapia","7":"product_cat-aceites-esenciales-frutales","8":"product_cat-aromaterapia","9":"product_tag-aceite-esencial-de-frambuesa","10":"product_tag-aceites-esenciales","11":"product_tag-aceites-esenciales-frutales","13":"first","14":"instock","15":"sale","16":"taxable","17":"shipping-taxable","18":"purchasable","19":"product-type-simple"},"yoast_head":"<!-- This site is optimized with the Yoast SEO plugin v27.5 - https:\/\/yoast.com\/product\/yoast-seo-wordpress\/ -->\n<title>Aceite Esencial de Frambuesa Baja Essences<\/title>\n<meta name=\"description\" content=\"El Aceite Esencial de Frambuesa Baja Essences es fant\u00e1stico para la piel y su versatilidad lo hace perfecto para combinaciones arom\u00e1ticas.\" \/>\n<meta name=\"robots\" content=\"index, follow, max-snippet:-1, max-image-preview:large, max-video-preview:-1\" \/>\n<link rel=\"canonical\" href=\"https:\/\/bajaessences.com\/wordpress\/index.php\/producto\/aceite-esencial-de-frambuesa-baja-essences-15ml\/\" \/>\n<meta property=\"og:locale\" content=\"es_MX\" \/>\n<meta property=\"og:type\" content=\"article\" \/>\n<meta property=\"og:title\" content=\"Aceite Esencial de Frambuesa Baja Essences\" \/>\n<meta property=\"og:description\" content=\"El Aceite Esencial de Frambuesa Baja Essences es fant\u00e1stico para la piel y su versatilidad lo hace perfecto para combinaciones arom\u00e1ticas.\" \/>\n<meta property=\"og:url\" content=\"https:\/\/bajaessences.com\/wordpress\/index.php\/producto\/aceite-esencial-de-frambuesa-baja-essences-15ml\/\" \/>\n<meta property=\"article:modified_time\" content=\"2026-02-26T01:12:18+00:00\" \/>\n<meta property=\"og:image\" content=\"https:\/\/bajaessences.com\/wordpress\/wp-content\/uploads\/2025\/10\/D_NQ_NP_2X_780959-MLM53669965203_022023-F.webp\" \/>\n\t<meta property=\"og:image:width\" content=\"940\" \/>\n\t<meta property=\"og:image:height\" content=\"820\" \/>\n\t<meta property=\"og:image:type\" content=\"image\/webp\" \/>\n<meta name=\"twitter:card\" content=\"summary_large_image\" \/>\n<meta name=\"twitter:label1\" content=\"Tiempo de lectura\" \/>\n\t<meta name=\"twitter:data1\" content=\"2 minutos\" \/>\n<script type=\"application\/ld+json\" class=\"yoast-schema-graph\">{\"@context\":\"https:\\\/\\\/schema.org\",\"@graph\":[{\"@type\":\"WebPage\",\"@id\":\"https:\\\/\\\/bajaessences.com\\\/wordpress\\\/index.php\\\/producto\\\/aceite-esencial-de-frambuesa-baja-essences-15ml\\\/\",\"url\":\"https:\\\/\\\/bajaessences.com\\\/wordpress\\\/index.php\\\/producto\\\/aceite-esencial-de-frambuesa-baja-essences-15ml\\\/\",\"name\":\"Aceite Esencial de Frambuesa Baja Essences\",\"isPartOf\":{\"@id\":\"https:\\\/\\\/bajaessences.com\\\/wordpress\\\/#website\"},\"primaryImageOfPage\":{\"@id\":\"https:\\\/\\\/bajaessences.com\\\/wordpress\\\/index.php\\\/producto\\\/aceite-esencial-de-frambuesa-baja-essences-15ml\\\/#primaryimage\"},\"image\":{\"@id\":\"https:\\\/\\\/bajaessences.com\\\/wordpress\\\/index.php\\\/producto\\\/aceite-esencial-de-frambuesa-baja-essences-15ml\\\/#primaryimage\"},\"thumbnailUrl\":\"https:\\\/\\\/bajaessences.com\\\/wordpress\\\/wp-content\\\/uploads\\\/2025\\\/10\\\/D_NQ_NP_2X_780959-MLM53669965203_022023-F.webp\",\"datePublished\":\"2025-10-21T21:52:38+00:00\",\"dateModified\":\"2026-02-26T01:12:18+00:00\",\"description\":\"El Aceite Esencial de Frambuesa Baja Essences es fant\u00e1stico para la piel y su versatilidad lo hace perfecto para combinaciones arom\u00e1ticas.\",\"breadcrumb\":{\"@id\":\"https:\\\/\\\/bajaessences.com\\\/wordpress\\\/index.php\\\/producto\\\/aceite-esencial-de-frambuesa-baja-essences-15ml\\\/#breadcrumb\"},\"inLanguage\":\"es\",\"potentialAction\":[{\"@type\":\"ReadAction\",\"target\":[\"https:\\\/\\\/bajaessences.com\\\/wordpress\\\/index.php\\\/producto\\\/aceite-esencial-de-frambuesa-baja-essences-15ml\\\/\"]}]},{\"@type\":\"ImageObject\",\"inLanguage\":\"es\",\"@id\":\"https:\\\/\\\/bajaessences.com\\\/wordpress\\\/index.php\\\/producto\\\/aceite-esencial-de-frambuesa-baja-essences-15ml\\\/#primaryimage\",\"url\":\"https:\\\/\\\/bajaessences.com\\\/wordpress\\\/wp-content\\\/uploads\\\/2025\\\/10\\\/D_NQ_NP_2X_780959-MLM53669965203_022023-F.webp\",\"contentUrl\":\"https:\\\/\\\/bajaessences.com\\\/wordpress\\\/wp-content\\\/uploads\\\/2025\\\/10\\\/D_NQ_NP_2X_780959-MLM53669965203_022023-F.webp\",\"width\":940,\"height\":820},{\"@type\":\"BreadcrumbList\",\"@id\":\"https:\\\/\\\/bajaessences.com\\\/wordpress\\\/index.php\\\/producto\\\/aceite-esencial-de-frambuesa-baja-essences-15ml\\\/#breadcrumb\",\"itemListElement\":[{\"@type\":\"ListItem\",\"position\":1,\"name\":\"Inicio\",\"item\":\"https:\\\/\\\/bajaessences.com\\\/wordpress\\\/\"},{\"@type\":\"ListItem\",\"position\":2,\"name\":\"Tienda en L\u00ednea\",\"item\":\"https:\\\/\\\/bajaessences.com\\\/wordpress\\\/index.php\\\/baja-essences-aromaterapia-tienda-en-linea\\\/\"},{\"@type\":\"ListItem\",\"position\":3,\"name\":\"Aceite Esencial de FRAMBUESA Baja Essences 15ML\"}]},{\"@type\":\"WebSite\",\"@id\":\"https:\\\/\\\/bajaessences.com\\\/wordpress\\\/#website\",\"url\":\"https:\\\/\\\/bajaessences.com\\\/wordpress\\\/\",\"name\":\"\",\"description\":\"EXPERTOS EN AROMATERAPIA Y PRODUCTOS PARA SPA\",\"potentialAction\":[{\"@type\":\"SearchAction\",\"target\":{\"@type\":\"EntryPoint\",\"urlTemplate\":\"https:\\\/\\\/bajaessences.com\\\/wordpress\\\/?s={search_term_string}\"},\"query-input\":{\"@type\":\"PropertyValueSpecification\",\"valueRequired\":true,\"valueName\":\"search_term_string\"}}],\"inLanguage\":\"es\"}]}<\/script>\n<!-- \/ Yoast SEO plugin. -->","yoast_head_json":{"title":"Aceite Esencial de Frambuesa Baja Essences","description":"El Aceite Esencial de Frambuesa Baja Essences es fant\u00e1stico para la piel y su versatilidad lo hace perfecto para combinaciones arom\u00e1ticas.","robots":{"index":"index","follow":"follow","max-snippet":"max-snippet:-1","max-image-preview":"max-image-preview:large","max-video-preview":"max-video-preview:-1"},"canonical":"https:\/\/bajaessences.com\/wordpress\/index.php\/producto\/aceite-esencial-de-frambuesa-baja-essences-15ml\/","og_locale":"es_MX","og_type":"article","og_title":"Aceite Esencial de Frambuesa Baja Essences","og_description":"El Aceite Esencial de Frambuesa Baja Essences es fant\u00e1stico para la piel y su versatilidad lo hace perfecto para combinaciones arom\u00e1ticas.","og_url":"https:\/\/bajaessences.com\/wordpress\/index.php\/producto\/aceite-esencial-de-frambuesa-baja-essences-15ml\/","article_modified_time":"2026-02-26T01:12:18+00:00","og_image":[{"width":940,"height":820,"url":"https:\/\/bajaessences.com\/wordpress\/wp-content\/uploads\/2025\/10\/D_NQ_NP_2X_780959-MLM53669965203_022023-F.webp","type":"image\/webp"}],"twitter_card":"summary_large_image","twitter_misc":{"Tiempo de lectura":"2 minutos"},"schema":{"@context":"https:\/\/schema.org","@graph":[{"@type":"WebPage","@id":"https:\/\/bajaessences.com\/wordpress\/index.php\/producto\/aceite-esencial-de-frambuesa-baja-essences-15ml\/","url":"https:\/\/bajaessences.com\/wordpress\/index.php\/producto\/aceite-esencial-de-frambuesa-baja-essences-15ml\/","name":"Aceite Esencial de Frambuesa Baja Essences","isPartOf":{"@id":"https:\/\/bajaessences.com\/wordpress\/#website"},"primaryImageOfPage":{"@id":"https:\/\/bajaessences.com\/wordpress\/index.php\/producto\/aceite-esencial-de-frambuesa-baja-essences-15ml\/#primaryimage"},"image":{"@id":"https:\/\/bajaessences.com\/wordpress\/index.php\/producto\/aceite-esencial-de-frambuesa-baja-essences-15ml\/#primaryimage"},"thumbnailUrl":"https:\/\/bajaessences.com\/wordpress\/wp-content\/uploads\/2025\/10\/D_NQ_NP_2X_780959-MLM53669965203_022023-F.webp","datePublished":"2025-10-21T21:52:38+00:00","dateModified":"2026-02-26T01:12:18+00:00","description":"El Aceite Esencial de Frambuesa Baja Essences es fant\u00e1stico para la piel y su versatilidad lo hace perfecto para combinaciones arom\u00e1ticas.","breadcrumb":{"@id":"https:\/\/bajaessences.com\/wordpress\/index.php\/producto\/aceite-esencial-de-frambuesa-baja-essences-15ml\/#breadcrumb"},"inLanguage":"es","potentialAction":[{"@type":"ReadAction","target":["https:\/\/bajaessences.com\/wordpress\/index.php\/producto\/aceite-esencial-de-frambuesa-baja-essences-15ml\/"]}]},{"@type":"ImageObject","inLanguage":"es","@id":"https:\/\/bajaessences.com\/wordpress\/index.php\/producto\/aceite-esencial-de-frambuesa-baja-essences-15ml\/#primaryimage","url":"https:\/\/bajaessences.com\/wordpress\/wp-content\/uploads\/2025\/10\/D_NQ_NP_2X_780959-MLM53669965203_022023-F.webp","contentUrl":"https:\/\/bajaessences.com\/wordpress\/wp-content\/uploads\/2025\/10\/D_NQ_NP_2X_780959-MLM53669965203_022023-F.webp","width":940,"height":820},{"@type":"BreadcrumbList","@id":"https:\/\/bajaessences.com\/wordpress\/index.php\/producto\/aceite-esencial-de-frambuesa-baja-essences-15ml\/#breadcrumb","itemListElement":[{"@type":"ListItem","position":1,"name":"Inicio","item":"https:\/\/bajaessences.com\/wordpress\/"},{"@type":"ListItem","position":2,"name":"Tienda en L\u00ednea","item":"https:\/\/bajaessences.com\/wordpress\/index.php\/baja-essences-aromaterapia-tienda-en-linea\/"},{"@type":"ListItem","position":3,"name":"Aceite Esencial de FRAMBUESA Baja Essences 15ML"}]},{"@type":"WebSite","@id":"https:\/\/bajaessences.com\/wordpress\/#website","url":"https:\/\/bajaessences.com\/wordpress\/","name":"","description":"EXPERTOS EN AROMATERAPIA Y PRODUCTOS PARA SPA","potentialAction":[{"@type":"SearchAction","target":{"@type":"EntryPoint","urlTemplate":"https:\/\/bajaessences.com\/wordpress\/?s={search_term_string}"},"query-input":{"@type":"PropertyValueSpecification","valueRequired":true,"valueName":"search_term_string"}}],"inLanguage":"es"}]}},"jetpack_sharing_enabled":true,"_links":{"self":[{"href":"https:\/\/bajaessences.com\/wordpress\/index.php\/wp-json\/wp\/v2\/product\/201","targetHints":{"allow":["GET"]}}],"collection":[{"href":"https:\/\/bajaessences.com\/wordpress\/index.php\/wp-json\/wp\/v2\/product"}],"about":[{"href":"https:\/\/bajaessences.com\/wordpress\/index.php\/wp-json\/wp\/v2\/types\/product"}],"replies":[{"embeddable":true,"href":"https:\/\/bajaessences.com\/wordpress\/index.php\/wp-json\/wp\/v2\/comments?post=201"}],"wp:featuredmedia":[{"embeddable":true,"href":"https:\/\/bajaessences.com\/wordpress\/index.php\/wp-json\/wp\/v2\/media\/202"}],"wp:attachment":[{"href":"https:\/\/bajaessences.com\/wordpress\/index.php\/wp-json\/wp\/v2\/media?parent=201"}],"wp:term":[{"taxonomy":"product_brand","embeddable":true,"href":"https:\/\/bajaessences.com\/wordpress\/index.php\/wp-json\/wp\/v2\/product_brand?post=201"},{"taxonomy":"product_cat","embeddable":true,"href":"https:\/\/bajaessences.com\/wordpress\/index.php\/wp-json\/wp\/v2\/product_cat?post=201"},{"taxonomy":"product_tag","embeddable":true,"href":"https:\/\/bajaessences.com\/wordpress\/index.php\/wp-json\/wp\/v2\/product_tag?post=201"}],"curies":[{"name":"wp","href":"https:\/\/api.w.org\/{rel}","templated":true}]}}