{"id":203,"date":"2025-10-23T00:05:00","date_gmt":"2025-10-23T00:05:00","guid":{"rendered":"https:\/\/bajaessences.com\/wordpress\/?post_type=product&#038;p=203"},"modified":"2026-02-25T02:59:54","modified_gmt":"2026-02-25T02:59:54","slug":"aceite-esencial-de-lavanda-15-ml","status":"publish","type":"product","link":"https:\/\/bajaessences.com\/wordpress\/index.php\/producto\/aceite-esencial-de-lavanda-15-ml\/","title":{"rendered":"Aceite Esencial de LAVANDA 15 ml"},"content":{"rendered":"<h1>Aceite Esencial de LAVANDA 100% Puro 100% Natural Baja Essences.<\/h1>\n<p>El Aceite Esencial de Lavanda es uno de los aceites m\u00e1s conocidos en el mundo de la Aromaterapia por su gran versatilidad y m\u00faltiples bondades y atributos. La Lavanda o Lavandula Officinalis es una planta del g\u00e9nero de las Lamin\u00e1ceas de la cual se conocen m\u00e1s de treinta especies.<\/p>\n<h2>ORIGINARIA DEL MEDITERRANEO<\/h2>\n<p>La Lavandula angustifoliaes una planta originaria de los pa\u00edses del Mediterr\u00e1neo y es una planta particularmente apta a formar setos bajos o ribetes de avenidas. Tiene las hojas t\u00edpicas de la especie s\u00f3lo m\u00e1s estrecha y de un verde m\u00e1s intenso, las flores son llevadas por espigas largas hasta 6 cm de color azul, muy perfumadas que brotan de verano.<\/p>\n<p>Ya Diosc\u00f3rides, Galeno y Plinio mencionan los aceites de espliego y stoechas. La Lavanda era cultivada en los jardines de plantas arom\u00e1ticas de los monasterios europeos. Antiguamente era considerada estimulante, t\u00f3nica, estom\u00e1quica y carminativa. El bot\u00e1nico Mathiole, en el siglo XVI consideraba sus flores como la m\u00e1s eficaz de todas las panaceas. En la \u00e9poca del renacimiento, sus hojas eran a\u00f1adidas en las ensaladas, sustituyendo muchas veces a la menta.<\/p>\n<p>El Aceite Esencial de Lavanda es obtenido de las flores de las espigas de la planta por destilaci\u00f3n y arrastre, este aceite esencial es considerado un aceite b\u00e1sico ya que tiene muchos usos y muchas virtudes que lo hacen un magn\u00edfico compa\u00f1ero para varias combinaciones y sinergias con otros aceites esenciales.<\/p>\n<h2>CURATIVO Y RELAJANTE<\/h2>\n<p>El Aceite Esencial de Lavanda ha sido apreciado por su aroma inconfundible y sus propiedades terap\u00e9uticas por miles de a\u00f1os. Ha sido ampliamente utilizado y aceptado por su cualidades calmantes, curativas y relajantes. Para uso t\u00f3pico y arom\u00e1tico<\/p>\n<p>El Aceite Esencial de Lavanda es excelente para sanar y desinfectar heridas debido a su efecto antis\u00e9ptico. Una de las habilidades de este aceite esencial es la de sanar y calmar las heridas en la piel como picaduras, mordeduras, quemaduras, magulladuras y las reacciones al\u00e9rgicas del cuerpo como psoriasis.<\/p>\n<p>El Aceite Esencial de Lavanda es anticoagulante, antidepresivo, analg\u00e9sico, anticonvulsivante, anti-hongos, antihistam\u00ednicos, anti-inflamatorio, anti-infeccioso, antimicrobiano, antis\u00e9ptico, antiespasm\u00f3dico, sedante y regenerativo.<\/p>\n<p>Los m\u00faltiples beneficios del Aceite Esencial de Lavanda hacen posible que pueda ayudar a equilibrar el cuerpo. Lo podemos usar en la artritis, heridas, for\u00fanculos, ansiedad, asma, hematomas, tensi\u00f3n, bronquitis, infecciones de garganta, herpes labial, quemaduras de sol, \u00e1ntrax, depresi\u00f3n, convulsiones, esguinces, tensi\u00f3n nerviosa, desmayos, laringitis.<\/p>\n<p>Tambi\u00e9n puede ayudar a los c\u00e1lculos biliares, dolores de cabeza, lesiones , urticaria, reducir la presi\u00f3n arterial alta, picaduras de insectos, histeria, repelente de insectos infecci\u00f3n, influenza, migra\u00f1as, abscesos boca, dolor de o\u00eddos, reumatismo, enfermedades de la piel, insolaci\u00f3n, fiebre tifoidea, y tos-ferina.<\/p>\n<p>COMPONENTES PRINCIPALES: Linalol, geraniol, borneol, eucaliptol, nerol, d-bornerol, limoneno, farneseno, sabinero, alfa-pineno, beta-pineno, beta-felandreno, \u00e1cido caproico, but\u00edrico, cum\u00e1rico, isobut\u00edrico, rosmar\u00ednico y urs\u00f3lico.<\/p>\n<p>ADVERTENCIAS: No ingerir ni aplicar directamente sobre la piel, diluir previamente sobre una base de aceite vehicular neutro o de almendras. Evitar el contacto con los ojos y mucosas. Mantenerse alejado del alcance de los ni\u00f1os. En caso de hipersensibilidad o irritaci\u00f3n, dejar de utilizar inmediatamente.\u00bb<\/p>\n","protected":false},"excerpt":{"rendered":"<p>El Aceite Esencial de Lavanda Baja Essences es uno de los m\u00e1s relajantes que existen, tambi\u00e9n es antidepresivo y sirve para ahuyentar insectos.<\/p>\n","protected":false},"featured_media":205,"comment_status":"open","ping_status":"closed","template":"","meta":[],"product_brand":[29],"product_cat":[26,19],"product_tag":[130,129,49,131],"class_list":{"0":"post-203","1":"product","2":"type-product","3":"status-publish","4":"has-post-thumbnail","6":"product_brand-baja-essences-aromaterapia","7":"product_cat-aceites-esenciales-florales","8":"product_cat-aromaterapia","9":"product_tag-aceite-esencial-de-lavanda","10":"product_tag-antidepresivo","11":"product_tag-relajante","12":"product_tag-s","13":"product_shipping_class-envio-normal","15":"first","16":"instock","17":"taxable","18":"shipping-taxable","19":"purchasable","20":"product-type-simple"},"yoast_head":"<!-- This site is optimized with the Yoast SEO plugin v27.5 - https:\/\/yoast.com\/product\/yoast-seo-wordpress\/ -->\n<title>Aceite Essencial de Lavanda Baja Essences<\/title>\n<meta name=\"description\" content=\"El Aceite Essencial de Lavanda Baja Essences es uno de los aceites esenciales m\u00e1s \u00fatiles ya que es muy relajante, desinfectante y anti-mosquitos.\" \/>\n<meta name=\"robots\" content=\"index, follow, max-snippet:-1, max-image-preview:large, max-video-preview:-1\" \/>\n<link rel=\"canonical\" href=\"https:\/\/bajaessences.com\/wordpress\/index.php\/producto\/aceite-esencial-de-lavanda-15-ml\/\" \/>\n<meta property=\"og:locale\" content=\"es_MX\" \/>\n<meta property=\"og:type\" content=\"article\" \/>\n<meta property=\"og:title\" content=\"Aceite Essencial de Lavanda Baja Essences\" \/>\n<meta property=\"og:description\" content=\"El Aceite Essencial de Lavanda Baja Essences es uno de los aceites esenciales m\u00e1s \u00fatiles ya que es muy relajante, desinfectante y anti-mosquitos.\" \/>\n<meta property=\"og:url\" content=\"https:\/\/bajaessences.com\/wordpress\/index.php\/producto\/aceite-esencial-de-lavanda-15-ml\/\" \/>\n<meta property=\"article:modified_time\" content=\"2026-02-25T02:59:54+00:00\" \/>\n<meta property=\"og:image\" content=\"https:\/\/bajaessences.com\/wordpress\/wp-content\/uploads\/2025\/10\/D_NQ_NP_2X_626521-MLM76632673943_052024-F.webp\" \/>\n\t<meta property=\"og:image:width\" content=\"1129\" \/>\n\t<meta property=\"og:image:height\" content=\"1080\" \/>\n\t<meta property=\"og:image:type\" content=\"image\/webp\" \/>\n<meta name=\"twitter:card\" content=\"summary_large_image\" \/>\n<meta name=\"twitter:label1\" content=\"Tiempo de lectura\" \/>\n\t<meta name=\"twitter:data1\" content=\"3 minutos\" \/>\n<script type=\"application\/ld+json\" class=\"yoast-schema-graph\">{\"@context\":\"https:\\\/\\\/schema.org\",\"@graph\":[{\"@type\":\"WebPage\",\"@id\":\"https:\\\/\\\/bajaessences.com\\\/wordpress\\\/index.php\\\/producto\\\/aceite-esencial-de-lavanda-15-ml\\\/\",\"url\":\"https:\\\/\\\/bajaessences.com\\\/wordpress\\\/index.php\\\/producto\\\/aceite-esencial-de-lavanda-15-ml\\\/\",\"name\":\"Aceite Essencial de Lavanda Baja Essences\",\"isPartOf\":{\"@id\":\"https:\\\/\\\/bajaessences.com\\\/wordpress\\\/#website\"},\"primaryImageOfPage\":{\"@id\":\"https:\\\/\\\/bajaessences.com\\\/wordpress\\\/index.php\\\/producto\\\/aceite-esencial-de-lavanda-15-ml\\\/#primaryimage\"},\"image\":{\"@id\":\"https:\\\/\\\/bajaessences.com\\\/wordpress\\\/index.php\\\/producto\\\/aceite-esencial-de-lavanda-15-ml\\\/#primaryimage\"},\"thumbnailUrl\":\"https:\\\/\\\/bajaessences.com\\\/wordpress\\\/wp-content\\\/uploads\\\/2025\\\/10\\\/D_NQ_NP_2X_626521-MLM76632673943_052024-F.webp\",\"datePublished\":\"2025-10-23T00:05:00+00:00\",\"dateModified\":\"2026-02-25T02:59:54+00:00\",\"description\":\"El Aceite Essencial de Lavanda Baja Essences es uno de los aceites esenciales m\u00e1s \u00fatiles ya que es muy relajante, desinfectante y anti-mosquitos.\",\"breadcrumb\":{\"@id\":\"https:\\\/\\\/bajaessences.com\\\/wordpress\\\/index.php\\\/producto\\\/aceite-esencial-de-lavanda-15-ml\\\/#breadcrumb\"},\"inLanguage\":\"es\",\"potentialAction\":[{\"@type\":\"ReadAction\",\"target\":[\"https:\\\/\\\/bajaessences.com\\\/wordpress\\\/index.php\\\/producto\\\/aceite-esencial-de-lavanda-15-ml\\\/\"]}]},{\"@type\":\"ImageObject\",\"inLanguage\":\"es\",\"@id\":\"https:\\\/\\\/bajaessences.com\\\/wordpress\\\/index.php\\\/producto\\\/aceite-esencial-de-lavanda-15-ml\\\/#primaryimage\",\"url\":\"https:\\\/\\\/bajaessences.com\\\/wordpress\\\/wp-content\\\/uploads\\\/2025\\\/10\\\/D_NQ_NP_2X_626521-MLM76632673943_052024-F.webp\",\"contentUrl\":\"https:\\\/\\\/bajaessences.com\\\/wordpress\\\/wp-content\\\/uploads\\\/2025\\\/10\\\/D_NQ_NP_2X_626521-MLM76632673943_052024-F.webp\",\"width\":1129,\"height\":1080},{\"@type\":\"BreadcrumbList\",\"@id\":\"https:\\\/\\\/bajaessences.com\\\/wordpress\\\/index.php\\\/producto\\\/aceite-esencial-de-lavanda-15-ml\\\/#breadcrumb\",\"itemListElement\":[{\"@type\":\"ListItem\",\"position\":1,\"name\":\"Inicio\",\"item\":\"https:\\\/\\\/bajaessences.com\\\/wordpress\\\/\"},{\"@type\":\"ListItem\",\"position\":2,\"name\":\"Tienda en L\u00ednea\",\"item\":\"https:\\\/\\\/bajaessences.com\\\/wordpress\\\/index.php\\\/baja-essences-aromaterapia-tienda-en-linea\\\/\"},{\"@type\":\"ListItem\",\"position\":3,\"name\":\"Aceite Esencial de LAVANDA 15 ml\"}]},{\"@type\":\"WebSite\",\"@id\":\"https:\\\/\\\/bajaessences.com\\\/wordpress\\\/#website\",\"url\":\"https:\\\/\\\/bajaessences.com\\\/wordpress\\\/\",\"name\":\"\",\"description\":\"EXPERTOS EN AROMATERAPIA Y PRODUCTOS PARA SPA\",\"potentialAction\":[{\"@type\":\"SearchAction\",\"target\":{\"@type\":\"EntryPoint\",\"urlTemplate\":\"https:\\\/\\\/bajaessences.com\\\/wordpress\\\/?s={search_term_string}\"},\"query-input\":{\"@type\":\"PropertyValueSpecification\",\"valueRequired\":true,\"valueName\":\"search_term_string\"}}],\"inLanguage\":\"es\"}]}<\/script>\n<!-- \/ Yoast SEO plugin. -->","yoast_head_json":{"title":"Aceite Essencial de Lavanda Baja Essences","description":"El Aceite Essencial de Lavanda Baja Essences es uno de los aceites esenciales m\u00e1s \u00fatiles ya que es muy relajante, desinfectante y anti-mosquitos.","robots":{"index":"index","follow":"follow","max-snippet":"max-snippet:-1","max-image-preview":"max-image-preview:large","max-video-preview":"max-video-preview:-1"},"canonical":"https:\/\/bajaessences.com\/wordpress\/index.php\/producto\/aceite-esencial-de-lavanda-15-ml\/","og_locale":"es_MX","og_type":"article","og_title":"Aceite Essencial de Lavanda Baja Essences","og_description":"El Aceite Essencial de Lavanda Baja Essences es uno de los aceites esenciales m\u00e1s \u00fatiles ya que es muy relajante, desinfectante y anti-mosquitos.","og_url":"https:\/\/bajaessences.com\/wordpress\/index.php\/producto\/aceite-esencial-de-lavanda-15-ml\/","article_modified_time":"2026-02-25T02:59:54+00:00","og_image":[{"width":1129,"height":1080,"url":"https:\/\/bajaessences.com\/wordpress\/wp-content\/uploads\/2025\/10\/D_NQ_NP_2X_626521-MLM76632673943_052024-F.webp","type":"image\/webp"}],"twitter_card":"summary_large_image","twitter_misc":{"Tiempo de lectura":"3 minutos"},"schema":{"@context":"https:\/\/schema.org","@graph":[{"@type":"WebPage","@id":"https:\/\/bajaessences.com\/wordpress\/index.php\/producto\/aceite-esencial-de-lavanda-15-ml\/","url":"https:\/\/bajaessences.com\/wordpress\/index.php\/producto\/aceite-esencial-de-lavanda-15-ml\/","name":"Aceite Essencial de Lavanda Baja Essences","isPartOf":{"@id":"https:\/\/bajaessences.com\/wordpress\/#website"},"primaryImageOfPage":{"@id":"https:\/\/bajaessences.com\/wordpress\/index.php\/producto\/aceite-esencial-de-lavanda-15-ml\/#primaryimage"},"image":{"@id":"https:\/\/bajaessences.com\/wordpress\/index.php\/producto\/aceite-esencial-de-lavanda-15-ml\/#primaryimage"},"thumbnailUrl":"https:\/\/bajaessences.com\/wordpress\/wp-content\/uploads\/2025\/10\/D_NQ_NP_2X_626521-MLM76632673943_052024-F.webp","datePublished":"2025-10-23T00:05:00+00:00","dateModified":"2026-02-25T02:59:54+00:00","description":"El Aceite Essencial de Lavanda Baja Essences es uno de los aceites esenciales m\u00e1s \u00fatiles ya que es muy relajante, desinfectante y anti-mosquitos.","breadcrumb":{"@id":"https:\/\/bajaessences.com\/wordpress\/index.php\/producto\/aceite-esencial-de-lavanda-15-ml\/#breadcrumb"},"inLanguage":"es","potentialAction":[{"@type":"ReadAction","target":["https:\/\/bajaessences.com\/wordpress\/index.php\/producto\/aceite-esencial-de-lavanda-15-ml\/"]}]},{"@type":"ImageObject","inLanguage":"es","@id":"https:\/\/bajaessences.com\/wordpress\/index.php\/producto\/aceite-esencial-de-lavanda-15-ml\/#primaryimage","url":"https:\/\/bajaessences.com\/wordpress\/wp-content\/uploads\/2025\/10\/D_NQ_NP_2X_626521-MLM76632673943_052024-F.webp","contentUrl":"https:\/\/bajaessences.com\/wordpress\/wp-content\/uploads\/2025\/10\/D_NQ_NP_2X_626521-MLM76632673943_052024-F.webp","width":1129,"height":1080},{"@type":"BreadcrumbList","@id":"https:\/\/bajaessences.com\/wordpress\/index.php\/producto\/aceite-esencial-de-lavanda-15-ml\/#breadcrumb","itemListElement":[{"@type":"ListItem","position":1,"name":"Inicio","item":"https:\/\/bajaessences.com\/wordpress\/"},{"@type":"ListItem","position":2,"name":"Tienda en L\u00ednea","item":"https:\/\/bajaessences.com\/wordpress\/index.php\/baja-essences-aromaterapia-tienda-en-linea\/"},{"@type":"ListItem","position":3,"name":"Aceite Esencial de LAVANDA 15 ml"}]},{"@type":"WebSite","@id":"https:\/\/bajaessences.com\/wordpress\/#website","url":"https:\/\/bajaessences.com\/wordpress\/","name":"","description":"EXPERTOS EN AROMATERAPIA Y PRODUCTOS PARA SPA","potentialAction":[{"@type":"SearchAction","target":{"@type":"EntryPoint","urlTemplate":"https:\/\/bajaessences.com\/wordpress\/?s={search_term_string}"},"query-input":{"@type":"PropertyValueSpecification","valueRequired":true,"valueName":"search_term_string"}}],"inLanguage":"es"}]}},"jetpack_sharing_enabled":true,"_links":{"self":[{"href":"https:\/\/bajaessences.com\/wordpress\/index.php\/wp-json\/wp\/v2\/product\/203","targetHints":{"allow":["GET"]}}],"collection":[{"href":"https:\/\/bajaessences.com\/wordpress\/index.php\/wp-json\/wp\/v2\/product"}],"about":[{"href":"https:\/\/bajaessences.com\/wordpress\/index.php\/wp-json\/wp\/v2\/types\/product"}],"replies":[{"embeddable":true,"href":"https:\/\/bajaessences.com\/wordpress\/index.php\/wp-json\/wp\/v2\/comments?post=203"}],"wp:featuredmedia":[{"embeddable":true,"href":"https:\/\/bajaessences.com\/wordpress\/index.php\/wp-json\/wp\/v2\/media\/205"}],"wp:attachment":[{"href":"https:\/\/bajaessences.com\/wordpress\/index.php\/wp-json\/wp\/v2\/media?parent=203"}],"wp:term":[{"taxonomy":"product_brand","embeddable":true,"href":"https:\/\/bajaessences.com\/wordpress\/index.php\/wp-json\/wp\/v2\/product_brand?post=203"},{"taxonomy":"product_cat","embeddable":true,"href":"https:\/\/bajaessences.com\/wordpress\/index.php\/wp-json\/wp\/v2\/product_cat?post=203"},{"taxonomy":"product_tag","embeddable":true,"href":"https:\/\/bajaessences.com\/wordpress\/index.php\/wp-json\/wp\/v2\/product_tag?post=203"}],"curies":[{"name":"wp","href":"https:\/\/api.w.org\/{rel}","templated":true}]}}