{"id":304,"date":"2025-11-26T04:29:23","date_gmt":"2025-11-26T04:29:23","guid":{"rendered":"https:\/\/bajaessences.com\/wordpress\/?post_type=product&#038;p=304"},"modified":"2026-02-23T02:43:11","modified_gmt":"2026-02-23T02:43:11","slug":"aceite-esencial-de-anis","status":"publish","type":"product","link":"https:\/\/bajaessences.com\/wordpress\/index.php\/producto\/aceite-esencial-de-anis\/","title":{"rendered":"Aceite Esencial de AN\u00cdS Baja Essences"},"content":{"rendered":"<p>Este\u00a0<i>Aceite Esencial de An\u00eds\u00a0<\/i>es obtenido por destilaci\u00f3n de la semilla seca al vapor, su nombre cient\u00edfico es<b><i>Pimpinella<\/i><\/b><i>\u00a0<\/i><b><i>Anisum<\/i><\/b><i>\u00a0<\/i>y fue llevada por los \u00e1rabes a Europa. Se ha utilizado desde tiempos milenarios en la cosm\u00e9tica y perfumer\u00eda.<\/p>\n<p>&nbsp;<\/p>\n<p>El Aceite Esencial de An\u00eds es muy apreciado por sus grandes propiedades. Entre ellas destacan las siguientes:<\/p>\n<p>&nbsp;<\/p>\n<ul class=\"gdAMzb\">\n<li class=\"rnc2Gd\"><strong><span class=\"rnc2Gd\" data-ast-node-id=\"5\">Propiedades f\u00edsicas:<\/span><\/strong><span class=\"rnc2Gd\" data-ast-node-id=\"6\"> Es antis\u00e9ptico, analg\u00e9sico, expectorante, antiespasm\u00f3dico, repelente de insectos, desodorante, digestivo, diur\u00e9tico y sedante.<\/span><\/li>\n<li class=\"rnc2Gd\"><strong><span class=\"rnc2Gd\" data-ast-node-id=\"7\">Beneficios en el sistema nervioso y emocional:<\/span><\/strong><span class=\"rnc2Gd\" data-ast-node-id=\"8\"> Estimula el sistema nervioso central y aumenta la conciencia ps\u00edquica. Adem\u00e1s, alivia la ansiedad y la tensi\u00f3n nerviosa, mejora el sentido del humor, ayuda a combatir el agotamiento gracias a sus efectos vigorizantes, y combate el insomnio.<\/span><\/li>\n<li class=\"rnc2Gd\"><strong><span class=\"rnc2Gd\" data-ast-node-id=\"9\">Otros usos:<\/span><\/strong><span class=\"rnc2Gd\" data-ast-node-id=\"10\"> Tambi\u00e9n se le considera afrodis\u00edaco.<\/span><\/li>\n<\/ul>\n<p><b>COMPONENTES PRINCIPALES:\u00a0<\/b>Monoterpenos como anetol, limoneno, linalol, estragol, fenchona, pineno, felandreno y anisaldeh\u00eddo<\/p>\n<p><b>ADVERTENCIAS:\u00a0<\/b>No ingerir ni aplicar directamente sobre la piel, diluir previamente en un aceite vehicular neutro o de almendras. Evitar el contacto con los ojos y mucosas. Mantenerse alejado del alcance de los ni\u00f1os. En caso de hipersensibilidad o irritaci\u00f3n, dejar de utilizar inmediatamente.<\/p>\n<p><b>DERECHOS RESERVADOS DE INFORMACI\u00d3N. Esta informaci\u00f3n est\u00e1 protegida por Copywright y derechos de autor. Est\u00e1 prohibida su utilizaci\u00f3n sin la aprobaci\u00f3n expresa del autor\/propietario:\u00a0<\/b><b>Baja Essences<\/b><\/p>\n","protected":false},"excerpt":{"rendered":"<p>Este\u00a0Aceite Esencial de An\u00eds\u00a0es obtenido por destilaci\u00f3n de la semilla seca al vapor, su nombre cient\u00edfico esPimpinella\u00a0Anisum\u00a0y fue llevada por los \u00e1rabes a Europa. Se ha utilizado desde tiempos milenarios en la cosm\u00e9tica y perfumer\u00eda. &nbsp; El Aceite Esencial de An\u00eds es muy apreciado por sus grandes propiedades. Entre ellas destacan las siguientes: &nbsp; Propiedades [&hellip;]<\/p>\n","protected":false},"featured_media":308,"comment_status":"open","ping_status":"closed","template":"","meta":[],"product_brand":[29],"product_cat":[27,19],"product_tag":[],"class_list":{"0":"post-304","1":"product","2":"type-product","3":"status-publish","4":"has-post-thumbnail","6":"product_brand-baja-essences-aromaterapia","7":"product_cat-aceites-esenciales-frutales","8":"product_cat-aromaterapia","10":"first","11":"instock","12":"taxable","13":"shipping-taxable","14":"product-type-simple"},"yoast_head":"<!-- This site is optimized with the Yoast SEO plugin v27.3 - https:\/\/yoast.com\/product\/yoast-seo-wordpress\/ -->\n<title>Aceite Esencial de AN\u00edS Baja Essences<\/title>\n<meta name=\"description\" content=\"El Aceite Esencial de An\u00eds Baja Essences es conocido por tener muchos beneficios tanto en el sistema nervioso como en las emociones\" \/>\n<meta name=\"robots\" content=\"index, follow, max-snippet:-1, max-image-preview:large, max-video-preview:-1\" \/>\n<link rel=\"canonical\" href=\"https:\/\/bajaessences.com\/wordpress\/index.php\/producto\/aceite-esencial-de-anis\/\" \/>\n<meta property=\"og:locale\" content=\"es_MX\" \/>\n<meta property=\"og:type\" content=\"article\" \/>\n<meta property=\"og:title\" content=\"Aceite Esencial de AN\u00edS Baja Essences\" \/>\n<meta property=\"og:description\" content=\"El Aceite Esencial de An\u00eds Baja Essences es conocido por tener muchos beneficios tanto en el sistema nervioso como en las emociones\" \/>\n<meta property=\"og:url\" content=\"https:\/\/bajaessences.com\/wordpress\/index.php\/producto\/aceite-esencial-de-anis\/\" \/>\n<meta property=\"article:modified_time\" content=\"2026-02-23T02:43:11+00:00\" \/>\n<meta property=\"og:image\" content=\"https:\/\/bajaessences.com\/wordpress\/wp-content\/uploads\/2025\/11\/D_NQ_NP_2X_642148-MLM76559074150_052024-F-1.webp\" \/>\n\t<meta property=\"og:image:width\" content=\"1093\" \/>\n\t<meta property=\"og:image:height\" content=\"1053\" \/>\n\t<meta property=\"og:image:type\" content=\"image\/webp\" \/>\n<meta name=\"twitter:card\" content=\"summary_large_image\" \/>\n<meta name=\"twitter:label1\" content=\"Tiempo de lectura\" \/>\n\t<meta name=\"twitter:data1\" content=\"2 minutos\" \/>\n<script type=\"application\/ld+json\" class=\"yoast-schema-graph\">{\"@context\":\"https:\\\/\\\/schema.org\",\"@graph\":[{\"@type\":\"WebPage\",\"@id\":\"https:\\\/\\\/bajaessences.com\\\/wordpress\\\/index.php\\\/producto\\\/aceite-esencial-de-anis\\\/\",\"url\":\"https:\\\/\\\/bajaessences.com\\\/wordpress\\\/index.php\\\/producto\\\/aceite-esencial-de-anis\\\/\",\"name\":\"Aceite Esencial de AN\u00edS Baja Essences\",\"isPartOf\":{\"@id\":\"https:\\\/\\\/bajaessences.com\\\/wordpress\\\/#website\"},\"primaryImageOfPage\":{\"@id\":\"https:\\\/\\\/bajaessences.com\\\/wordpress\\\/index.php\\\/producto\\\/aceite-esencial-de-anis\\\/#primaryimage\"},\"image\":{\"@id\":\"https:\\\/\\\/bajaessences.com\\\/wordpress\\\/index.php\\\/producto\\\/aceite-esencial-de-anis\\\/#primaryimage\"},\"thumbnailUrl\":\"https:\\\/\\\/bajaessences.com\\\/wordpress\\\/wp-content\\\/uploads\\\/2025\\\/11\\\/D_NQ_NP_2X_642148-MLM76559074150_052024-F-1.webp\",\"datePublished\":\"2025-11-26T04:29:23+00:00\",\"dateModified\":\"2026-02-23T02:43:11+00:00\",\"description\":\"El Aceite Esencial de An\u00eds Baja Essences es conocido por tener muchos beneficios tanto en el sistema nervioso como en las emociones\",\"breadcrumb\":{\"@id\":\"https:\\\/\\\/bajaessences.com\\\/wordpress\\\/index.php\\\/producto\\\/aceite-esencial-de-anis\\\/#breadcrumb\"},\"inLanguage\":\"es\",\"potentialAction\":[{\"@type\":\"ReadAction\",\"target\":[\"https:\\\/\\\/bajaessences.com\\\/wordpress\\\/index.php\\\/producto\\\/aceite-esencial-de-anis\\\/\"]}]},{\"@type\":\"ImageObject\",\"inLanguage\":\"es\",\"@id\":\"https:\\\/\\\/bajaessences.com\\\/wordpress\\\/index.php\\\/producto\\\/aceite-esencial-de-anis\\\/#primaryimage\",\"url\":\"https:\\\/\\\/bajaessences.com\\\/wordpress\\\/wp-content\\\/uploads\\\/2025\\\/11\\\/D_NQ_NP_2X_642148-MLM76559074150_052024-F-1.webp\",\"contentUrl\":\"https:\\\/\\\/bajaessences.com\\\/wordpress\\\/wp-content\\\/uploads\\\/2025\\\/11\\\/D_NQ_NP_2X_642148-MLM76559074150_052024-F-1.webp\",\"width\":1093,\"height\":1053,\"caption\":\"Aceite Esencial de An\u00eds Baja Essences\"},{\"@type\":\"BreadcrumbList\",\"@id\":\"https:\\\/\\\/bajaessences.com\\\/wordpress\\\/index.php\\\/producto\\\/aceite-esencial-de-anis\\\/#breadcrumb\",\"itemListElement\":[{\"@type\":\"ListItem\",\"position\":1,\"name\":\"Inicio\",\"item\":\"https:\\\/\\\/bajaessences.com\\\/wordpress\\\/\"},{\"@type\":\"ListItem\",\"position\":2,\"name\":\"Tienda en L\u00ednea\",\"item\":\"https:\\\/\\\/bajaessences.com\\\/wordpress\\\/index.php\\\/baja-essences-aromaterapia-tienda-en-linea\\\/\"},{\"@type\":\"ListItem\",\"position\":3,\"name\":\"Aceite Esencial de AN\u00cdS Baja Essences\"}]},{\"@type\":\"WebSite\",\"@id\":\"https:\\\/\\\/bajaessences.com\\\/wordpress\\\/#website\",\"url\":\"https:\\\/\\\/bajaessences.com\\\/wordpress\\\/\",\"name\":\"\",\"description\":\"EXPERTOS EN AROMATERAPIA Y PRODUCTOS PARA SPA\",\"potentialAction\":[{\"@type\":\"SearchAction\",\"target\":{\"@type\":\"EntryPoint\",\"urlTemplate\":\"https:\\\/\\\/bajaessences.com\\\/wordpress\\\/?s={search_term_string}\"},\"query-input\":{\"@type\":\"PropertyValueSpecification\",\"valueRequired\":true,\"valueName\":\"search_term_string\"}}],\"inLanguage\":\"es\"}]}<\/script>\n<!-- \/ Yoast SEO plugin. -->","yoast_head_json":{"title":"Aceite Esencial de AN\u00edS Baja Essences","description":"El Aceite Esencial de An\u00eds Baja Essences es conocido por tener muchos beneficios tanto en el sistema nervioso como en las emociones","robots":{"index":"index","follow":"follow","max-snippet":"max-snippet:-1","max-image-preview":"max-image-preview:large","max-video-preview":"max-video-preview:-1"},"canonical":"https:\/\/bajaessences.com\/wordpress\/index.php\/producto\/aceite-esencial-de-anis\/","og_locale":"es_MX","og_type":"article","og_title":"Aceite Esencial de AN\u00edS Baja Essences","og_description":"El Aceite Esencial de An\u00eds Baja Essences es conocido por tener muchos beneficios tanto en el sistema nervioso como en las emociones","og_url":"https:\/\/bajaessences.com\/wordpress\/index.php\/producto\/aceite-esencial-de-anis\/","article_modified_time":"2026-02-23T02:43:11+00:00","og_image":[{"width":1093,"height":1053,"url":"https:\/\/bajaessences.com\/wordpress\/wp-content\/uploads\/2025\/11\/D_NQ_NP_2X_642148-MLM76559074150_052024-F-1.webp","type":"image\/webp"}],"twitter_card":"summary_large_image","twitter_misc":{"Tiempo de lectura":"2 minutos"},"schema":{"@context":"https:\/\/schema.org","@graph":[{"@type":"WebPage","@id":"https:\/\/bajaessences.com\/wordpress\/index.php\/producto\/aceite-esencial-de-anis\/","url":"https:\/\/bajaessences.com\/wordpress\/index.php\/producto\/aceite-esencial-de-anis\/","name":"Aceite Esencial de AN\u00edS Baja Essences","isPartOf":{"@id":"https:\/\/bajaessences.com\/wordpress\/#website"},"primaryImageOfPage":{"@id":"https:\/\/bajaessences.com\/wordpress\/index.php\/producto\/aceite-esencial-de-anis\/#primaryimage"},"image":{"@id":"https:\/\/bajaessences.com\/wordpress\/index.php\/producto\/aceite-esencial-de-anis\/#primaryimage"},"thumbnailUrl":"https:\/\/bajaessences.com\/wordpress\/wp-content\/uploads\/2025\/11\/D_NQ_NP_2X_642148-MLM76559074150_052024-F-1.webp","datePublished":"2025-11-26T04:29:23+00:00","dateModified":"2026-02-23T02:43:11+00:00","description":"El Aceite Esencial de An\u00eds Baja Essences es conocido por tener muchos beneficios tanto en el sistema nervioso como en las emociones","breadcrumb":{"@id":"https:\/\/bajaessences.com\/wordpress\/index.php\/producto\/aceite-esencial-de-anis\/#breadcrumb"},"inLanguage":"es","potentialAction":[{"@type":"ReadAction","target":["https:\/\/bajaessences.com\/wordpress\/index.php\/producto\/aceite-esencial-de-anis\/"]}]},{"@type":"ImageObject","inLanguage":"es","@id":"https:\/\/bajaessences.com\/wordpress\/index.php\/producto\/aceite-esencial-de-anis\/#primaryimage","url":"https:\/\/bajaessences.com\/wordpress\/wp-content\/uploads\/2025\/11\/D_NQ_NP_2X_642148-MLM76559074150_052024-F-1.webp","contentUrl":"https:\/\/bajaessences.com\/wordpress\/wp-content\/uploads\/2025\/11\/D_NQ_NP_2X_642148-MLM76559074150_052024-F-1.webp","width":1093,"height":1053,"caption":"Aceite Esencial de An\u00eds Baja Essences"},{"@type":"BreadcrumbList","@id":"https:\/\/bajaessences.com\/wordpress\/index.php\/producto\/aceite-esencial-de-anis\/#breadcrumb","itemListElement":[{"@type":"ListItem","position":1,"name":"Inicio","item":"https:\/\/bajaessences.com\/wordpress\/"},{"@type":"ListItem","position":2,"name":"Tienda en L\u00ednea","item":"https:\/\/bajaessences.com\/wordpress\/index.php\/baja-essences-aromaterapia-tienda-en-linea\/"},{"@type":"ListItem","position":3,"name":"Aceite Esencial de AN\u00cdS Baja Essences"}]},{"@type":"WebSite","@id":"https:\/\/bajaessences.com\/wordpress\/#website","url":"https:\/\/bajaessences.com\/wordpress\/","name":"","description":"EXPERTOS EN AROMATERAPIA Y PRODUCTOS PARA SPA","potentialAction":[{"@type":"SearchAction","target":{"@type":"EntryPoint","urlTemplate":"https:\/\/bajaessences.com\/wordpress\/?s={search_term_string}"},"query-input":{"@type":"PropertyValueSpecification","valueRequired":true,"valueName":"search_term_string"}}],"inLanguage":"es"}]}},"jetpack_sharing_enabled":true,"_links":{"self":[{"href":"https:\/\/bajaessences.com\/wordpress\/index.php\/wp-json\/wp\/v2\/product\/304","targetHints":{"allow":["GET"]}}],"collection":[{"href":"https:\/\/bajaessences.com\/wordpress\/index.php\/wp-json\/wp\/v2\/product"}],"about":[{"href":"https:\/\/bajaessences.com\/wordpress\/index.php\/wp-json\/wp\/v2\/types\/product"}],"replies":[{"embeddable":true,"href":"https:\/\/bajaessences.com\/wordpress\/index.php\/wp-json\/wp\/v2\/comments?post=304"}],"wp:featuredmedia":[{"embeddable":true,"href":"https:\/\/bajaessences.com\/wordpress\/index.php\/wp-json\/wp\/v2\/media\/308"}],"wp:attachment":[{"href":"https:\/\/bajaessences.com\/wordpress\/index.php\/wp-json\/wp\/v2\/media?parent=304"}],"wp:term":[{"taxonomy":"product_brand","embeddable":true,"href":"https:\/\/bajaessences.com\/wordpress\/index.php\/wp-json\/wp\/v2\/product_brand?post=304"},{"taxonomy":"product_cat","embeddable":true,"href":"https:\/\/bajaessences.com\/wordpress\/index.php\/wp-json\/wp\/v2\/product_cat?post=304"},{"taxonomy":"product_tag","embeddable":true,"href":"https:\/\/bajaessences.com\/wordpress\/index.php\/wp-json\/wp\/v2\/product_tag?post=304"}],"curies":[{"name":"wp","href":"https:\/\/api.w.org\/{rel}","templated":true}]}}