{"id":336,"date":"2026-03-03T22:00:06","date_gmt":"2026-03-03T22:00:06","guid":{"rendered":"https:\/\/bajaessences.com\/wordpress\/?post_type=product&#038;p=336"},"modified":"2026-03-03T22:00:07","modified_gmt":"2026-03-03T22:00:07","slug":"aceite-esencial-de-copal-baja-essences","status":"publish","type":"product","link":"https:\/\/bajaessences.com\/wordpress\/index.php\/producto\/aceite-esencial-de-copal-baja-essences\/","title":{"rendered":"Aceite Esencial de COPAL Baja Essences"},"content":{"rendered":"<blockquote><p><b><i>\u00abHay otros \u00e1rboles de los cuales mana aquella resina blanca que<\/i><\/b><b><i><\/i><\/b><\/p>\n<p><b><i>se llama copal, que es el incienso que ofrec\u00edan a sus dioses. Mucho<\/i><\/b><\/p>\n<p><b><i>de ello se vende ahora en los ti\u00e1nquez, porque es muy bueno para<\/i><\/b><\/p>\n<p><b><i>muchas cosas y es medicinal\u00bb<\/i><\/b><\/p>\n<p><b><i>Fray Bernardino de Sahag\u00fan (alrededor de 1585)<\/i><\/b><\/p>\n<p>&nbsp;<\/p><\/blockquote>\n<p>El\u00a0<b><i>Copal<\/i><\/b>\u00a0es un \u00e1rbol originario de M\u00e9xico, la resina del\u00a0<b><i>Copal<\/i><\/b>\u00a0se obtiene de estos \u00e1rboles o arbusto clasificados por los bot\u00e1nicos dentro del g\u00e9nero\u00a0<b><i>Bursera<\/i><\/b>, que pertenece a la familia\u00a0<b><i>Burseraceae<\/i><\/b>, una familia de plantas que producen aceites y resinas arom\u00e1ticas apreciadas por la humanidad desde la antig\u00fcedad para elaborar inciensos, perfumes y remedios.<\/p>\n<p>En M\u00e9xico existen poco m\u00e1s de 100 especies diferentes de\u00a0<b><i>Bursera<\/i><\/b>. Los estados que tienen una mayor cantidad de tipos distintos de burseras son: Guerrero, Michoac\u00e1n y Oaxaca.\u00a0Los antiguos mexicanos hablantes de n\u00e1huatl, llamaron\u00a0<b><i>copalli\u00a0<\/i><\/b>a las resinas que se usan como incienso, es decir, que se queman para que desprendan su fragancia.<\/p>\n<p>Los\u00a0<b><i>Copales<\/i><\/b>\u00a0son \u00e1rboles de las selvas bajas caducifolias, que es la vegetaci\u00f3n que se desarrolla en los lugares donde hay una sequ\u00eda muy fuerte durante m\u00e1s de cuatro meses al a\u00f1o, lo que hace que los \u00e1rboles tiren todas sus hojas y luego con las lluvias reverdezcan. La mayor\u00eda de los\u00a0<b><i>Copales<\/i><\/b>\u00a0produce flores al principio de la temporada de lluvias, hacia fnes de mayo y principios de junio. Las flores aparecen al mismo tiempo que los renuevos de las hojas. La floraci\u00f3n es r\u00e1pida y hacia finales de junio ya hay futos verdes. La mayor\u00eda de los frutos maduran entre agosto y principios de septiembre.<\/p>\n<p>La extracci\u00f3n del\u00a0<b><i>Aceite Esencial de Copal\u00a0<\/i><\/b>se realiza directamente de la resina desprendida del tronco del \u00e1rbol, una vez seca y solidificada se trata con disolventes y se obtiene por destilaci\u00f3n por arrastre de vapor.<\/p>\n<p>El\u00a0<b><i>Aceite Esencial de Copal\u00a0<\/i><\/b>se utiliza para curar diversos males y dolencias, entre ellos para combatir la tos, la bronquitis y los dolores reum\u00e1ticos.\u00a0Adem\u00e1s de sus propiedades rituales se han reconocido varios usos medicinales en el\u00a0<b><i>Copal<\/i><\/b>, al ser considerado de naturaleza caliente, la resina y las hojas act\u00faan como analg\u00e9sicos y expectorantes.<\/p>\n<p>Los\u00a0<b><i>aceites y resinas de Copal\u00a0<\/i><\/b>son muy utilizados en<i>\u00a0Aromaterapia<\/i>. Estos usos se deben a que el aroma que desprende el\u00a0<b><i>Copal<\/i><\/b>\u00a0provoca respuestas fisiol\u00f3gicas asociadas a est\u00edmulos emocionales y el estado de \u00e1nimo. Saturar el aire con este delicioso perfume antes de cualquier evento en el que se tenga una gran expectativa, proporcionar\u00e1 el clima propicio para recibir el evento que de seguro ser\u00e1 feliz y perfecto.<\/p>\n<p>El\u00a0<b><i>Aceite Esencial de Copal\u00a0<\/i><\/b>es una fragancia dulce, sutil y armonizadora. Su uso como aceite esencial ofrece propiedades depurativas, calmantes, antidepresivo natural, alivia s\u00edntomas propios del reuma, asma, soriasis, artritis y artrosis, entre otros.<\/p>\n<p><b>COMPONENTES PRINCIPALES:\u00a0<\/b>Labdano, copaeno, pineno, limoneno, sabineno, germacreno, ocimeno, limonidilactone<\/p>\n<p><b>ADVERTENCIAS:\u00a0<\/b>No ingerir ni aplicar directamente sobre la piel, diluir previamente sobre una base de aceite vehicular neutro o de almendras. Evitar el contacto con los ojos y mucosas. Mantenerse alejado del alcance de los ni\u00f1os. En caso de hipersensibilidad o irritaci\u00f3n, dejar de utilizar inmediatamente.<\/p>\n<p><b>DERECHOS RESERVADOS DE INFORMACI\u00d3N. Esta informaci\u00f3n est\u00e1 protegida por Copywright y derechos de autor. Est\u00e1 prohibida su utilizaci\u00f3n sin la aprobaci\u00f3n expresa del autor\/propietario:\u00a0<\/b><b>Baja Essences<\/b><b><\/b><\/p>\n","protected":false},"excerpt":{"rendered":"<p>El Aceite Esencial de Copal Baja Essences es perfecto para hacer limpiezas espirituales as\u00ed como es un gran armonizador de espacios<\/p>\n","protected":false},"featured_media":680,"comment_status":"open","ping_status":"closed","template":"","meta":[],"product_brand":[29],"product_cat":[28,19],"product_tag":[156,157,39],"class_list":{"0":"post-336","1":"product","2":"type-product","3":"status-publish","4":"has-post-thumbnail","6":"product_brand-baja-essences-aromaterapia","7":"product_cat-aceites-esenciales-herbales","8":"product_cat-aromaterapia","9":"product_tag-aceite-esencial-de-copal","10":"product_tag-armonizador","11":"product_tag-limpieza-espiritual","12":"product_shipping_class-envio-normal","14":"first","15":"instock","16":"taxable","17":"shipping-taxable","18":"purchasable","19":"product-type-simple"},"yoast_head":"<!-- This site is optimized with the Yoast SEO plugin v27.5 - https:\/\/yoast.com\/product\/yoast-seo-wordpress\/ -->\n<title>Aceite Esencial de Copal Baja Essences<\/title>\n<meta name=\"description\" content=\"El Aceite Esencial de Copal Baja Essences es perfecto para hacer limpiezas espirituales as\u00ed como es un gran armonizador de espacios\" \/>\n<meta name=\"robots\" content=\"index, follow, max-snippet:-1, max-image-preview:large, max-video-preview:-1\" \/>\n<link rel=\"canonical\" href=\"https:\/\/bajaessences.com\/wordpress\/index.php\/producto\/aceite-esencial-de-copal-baja-essences\/\" \/>\n<meta property=\"og:locale\" content=\"es_MX\" \/>\n<meta property=\"og:type\" content=\"article\" \/>\n<meta property=\"og:title\" content=\"Aceite Esencial de Copal Baja Essences\" \/>\n<meta property=\"og:description\" content=\"El Aceite Esencial de Copal Baja Essences es perfecto para hacer limpiezas espirituales as\u00ed como es un gran armonizador de espacios\" \/>\n<meta property=\"og:url\" content=\"https:\/\/bajaessences.com\/wordpress\/index.php\/producto\/aceite-esencial-de-copal-baja-essences\/\" \/>\n<meta property=\"article:modified_time\" content=\"2026-03-03T22:00:07+00:00\" \/>\n<meta property=\"og:image\" content=\"https:\/\/bajaessences.com\/wordpress\/wp-content\/uploads\/2026\/03\/D_NQ_NP_2X_989538-MLM76357604562_052024-F.webp\" \/>\n\t<meta property=\"og:image:width\" content=\"1029\" \/>\n\t<meta property=\"og:image:height\" content=\"838\" \/>\n\t<meta property=\"og:image:type\" content=\"image\/webp\" \/>\n<meta name=\"twitter:card\" content=\"summary_large_image\" \/>\n<meta name=\"twitter:label1\" content=\"Tiempo de lectura\" \/>\n\t<meta name=\"twitter:data1\" content=\"3 minutos\" \/>\n<script type=\"application\/ld+json\" class=\"yoast-schema-graph\">{\"@context\":\"https:\\\/\\\/schema.org\",\"@graph\":[{\"@type\":\"WebPage\",\"@id\":\"https:\\\/\\\/bajaessences.com\\\/wordpress\\\/index.php\\\/producto\\\/aceite-esencial-de-copal-baja-essences\\\/\",\"url\":\"https:\\\/\\\/bajaessences.com\\\/wordpress\\\/index.php\\\/producto\\\/aceite-esencial-de-copal-baja-essences\\\/\",\"name\":\"Aceite Esencial de Copal Baja Essences\",\"isPartOf\":{\"@id\":\"https:\\\/\\\/bajaessences.com\\\/wordpress\\\/#website\"},\"primaryImageOfPage\":{\"@id\":\"https:\\\/\\\/bajaessences.com\\\/wordpress\\\/index.php\\\/producto\\\/aceite-esencial-de-copal-baja-essences\\\/#primaryimage\"},\"image\":{\"@id\":\"https:\\\/\\\/bajaessences.com\\\/wordpress\\\/index.php\\\/producto\\\/aceite-esencial-de-copal-baja-essences\\\/#primaryimage\"},\"thumbnailUrl\":\"https:\\\/\\\/bajaessences.com\\\/wordpress\\\/wp-content\\\/uploads\\\/2026\\\/03\\\/D_NQ_NP_2X_989538-MLM76357604562_052024-F.webp\",\"datePublished\":\"2026-03-03T22:00:06+00:00\",\"dateModified\":\"2026-03-03T22:00:07+00:00\",\"description\":\"El Aceite Esencial de Copal Baja Essences es perfecto para hacer limpiezas espirituales as\u00ed como es un gran armonizador de espacios\",\"breadcrumb\":{\"@id\":\"https:\\\/\\\/bajaessences.com\\\/wordpress\\\/index.php\\\/producto\\\/aceite-esencial-de-copal-baja-essences\\\/#breadcrumb\"},\"inLanguage\":\"es\",\"potentialAction\":[{\"@type\":\"ReadAction\",\"target\":[\"https:\\\/\\\/bajaessences.com\\\/wordpress\\\/index.php\\\/producto\\\/aceite-esencial-de-copal-baja-essences\\\/\"]}]},{\"@type\":\"ImageObject\",\"inLanguage\":\"es\",\"@id\":\"https:\\\/\\\/bajaessences.com\\\/wordpress\\\/index.php\\\/producto\\\/aceite-esencial-de-copal-baja-essences\\\/#primaryimage\",\"url\":\"https:\\\/\\\/bajaessences.com\\\/wordpress\\\/wp-content\\\/uploads\\\/2026\\\/03\\\/D_NQ_NP_2X_989538-MLM76357604562_052024-F.webp\",\"contentUrl\":\"https:\\\/\\\/bajaessences.com\\\/wordpress\\\/wp-content\\\/uploads\\\/2026\\\/03\\\/D_NQ_NP_2X_989538-MLM76357604562_052024-F.webp\",\"width\":1029,\"height\":838,\"caption\":\"El Aceite Esencial de Copal Baja Essences gran armonizador de espacios\"},{\"@type\":\"BreadcrumbList\",\"@id\":\"https:\\\/\\\/bajaessences.com\\\/wordpress\\\/index.php\\\/producto\\\/aceite-esencial-de-copal-baja-essences\\\/#breadcrumb\",\"itemListElement\":[{\"@type\":\"ListItem\",\"position\":1,\"name\":\"Inicio\",\"item\":\"https:\\\/\\\/bajaessences.com\\\/wordpress\\\/\"},{\"@type\":\"ListItem\",\"position\":2,\"name\":\"Tienda en L\u00ednea\",\"item\":\"https:\\\/\\\/bajaessences.com\\\/wordpress\\\/index.php\\\/baja-essences-aromaterapia-tienda-en-linea\\\/\"},{\"@type\":\"ListItem\",\"position\":3,\"name\":\"Aceite Esencial de COPAL Baja Essences\"}]},{\"@type\":\"WebSite\",\"@id\":\"https:\\\/\\\/bajaessences.com\\\/wordpress\\\/#website\",\"url\":\"https:\\\/\\\/bajaessences.com\\\/wordpress\\\/\",\"name\":\"\",\"description\":\"EXPERTOS EN AROMATERAPIA Y PRODUCTOS PARA SPA\",\"potentialAction\":[{\"@type\":\"SearchAction\",\"target\":{\"@type\":\"EntryPoint\",\"urlTemplate\":\"https:\\\/\\\/bajaessences.com\\\/wordpress\\\/?s={search_term_string}\"},\"query-input\":{\"@type\":\"PropertyValueSpecification\",\"valueRequired\":true,\"valueName\":\"search_term_string\"}}],\"inLanguage\":\"es\"}]}<\/script>\n<!-- \/ Yoast SEO plugin. -->","yoast_head_json":{"title":"Aceite Esencial de Copal Baja Essences","description":"El Aceite Esencial de Copal Baja Essences es perfecto para hacer limpiezas espirituales as\u00ed como es un gran armonizador de espacios","robots":{"index":"index","follow":"follow","max-snippet":"max-snippet:-1","max-image-preview":"max-image-preview:large","max-video-preview":"max-video-preview:-1"},"canonical":"https:\/\/bajaessences.com\/wordpress\/index.php\/producto\/aceite-esencial-de-copal-baja-essences\/","og_locale":"es_MX","og_type":"article","og_title":"Aceite Esencial de Copal Baja Essences","og_description":"El Aceite Esencial de Copal Baja Essences es perfecto para hacer limpiezas espirituales as\u00ed como es un gran armonizador de espacios","og_url":"https:\/\/bajaessences.com\/wordpress\/index.php\/producto\/aceite-esencial-de-copal-baja-essences\/","article_modified_time":"2026-03-03T22:00:07+00:00","og_image":[{"width":1029,"height":838,"url":"https:\/\/bajaessences.com\/wordpress\/wp-content\/uploads\/2026\/03\/D_NQ_NP_2X_989538-MLM76357604562_052024-F.webp","type":"image\/webp"}],"twitter_card":"summary_large_image","twitter_misc":{"Tiempo de lectura":"3 minutos"},"schema":{"@context":"https:\/\/schema.org","@graph":[{"@type":"WebPage","@id":"https:\/\/bajaessences.com\/wordpress\/index.php\/producto\/aceite-esencial-de-copal-baja-essences\/","url":"https:\/\/bajaessences.com\/wordpress\/index.php\/producto\/aceite-esencial-de-copal-baja-essences\/","name":"Aceite Esencial de Copal Baja Essences","isPartOf":{"@id":"https:\/\/bajaessences.com\/wordpress\/#website"},"primaryImageOfPage":{"@id":"https:\/\/bajaessences.com\/wordpress\/index.php\/producto\/aceite-esencial-de-copal-baja-essences\/#primaryimage"},"image":{"@id":"https:\/\/bajaessences.com\/wordpress\/index.php\/producto\/aceite-esencial-de-copal-baja-essences\/#primaryimage"},"thumbnailUrl":"https:\/\/bajaessences.com\/wordpress\/wp-content\/uploads\/2026\/03\/D_NQ_NP_2X_989538-MLM76357604562_052024-F.webp","datePublished":"2026-03-03T22:00:06+00:00","dateModified":"2026-03-03T22:00:07+00:00","description":"El Aceite Esencial de Copal Baja Essences es perfecto para hacer limpiezas espirituales as\u00ed como es un gran armonizador de espacios","breadcrumb":{"@id":"https:\/\/bajaessences.com\/wordpress\/index.php\/producto\/aceite-esencial-de-copal-baja-essences\/#breadcrumb"},"inLanguage":"es","potentialAction":[{"@type":"ReadAction","target":["https:\/\/bajaessences.com\/wordpress\/index.php\/producto\/aceite-esencial-de-copal-baja-essences\/"]}]},{"@type":"ImageObject","inLanguage":"es","@id":"https:\/\/bajaessences.com\/wordpress\/index.php\/producto\/aceite-esencial-de-copal-baja-essences\/#primaryimage","url":"https:\/\/bajaessences.com\/wordpress\/wp-content\/uploads\/2026\/03\/D_NQ_NP_2X_989538-MLM76357604562_052024-F.webp","contentUrl":"https:\/\/bajaessences.com\/wordpress\/wp-content\/uploads\/2026\/03\/D_NQ_NP_2X_989538-MLM76357604562_052024-F.webp","width":1029,"height":838,"caption":"El Aceite Esencial de Copal Baja Essences gran armonizador de espacios"},{"@type":"BreadcrumbList","@id":"https:\/\/bajaessences.com\/wordpress\/index.php\/producto\/aceite-esencial-de-copal-baja-essences\/#breadcrumb","itemListElement":[{"@type":"ListItem","position":1,"name":"Inicio","item":"https:\/\/bajaessences.com\/wordpress\/"},{"@type":"ListItem","position":2,"name":"Tienda en L\u00ednea","item":"https:\/\/bajaessences.com\/wordpress\/index.php\/baja-essences-aromaterapia-tienda-en-linea\/"},{"@type":"ListItem","position":3,"name":"Aceite Esencial de COPAL Baja Essences"}]},{"@type":"WebSite","@id":"https:\/\/bajaessences.com\/wordpress\/#website","url":"https:\/\/bajaessences.com\/wordpress\/","name":"","description":"EXPERTOS EN AROMATERAPIA Y PRODUCTOS PARA SPA","potentialAction":[{"@type":"SearchAction","target":{"@type":"EntryPoint","urlTemplate":"https:\/\/bajaessences.com\/wordpress\/?s={search_term_string}"},"query-input":{"@type":"PropertyValueSpecification","valueRequired":true,"valueName":"search_term_string"}}],"inLanguage":"es"}]}},"jetpack_sharing_enabled":true,"_links":{"self":[{"href":"https:\/\/bajaessences.com\/wordpress\/index.php\/wp-json\/wp\/v2\/product\/336","targetHints":{"allow":["GET"]}}],"collection":[{"href":"https:\/\/bajaessences.com\/wordpress\/index.php\/wp-json\/wp\/v2\/product"}],"about":[{"href":"https:\/\/bajaessences.com\/wordpress\/index.php\/wp-json\/wp\/v2\/types\/product"}],"replies":[{"embeddable":true,"href":"https:\/\/bajaessences.com\/wordpress\/index.php\/wp-json\/wp\/v2\/comments?post=336"}],"wp:featuredmedia":[{"embeddable":true,"href":"https:\/\/bajaessences.com\/wordpress\/index.php\/wp-json\/wp\/v2\/media\/680"}],"wp:attachment":[{"href":"https:\/\/bajaessences.com\/wordpress\/index.php\/wp-json\/wp\/v2\/media?parent=336"}],"wp:term":[{"taxonomy":"product_brand","embeddable":true,"href":"https:\/\/bajaessences.com\/wordpress\/index.php\/wp-json\/wp\/v2\/product_brand?post=336"},{"taxonomy":"product_cat","embeddable":true,"href":"https:\/\/bajaessences.com\/wordpress\/index.php\/wp-json\/wp\/v2\/product_cat?post=336"},{"taxonomy":"product_tag","embeddable":true,"href":"https:\/\/bajaessences.com\/wordpress\/index.php\/wp-json\/wp\/v2\/product_tag?post=336"}],"curies":[{"name":"wp","href":"https:\/\/api.w.org\/{rel}","templated":true}]}}