{"id":337,"date":"2026-03-02T01:18:41","date_gmt":"2026-03-02T01:18:41","guid":{"rendered":"https:\/\/bajaessences.com\/wordpress\/?post_type=product&#038;p=337"},"modified":"2026-03-02T01:18:42","modified_gmt":"2026-03-02T01:18:42","slug":"aceite-esencial-de-citronella-baja-essences","status":"publish","type":"product","link":"https:\/\/bajaessences.com\/wordpress\/index.php\/producto\/aceite-esencial-de-citronella-baja-essences\/","title":{"rendered":"Aceite Esencial de CITRONELLA Baja Essences"},"content":{"rendered":"<p>El\u00a0<b><i>Aceite Esencial de Citronela<\/i><\/b><i>\u00a0<\/i>(Citronella) es obtenido por destilaci\u00f3n de la hierba seca cuyo nombre cient\u00edfico es\u00a0<i>Cymbopogon nardus. El\u00a0<\/i><b><i>Aceite Esencial de Citronela\u00a0<\/i><\/b>mantiene alejados a los insectos, especialmente previene los ataques de los mosquitos si previamente se ha friccionando bien la parte expuesta de la piel y su efecto es v\u00e1lido tanto para el hombre como para los animales dom\u00e9sticos.<\/p>\n<p>Dentro de sus propiedades principales destaca que es Antis\u00e9ptico, Antiespasm\u00f3dico, Antidepresivo, Desodorante, Diur\u00e9tico, Insecticida, Estimulante, Parasiticida, Sedante, T\u00f3nico, pues tonifica y estimula el organismo, recobra el tono durante una convalecencia en casos de los trastornos respiratorios, digestivos y genito-urinarios, equilibra y armoniza el sistema nervioso y los sistemas cardiovascular y circulatorio, despeja la mente, aliviando las jaquecas, cefaleas, migra\u00f1as, neuralgias, estimula, refresca y desodora unos pies sudorosos y cansados, combate dolores y molestias de car\u00e1cter reum\u00e1tico y metab\u00f3lico, sus propiedades antis\u00e9pticas resultan \u00fatiles contra los g\u00e9rmenes, empleado con un ambientador o difusor en la habitaci\u00f3n de un enfermo, repele los insectos, tambi\u00e9n \u00fatil para eliminar las pulgas de mascotas.<\/p>\n<p><b>COMPONENTES PRINCIPALES<\/b><b>:\u00a0<\/b>Limoneno, linalol, eugenol, citral, geraniol, farnesol y citronelol.<\/p>\n<p><b>ADVERTENCIAS:\u00a0<\/b>Uso externo,\u00a0se\u00a0recomienda su uso diluido en aceite vehicular neutro o aceite de almendra, no aplicar directamente sobre la piel, no debe ingerirse. Evitar contacto con ojos y mucosas. Mantenerse alejado del alcance de los ni\u00f1os. En caso de hipersensibilidad o irritaci\u00f3n, dejar de utilizar inmediatamente. Todos los\u00a0<i>Aceites Esenciales C\u00edtricos\u00a0<\/i>son\u00a0<b>fotosensibilizantes<\/b>, no exponerse al sol despu\u00e9s de su utilizaci\u00f3n.<\/p>\n<p><b>DERECHOS RESERVADOS DE INFORMACI\u00d3N. Esta informaci\u00f3n est\u00e1 protegida por Copywright y derechos de autor. Est\u00e1 prohibida su utilizaci\u00f3n sin la aprobaci\u00f3n expresa del autor\/propietario:\u00a0<\/b><b>Baja Essences<\/b><\/p>\n","protected":false},"excerpt":{"rendered":"<p>El Aceite Esencial de Citronella Baja Essences es el mejor repelente de mosquitos e insectos que hay, ademas tonifica y estimula el organismo.<\/p>\n","protected":false},"featured_media":672,"comment_status":"open","ping_status":"closed","template":"","meta":[],"product_brand":[29],"product_cat":[15],"product_tag":[],"class_list":{"0":"post-337","1":"product","2":"type-product","3":"status-publish","4":"has-post-thumbnail","6":"product_brand-baja-essences-aromaterapia","7":"product_cat-materiales-holisticos","8":"product_shipping_class-envio-normal","10":"first","11":"instock","12":"taxable","13":"shipping-taxable","14":"purchasable","15":"product-type-simple"},"yoast_head":"<!-- This site is optimized with the Yoast SEO plugin v27.5 - https:\/\/yoast.com\/product\/yoast-seo-wordpress\/ -->\n<title>Aceite Esencial de Citronella Baja Essences<\/title>\n<meta name=\"description\" content=\"El Aceite Esencial de Citronella Baja Essences es el mejor repelente de mosquitos e insectos que hay, ademas tonifica y estimula el organismo\" \/>\n<meta name=\"robots\" content=\"index, follow, max-snippet:-1, max-image-preview:large, max-video-preview:-1\" \/>\n<link rel=\"canonical\" href=\"https:\/\/bajaessences.com\/wordpress\/index.php\/producto\/aceite-esencial-de-citronella-baja-essences\/\" \/>\n<meta property=\"og:locale\" content=\"es_MX\" \/>\n<meta property=\"og:type\" content=\"article\" \/>\n<meta property=\"og:title\" content=\"Aceite Esencial de Citronella Baja Essences\" \/>\n<meta property=\"og:description\" content=\"El Aceite Esencial de Citronella Baja Essences es el mejor repelente de mosquitos e insectos que hay, ademas tonifica y estimula el organismo\" \/>\n<meta property=\"og:url\" content=\"https:\/\/bajaessences.com\/wordpress\/index.php\/producto\/aceite-esencial-de-citronella-baja-essences\/\" \/>\n<meta property=\"article:modified_time\" content=\"2026-03-02T01:18:42+00:00\" \/>\n<meta property=\"og:image\" content=\"https:\/\/bajaessences.com\/wordpress\/wp-content\/uploads\/2026\/03\/D_NQ_NP_2X_972179-MLM76620679245_052024-F.webp\" \/>\n\t<meta property=\"og:image:width\" content=\"940\" \/>\n\t<meta property=\"og:image:height\" content=\"788\" \/>\n\t<meta property=\"og:image:type\" content=\"image\/webp\" \/>\n<meta name=\"twitter:card\" content=\"summary_large_image\" \/>\n<meta name=\"twitter:label1\" content=\"Tiempo de lectura\" \/>\n\t<meta name=\"twitter:data1\" content=\"2 minutos\" \/>\n<script type=\"application\/ld+json\" class=\"yoast-schema-graph\">{\"@context\":\"https:\\\/\\\/schema.org\",\"@graph\":[{\"@type\":\"WebPage\",\"@id\":\"https:\\\/\\\/bajaessences.com\\\/wordpress\\\/index.php\\\/producto\\\/aceite-esencial-de-citronella-baja-essences\\\/\",\"url\":\"https:\\\/\\\/bajaessences.com\\\/wordpress\\\/index.php\\\/producto\\\/aceite-esencial-de-citronella-baja-essences\\\/\",\"name\":\"Aceite Esencial de Citronella Baja Essences\",\"isPartOf\":{\"@id\":\"https:\\\/\\\/bajaessences.com\\\/wordpress\\\/#website\"},\"primaryImageOfPage\":{\"@id\":\"https:\\\/\\\/bajaessences.com\\\/wordpress\\\/index.php\\\/producto\\\/aceite-esencial-de-citronella-baja-essences\\\/#primaryimage\"},\"image\":{\"@id\":\"https:\\\/\\\/bajaessences.com\\\/wordpress\\\/index.php\\\/producto\\\/aceite-esencial-de-citronella-baja-essences\\\/#primaryimage\"},\"thumbnailUrl\":\"https:\\\/\\\/bajaessences.com\\\/wordpress\\\/wp-content\\\/uploads\\\/2026\\\/03\\\/D_NQ_NP_2X_972179-MLM76620679245_052024-F.webp\",\"datePublished\":\"2026-03-02T01:18:41+00:00\",\"dateModified\":\"2026-03-02T01:18:42+00:00\",\"description\":\"El Aceite Esencial de Citronella Baja Essences es el mejor repelente de mosquitos e insectos que hay, ademas tonifica y estimula el organismo\",\"breadcrumb\":{\"@id\":\"https:\\\/\\\/bajaessences.com\\\/wordpress\\\/index.php\\\/producto\\\/aceite-esencial-de-citronella-baja-essences\\\/#breadcrumb\"},\"inLanguage\":\"es\",\"potentialAction\":[{\"@type\":\"ReadAction\",\"target\":[\"https:\\\/\\\/bajaessences.com\\\/wordpress\\\/index.php\\\/producto\\\/aceite-esencial-de-citronella-baja-essences\\\/\"]}]},{\"@type\":\"ImageObject\",\"inLanguage\":\"es\",\"@id\":\"https:\\\/\\\/bajaessences.com\\\/wordpress\\\/index.php\\\/producto\\\/aceite-esencial-de-citronella-baja-essences\\\/#primaryimage\",\"url\":\"https:\\\/\\\/bajaessences.com\\\/wordpress\\\/wp-content\\\/uploads\\\/2026\\\/03\\\/D_NQ_NP_2X_972179-MLM76620679245_052024-F.webp\",\"contentUrl\":\"https:\\\/\\\/bajaessences.com\\\/wordpress\\\/wp-content\\\/uploads\\\/2026\\\/03\\\/D_NQ_NP_2X_972179-MLM76620679245_052024-F.webp\",\"width\":940,\"height\":788,\"caption\":\"El Aceite Esencial de Citronella Baja Essences\"},{\"@type\":\"BreadcrumbList\",\"@id\":\"https:\\\/\\\/bajaessences.com\\\/wordpress\\\/index.php\\\/producto\\\/aceite-esencial-de-citronella-baja-essences\\\/#breadcrumb\",\"itemListElement\":[{\"@type\":\"ListItem\",\"position\":1,\"name\":\"Inicio\",\"item\":\"https:\\\/\\\/bajaessences.com\\\/wordpress\\\/\"},{\"@type\":\"ListItem\",\"position\":2,\"name\":\"Tienda en L\u00ednea\",\"item\":\"https:\\\/\\\/bajaessences.com\\\/wordpress\\\/index.php\\\/baja-essences-aromaterapia-tienda-en-linea\\\/\"},{\"@type\":\"ListItem\",\"position\":3,\"name\":\"Aceite Esencial de CITRONELLA Baja Essences\"}]},{\"@type\":\"WebSite\",\"@id\":\"https:\\\/\\\/bajaessences.com\\\/wordpress\\\/#website\",\"url\":\"https:\\\/\\\/bajaessences.com\\\/wordpress\\\/\",\"name\":\"\",\"description\":\"EXPERTOS EN AROMATERAPIA Y PRODUCTOS PARA SPA\",\"potentialAction\":[{\"@type\":\"SearchAction\",\"target\":{\"@type\":\"EntryPoint\",\"urlTemplate\":\"https:\\\/\\\/bajaessences.com\\\/wordpress\\\/?s={search_term_string}\"},\"query-input\":{\"@type\":\"PropertyValueSpecification\",\"valueRequired\":true,\"valueName\":\"search_term_string\"}}],\"inLanguage\":\"es\"}]}<\/script>\n<!-- \/ Yoast SEO plugin. -->","yoast_head_json":{"title":"Aceite Esencial de Citronella Baja Essences","description":"El Aceite Esencial de Citronella Baja Essences es el mejor repelente de mosquitos e insectos que hay, ademas tonifica y estimula el organismo","robots":{"index":"index","follow":"follow","max-snippet":"max-snippet:-1","max-image-preview":"max-image-preview:large","max-video-preview":"max-video-preview:-1"},"canonical":"https:\/\/bajaessences.com\/wordpress\/index.php\/producto\/aceite-esencial-de-citronella-baja-essences\/","og_locale":"es_MX","og_type":"article","og_title":"Aceite Esencial de Citronella Baja Essences","og_description":"El Aceite Esencial de Citronella Baja Essences es el mejor repelente de mosquitos e insectos que hay, ademas tonifica y estimula el organismo","og_url":"https:\/\/bajaessences.com\/wordpress\/index.php\/producto\/aceite-esencial-de-citronella-baja-essences\/","article_modified_time":"2026-03-02T01:18:42+00:00","og_image":[{"width":940,"height":788,"url":"https:\/\/bajaessences.com\/wordpress\/wp-content\/uploads\/2026\/03\/D_NQ_NP_2X_972179-MLM76620679245_052024-F.webp","type":"image\/webp"}],"twitter_card":"summary_large_image","twitter_misc":{"Tiempo de lectura":"2 minutos"},"schema":{"@context":"https:\/\/schema.org","@graph":[{"@type":"WebPage","@id":"https:\/\/bajaessences.com\/wordpress\/index.php\/producto\/aceite-esencial-de-citronella-baja-essences\/","url":"https:\/\/bajaessences.com\/wordpress\/index.php\/producto\/aceite-esencial-de-citronella-baja-essences\/","name":"Aceite Esencial de Citronella Baja Essences","isPartOf":{"@id":"https:\/\/bajaessences.com\/wordpress\/#website"},"primaryImageOfPage":{"@id":"https:\/\/bajaessences.com\/wordpress\/index.php\/producto\/aceite-esencial-de-citronella-baja-essences\/#primaryimage"},"image":{"@id":"https:\/\/bajaessences.com\/wordpress\/index.php\/producto\/aceite-esencial-de-citronella-baja-essences\/#primaryimage"},"thumbnailUrl":"https:\/\/bajaessences.com\/wordpress\/wp-content\/uploads\/2026\/03\/D_NQ_NP_2X_972179-MLM76620679245_052024-F.webp","datePublished":"2026-03-02T01:18:41+00:00","dateModified":"2026-03-02T01:18:42+00:00","description":"El Aceite Esencial de Citronella Baja Essences es el mejor repelente de mosquitos e insectos que hay, ademas tonifica y estimula el organismo","breadcrumb":{"@id":"https:\/\/bajaessences.com\/wordpress\/index.php\/producto\/aceite-esencial-de-citronella-baja-essences\/#breadcrumb"},"inLanguage":"es","potentialAction":[{"@type":"ReadAction","target":["https:\/\/bajaessences.com\/wordpress\/index.php\/producto\/aceite-esencial-de-citronella-baja-essences\/"]}]},{"@type":"ImageObject","inLanguage":"es","@id":"https:\/\/bajaessences.com\/wordpress\/index.php\/producto\/aceite-esencial-de-citronella-baja-essences\/#primaryimage","url":"https:\/\/bajaessences.com\/wordpress\/wp-content\/uploads\/2026\/03\/D_NQ_NP_2X_972179-MLM76620679245_052024-F.webp","contentUrl":"https:\/\/bajaessences.com\/wordpress\/wp-content\/uploads\/2026\/03\/D_NQ_NP_2X_972179-MLM76620679245_052024-F.webp","width":940,"height":788,"caption":"El Aceite Esencial de Citronella Baja Essences"},{"@type":"BreadcrumbList","@id":"https:\/\/bajaessences.com\/wordpress\/index.php\/producto\/aceite-esencial-de-citronella-baja-essences\/#breadcrumb","itemListElement":[{"@type":"ListItem","position":1,"name":"Inicio","item":"https:\/\/bajaessences.com\/wordpress\/"},{"@type":"ListItem","position":2,"name":"Tienda en L\u00ednea","item":"https:\/\/bajaessences.com\/wordpress\/index.php\/baja-essences-aromaterapia-tienda-en-linea\/"},{"@type":"ListItem","position":3,"name":"Aceite Esencial de CITRONELLA Baja Essences"}]},{"@type":"WebSite","@id":"https:\/\/bajaessences.com\/wordpress\/#website","url":"https:\/\/bajaessences.com\/wordpress\/","name":"","description":"EXPERTOS EN AROMATERAPIA Y PRODUCTOS PARA SPA","potentialAction":[{"@type":"SearchAction","target":{"@type":"EntryPoint","urlTemplate":"https:\/\/bajaessences.com\/wordpress\/?s={search_term_string}"},"query-input":{"@type":"PropertyValueSpecification","valueRequired":true,"valueName":"search_term_string"}}],"inLanguage":"es"}]}},"jetpack_sharing_enabled":true,"_links":{"self":[{"href":"https:\/\/bajaessences.com\/wordpress\/index.php\/wp-json\/wp\/v2\/product\/337","targetHints":{"allow":["GET"]}}],"collection":[{"href":"https:\/\/bajaessences.com\/wordpress\/index.php\/wp-json\/wp\/v2\/product"}],"about":[{"href":"https:\/\/bajaessences.com\/wordpress\/index.php\/wp-json\/wp\/v2\/types\/product"}],"replies":[{"embeddable":true,"href":"https:\/\/bajaessences.com\/wordpress\/index.php\/wp-json\/wp\/v2\/comments?post=337"}],"wp:featuredmedia":[{"embeddable":true,"href":"https:\/\/bajaessences.com\/wordpress\/index.php\/wp-json\/wp\/v2\/media\/672"}],"wp:attachment":[{"href":"https:\/\/bajaessences.com\/wordpress\/index.php\/wp-json\/wp\/v2\/media?parent=337"}],"wp:term":[{"taxonomy":"product_brand","embeddable":true,"href":"https:\/\/bajaessences.com\/wordpress\/index.php\/wp-json\/wp\/v2\/product_brand?post=337"},{"taxonomy":"product_cat","embeddable":true,"href":"https:\/\/bajaessences.com\/wordpress\/index.php\/wp-json\/wp\/v2\/product_cat?post=337"},{"taxonomy":"product_tag","embeddable":true,"href":"https:\/\/bajaessences.com\/wordpress\/index.php\/wp-json\/wp\/v2\/product_tag?post=337"}],"curies":[{"name":"wp","href":"https:\/\/api.w.org\/{rel}","templated":true}]}}