{"id":339,"date":"2026-03-01T01:15:19","date_gmt":"2026-03-01T01:15:19","guid":{"rendered":"https:\/\/bajaessences.com\/wordpress\/?post_type=product&#038;p=339"},"modified":"2026-03-01T01:15:19","modified_gmt":"2026-03-01T01:15:19","slug":"aceite-esencial-de-canela-baja-essences","status":"publish","type":"product","link":"https:\/\/bajaessences.com\/wordpress\/index.php\/producto\/aceite-esencial-de-canela-baja-essences\/","title":{"rendered":"Aceite Esencial de CANELA Baja Essences"},"content":{"rendered":"<p>La\u00a0<b>Canela<\/b>\u00a0es una especia exportada por Oriente desde hace 4000 a\u00f1os, se conoce y utiliza en medicina china desde hace m\u00e1s de 2700 a\u00f1os, es una de las especias\u00a0m\u00e1s antiguamente documentadas\u00a0que han sido utilizadas por el ser humano desde tiempos ancestrales. Su nombre cient\u00edfico es\u00a0<i>Cinnamomum zeylanicum<\/i>o\u00a0<i>Cinnamomum verum.<\/i><i><\/i><\/p>\n<p>El\u00a0<b><i>Aceite Esencial de Canela<\/i><\/b><i>\u00a0<\/i>se obtiene por destilaci\u00f3n con arrastre de vapor de las hojas y ramas tiernas del canelero, que es de la familia\u00a0<i>Lauraceae<\/i>. Es es muy rico en cinamaldeh\u00eddo (ald\u00e9hido arom\u00e1tico).<\/p>\n<p>Nuestro <b><i>Aceite Esencial de Canela<\/i><\/b><i>\u00a0<\/i>es un anti bacterial de amplio espectro, antiviral, fungicida, antiparasitario y anti putrefacci\u00f3n. Es un excelente t\u00f3nico y nos ayudar\u00e1 a combatir eficazmente el cansancio.<\/p>\n<h3>Tambi\u00e9n se le atribuyen propiedades afrodisiacas.<\/h3>\n<p>Otra propiedad importante del Aceite Esencial de Canela Baja Essences es que es fuertemente hiperemiante, es decir, que provoca un gran aporte de sangre y un calentamiento de la zona donde se ha aplicado. La piel enrojece de forma casi inmediata.<\/p>\n<p>Es indicado para cualquier infecci\u00f3n parasitaria, fiebre tropical, diarreas infecciosas, amibiasis, bronquitis, infecciones urinarias. Muy \u00fatil en caso de astenia y somnolencia.<\/p>\n<p>Este aceite esencial NUNCA debe usarse puro en la piel o las mucosas, es muy c\u00e1ustico y debe diluirse SIEMPRE de preferencia en un aceite vehicular neutro (10% de aceite esencial m\u00e1ximo). Tampoco es indicado durante el embarazo y para ni\u00f1os menores de 6 a\u00f1os.<\/p>\n<p><b>COMPONENTES PRINCIPALES:\u00a0<\/b>Benzyl benzoate, cinnamic alcohol, cinnamic aldehyde, eugenol.<\/p>\n<p><b>ADVERTENCIAS:\u00a0<\/b>No aplicar directamente sobre la piel, diluir en una base de aceite neutro (vehicular) o de almendra antes de\u00a0su uso, evitar contacto con ojos y mucosas. Mantener alejado del alcance de los ni\u00f1os. En caso de asma, epilepsia o estar en tratamiento m\u00e9dico, consultar al m\u00e9dico antes de usar el producto.<\/p>\n<p><b>DERECHOS RESERVADOS DE INFORMACI\u00d3N. Esta informaci\u00f3n est\u00e1 protegida por Copywright y derechos de autor. Est\u00e1 prohibida su utilizaci\u00f3n sin la aprobaci\u00f3n expresa del autor\/propietario:\u00a0<\/b><b>Baja Essences<\/b><\/p>\n","protected":false},"excerpt":{"rendered":"<p>El Aceite Esencial de Canela Baja Essences es un gran activante, en un difusor ultras\u00f3nico crea un ambiente hogare\u00f1o y c\u00e1lido.<\/p>\n","protected":false},"featured_media":662,"comment_status":"open","ping_status":"closed","template":"","meta":[],"product_brand":[29],"product_cat":[28,19],"product_tag":[153,154,74],"class_list":{"0":"post-339","1":"product","2":"type-product","3":"status-publish","4":"has-post-thumbnail","6":"product_brand-baja-essences-aromaterapia","7":"product_cat-aceites-esenciales-herbales","8":"product_cat-aromaterapia","9":"product_tag-aceite-esencial-de-canela","10":"product_tag-activante","11":"product_tag-afrodisiaco","12":"product_shipping_class-envio-normal","14":"first","15":"instock","16":"taxable","17":"shipping-taxable","18":"purchasable","19":"product-type-simple"},"yoast_head":"<!-- This site is optimized with the Yoast SEO plugin v27.5 - https:\/\/yoast.com\/product\/yoast-seo-wordpress\/ -->\n<title>Aceite Esencial de Canela Baja Essences<\/title>\n<meta name=\"description\" content=\"El Aceite Esencial de Canela Baja Essences es un gran activante, en un difusor ultras\u00f3nico crea un ambiente hogare\u00f1o y c\u00e1lido\" \/>\n<meta name=\"robots\" content=\"index, follow, max-snippet:-1, max-image-preview:large, max-video-preview:-1\" \/>\n<link rel=\"canonical\" href=\"https:\/\/bajaessences.com\/wordpress\/index.php\/producto\/aceite-esencial-de-canela-baja-essences\/\" \/>\n<meta property=\"og:locale\" content=\"es_MX\" \/>\n<meta property=\"og:type\" content=\"article\" \/>\n<meta property=\"og:title\" content=\"Aceite Esencial de Canela Baja Essences\" \/>\n<meta property=\"og:description\" content=\"El Aceite Esencial de Canela Baja Essences es un gran activante, en un difusor ultras\u00f3nico crea un ambiente hogare\u00f1o y c\u00e1lido\" \/>\n<meta property=\"og:url\" content=\"https:\/\/bajaessences.com\/wordpress\/index.php\/producto\/aceite-esencial-de-canela-baja-essences\/\" \/>\n<meta property=\"og:image\" content=\"https:\/\/bajaessences.com\/wordpress\/wp-content\/uploads\/2026\/03\/D_NQ_NP_2X_696543-MLM76554016489_052024-F.webp\" \/>\n\t<meta property=\"og:image:width\" content=\"940\" \/>\n\t<meta property=\"og:image:height\" content=\"788\" \/>\n\t<meta property=\"og:image:type\" content=\"image\/webp\" \/>\n<meta name=\"twitter:card\" content=\"summary_large_image\" \/>\n<meta name=\"twitter:label1\" content=\"Tiempo de lectura\" \/>\n\t<meta name=\"twitter:data1\" content=\"2 minutos\" \/>\n<script type=\"application\/ld+json\" class=\"yoast-schema-graph\">{\"@context\":\"https:\\\/\\\/schema.org\",\"@graph\":[{\"@type\":\"WebPage\",\"@id\":\"https:\\\/\\\/bajaessences.com\\\/wordpress\\\/index.php\\\/producto\\\/aceite-esencial-de-canela-baja-essences\\\/\",\"url\":\"https:\\\/\\\/bajaessences.com\\\/wordpress\\\/index.php\\\/producto\\\/aceite-esencial-de-canela-baja-essences\\\/\",\"name\":\"Aceite Esencial de Canela Baja Essences\",\"isPartOf\":{\"@id\":\"https:\\\/\\\/bajaessences.com\\\/wordpress\\\/#website\"},\"primaryImageOfPage\":{\"@id\":\"https:\\\/\\\/bajaessences.com\\\/wordpress\\\/index.php\\\/producto\\\/aceite-esencial-de-canela-baja-essences\\\/#primaryimage\"},\"image\":{\"@id\":\"https:\\\/\\\/bajaessences.com\\\/wordpress\\\/index.php\\\/producto\\\/aceite-esencial-de-canela-baja-essences\\\/#primaryimage\"},\"thumbnailUrl\":\"https:\\\/\\\/bajaessences.com\\\/wordpress\\\/wp-content\\\/uploads\\\/2026\\\/03\\\/D_NQ_NP_2X_696543-MLM76554016489_052024-F.webp\",\"datePublished\":\"2026-03-01T01:15:19+00:00\",\"description\":\"El Aceite Esencial de Canela Baja Essences es un gran activante, en un difusor ultras\u00f3nico crea un ambiente hogare\u00f1o y c\u00e1lido\",\"breadcrumb\":{\"@id\":\"https:\\\/\\\/bajaessences.com\\\/wordpress\\\/index.php\\\/producto\\\/aceite-esencial-de-canela-baja-essences\\\/#breadcrumb\"},\"inLanguage\":\"es\",\"potentialAction\":[{\"@type\":\"ReadAction\",\"target\":[\"https:\\\/\\\/bajaessences.com\\\/wordpress\\\/index.php\\\/producto\\\/aceite-esencial-de-canela-baja-essences\\\/\"]}]},{\"@type\":\"ImageObject\",\"inLanguage\":\"es\",\"@id\":\"https:\\\/\\\/bajaessences.com\\\/wordpress\\\/index.php\\\/producto\\\/aceite-esencial-de-canela-baja-essences\\\/#primaryimage\",\"url\":\"https:\\\/\\\/bajaessences.com\\\/wordpress\\\/wp-content\\\/uploads\\\/2026\\\/03\\\/D_NQ_NP_2X_696543-MLM76554016489_052024-F.webp\",\"contentUrl\":\"https:\\\/\\\/bajaessences.com\\\/wordpress\\\/wp-content\\\/uploads\\\/2026\\\/03\\\/D_NQ_NP_2X_696543-MLM76554016489_052024-F.webp\",\"width\":940,\"height\":788,\"caption\":\"Aceite Esencial de Canela Baja Essences\"},{\"@type\":\"BreadcrumbList\",\"@id\":\"https:\\\/\\\/bajaessences.com\\\/wordpress\\\/index.php\\\/producto\\\/aceite-esencial-de-canela-baja-essences\\\/#breadcrumb\",\"itemListElement\":[{\"@type\":\"ListItem\",\"position\":1,\"name\":\"Inicio\",\"item\":\"https:\\\/\\\/bajaessences.com\\\/wordpress\\\/\"},{\"@type\":\"ListItem\",\"position\":2,\"name\":\"Tienda en L\u00ednea\",\"item\":\"https:\\\/\\\/bajaessences.com\\\/wordpress\\\/index.php\\\/baja-essences-aromaterapia-tienda-en-linea\\\/\"},{\"@type\":\"ListItem\",\"position\":3,\"name\":\"Aceite Esencial de CANELA Baja Essences\"}]},{\"@type\":\"WebSite\",\"@id\":\"https:\\\/\\\/bajaessences.com\\\/wordpress\\\/#website\",\"url\":\"https:\\\/\\\/bajaessences.com\\\/wordpress\\\/\",\"name\":\"\",\"description\":\"EXPERTOS EN AROMATERAPIA Y PRODUCTOS PARA SPA\",\"potentialAction\":[{\"@type\":\"SearchAction\",\"target\":{\"@type\":\"EntryPoint\",\"urlTemplate\":\"https:\\\/\\\/bajaessences.com\\\/wordpress\\\/?s={search_term_string}\"},\"query-input\":{\"@type\":\"PropertyValueSpecification\",\"valueRequired\":true,\"valueName\":\"search_term_string\"}}],\"inLanguage\":\"es\"}]}<\/script>\n<!-- \/ Yoast SEO plugin. -->","yoast_head_json":{"title":"Aceite Esencial de Canela Baja Essences","description":"El Aceite Esencial de Canela Baja Essences es un gran activante, en un difusor ultras\u00f3nico crea un ambiente hogare\u00f1o y c\u00e1lido","robots":{"index":"index","follow":"follow","max-snippet":"max-snippet:-1","max-image-preview":"max-image-preview:large","max-video-preview":"max-video-preview:-1"},"canonical":"https:\/\/bajaessences.com\/wordpress\/index.php\/producto\/aceite-esencial-de-canela-baja-essences\/","og_locale":"es_MX","og_type":"article","og_title":"Aceite Esencial de Canela Baja Essences","og_description":"El Aceite Esencial de Canela Baja Essences es un gran activante, en un difusor ultras\u00f3nico crea un ambiente hogare\u00f1o y c\u00e1lido","og_url":"https:\/\/bajaessences.com\/wordpress\/index.php\/producto\/aceite-esencial-de-canela-baja-essences\/","og_image":[{"width":940,"height":788,"url":"https:\/\/bajaessences.com\/wordpress\/wp-content\/uploads\/2026\/03\/D_NQ_NP_2X_696543-MLM76554016489_052024-F.webp","type":"image\/webp"}],"twitter_card":"summary_large_image","twitter_misc":{"Tiempo de lectura":"2 minutos"},"schema":{"@context":"https:\/\/schema.org","@graph":[{"@type":"WebPage","@id":"https:\/\/bajaessences.com\/wordpress\/index.php\/producto\/aceite-esencial-de-canela-baja-essences\/","url":"https:\/\/bajaessences.com\/wordpress\/index.php\/producto\/aceite-esencial-de-canela-baja-essences\/","name":"Aceite Esencial de Canela Baja Essences","isPartOf":{"@id":"https:\/\/bajaessences.com\/wordpress\/#website"},"primaryImageOfPage":{"@id":"https:\/\/bajaessences.com\/wordpress\/index.php\/producto\/aceite-esencial-de-canela-baja-essences\/#primaryimage"},"image":{"@id":"https:\/\/bajaessences.com\/wordpress\/index.php\/producto\/aceite-esencial-de-canela-baja-essences\/#primaryimage"},"thumbnailUrl":"https:\/\/bajaessences.com\/wordpress\/wp-content\/uploads\/2026\/03\/D_NQ_NP_2X_696543-MLM76554016489_052024-F.webp","datePublished":"2026-03-01T01:15:19+00:00","description":"El Aceite Esencial de Canela Baja Essences es un gran activante, en un difusor ultras\u00f3nico crea un ambiente hogare\u00f1o y c\u00e1lido","breadcrumb":{"@id":"https:\/\/bajaessences.com\/wordpress\/index.php\/producto\/aceite-esencial-de-canela-baja-essences\/#breadcrumb"},"inLanguage":"es","potentialAction":[{"@type":"ReadAction","target":["https:\/\/bajaessences.com\/wordpress\/index.php\/producto\/aceite-esencial-de-canela-baja-essences\/"]}]},{"@type":"ImageObject","inLanguage":"es","@id":"https:\/\/bajaessences.com\/wordpress\/index.php\/producto\/aceite-esencial-de-canela-baja-essences\/#primaryimage","url":"https:\/\/bajaessences.com\/wordpress\/wp-content\/uploads\/2026\/03\/D_NQ_NP_2X_696543-MLM76554016489_052024-F.webp","contentUrl":"https:\/\/bajaessences.com\/wordpress\/wp-content\/uploads\/2026\/03\/D_NQ_NP_2X_696543-MLM76554016489_052024-F.webp","width":940,"height":788,"caption":"Aceite Esencial de Canela Baja Essences"},{"@type":"BreadcrumbList","@id":"https:\/\/bajaessences.com\/wordpress\/index.php\/producto\/aceite-esencial-de-canela-baja-essences\/#breadcrumb","itemListElement":[{"@type":"ListItem","position":1,"name":"Inicio","item":"https:\/\/bajaessences.com\/wordpress\/"},{"@type":"ListItem","position":2,"name":"Tienda en L\u00ednea","item":"https:\/\/bajaessences.com\/wordpress\/index.php\/baja-essences-aromaterapia-tienda-en-linea\/"},{"@type":"ListItem","position":3,"name":"Aceite Esencial de CANELA Baja Essences"}]},{"@type":"WebSite","@id":"https:\/\/bajaessences.com\/wordpress\/#website","url":"https:\/\/bajaessences.com\/wordpress\/","name":"","description":"EXPERTOS EN AROMATERAPIA Y PRODUCTOS PARA SPA","potentialAction":[{"@type":"SearchAction","target":{"@type":"EntryPoint","urlTemplate":"https:\/\/bajaessences.com\/wordpress\/?s={search_term_string}"},"query-input":{"@type":"PropertyValueSpecification","valueRequired":true,"valueName":"search_term_string"}}],"inLanguage":"es"}]}},"jetpack_sharing_enabled":true,"_links":{"self":[{"href":"https:\/\/bajaessences.com\/wordpress\/index.php\/wp-json\/wp\/v2\/product\/339","targetHints":{"allow":["GET"]}}],"collection":[{"href":"https:\/\/bajaessences.com\/wordpress\/index.php\/wp-json\/wp\/v2\/product"}],"about":[{"href":"https:\/\/bajaessences.com\/wordpress\/index.php\/wp-json\/wp\/v2\/types\/product"}],"replies":[{"embeddable":true,"href":"https:\/\/bajaessences.com\/wordpress\/index.php\/wp-json\/wp\/v2\/comments?post=339"}],"wp:featuredmedia":[{"embeddable":true,"href":"https:\/\/bajaessences.com\/wordpress\/index.php\/wp-json\/wp\/v2\/media\/662"}],"wp:attachment":[{"href":"https:\/\/bajaessences.com\/wordpress\/index.php\/wp-json\/wp\/v2\/media?parent=339"}],"wp:term":[{"taxonomy":"product_brand","embeddable":true,"href":"https:\/\/bajaessences.com\/wordpress\/index.php\/wp-json\/wp\/v2\/product_brand?post=339"},{"taxonomy":"product_cat","embeddable":true,"href":"https:\/\/bajaessences.com\/wordpress\/index.php\/wp-json\/wp\/v2\/product_cat?post=339"},{"taxonomy":"product_tag","embeddable":true,"href":"https:\/\/bajaessences.com\/wordpress\/index.php\/wp-json\/wp\/v2\/product_tag?post=339"}],"curies":[{"name":"wp","href":"https:\/\/api.w.org\/{rel}","templated":true}]}}