{"id":342,"date":"2026-02-28T20:21:52","date_gmt":"2026-02-28T20:21:52","guid":{"rendered":"https:\/\/bajaessences.com\/wordpress\/?post_type=product&#038;p=342"},"modified":"2026-02-28T20:21:52","modified_gmt":"2026-02-28T20:21:52","slug":"aceite-esencial-de-miel-baja-essences","status":"publish","type":"product","link":"https:\/\/bajaessences.com\/wordpress\/index.php\/producto\/aceite-esencial-de-miel-baja-essences\/","title":{"rendered":"Aceite Esencial de MIEL Baja Essences"},"content":{"rendered":"<p>Aceite Esencial de Miel 100% Natural 100% Puro Baja Essences.<\/p>\n<p>Dulzura Pura: El El\u00edxir de Miel de Baja Essences<\/p>\n<p>Reconecta con la calidez de la naturaleza.<\/p>\n<p>\u00bfAlguna vez has deseado embotellar la luz del sol? El Aceite de Miel de Baja Essences es mucho m\u00e1s que una fragancia; es una invitaci\u00f3n a la calma y al bienestar profundo. Extra\u00eddo cuidadosamente para preservar su aroma amielado, dulce y con sutiles matices florales, este aceite es el puente entre el ajetreo diario y la serenidad absoluta.<\/p>\n<p>Por qu\u00e9 te va a encantar: Aromaterapia para el alma: Su perfil olfativo reduce el estr\u00e9s y promueve una sensaci\u00f3n de seguridad y confort emocional. Es como un abrazo c\u00e1lido en los d\u00edas grises.<\/p>\n<p>Aliado cut\u00e1neo: Conocido por sus propiedades humectantes y regeneradoras, es ideal para enriquecer tus cremas o aceites vehiculares, dejando la piel con un brillo saludable y aterciopelado. Ambientes acogedores: Unas gotas en tu difusor transformar\u00e1n cualquier habitaci\u00f3n en un refugio de paz, evocando la pureza de los campos dorados.<\/p>\n<p>El secreto de Baja Essences: Nuestra esencia captura la riqueza de la miel sin ser empalagosa, manteniendo un equilibrio elegante que deleita los sentidos.<\/p>\n<h3>Beneficios Principales: Crea una atm\u00f3sfera relajante y optimista.<\/h3>\n<p><strong>En tu difusor:<\/strong> Agrega de 5 a 8 gotas para una tarde de lectura o meditaci\u00f3n.<\/p>\n<p><strong>Ba\u00f1o de seda:<\/strong> Mezcla 3 gotas con sales de Epsom para un ba\u00f1o de tina que renueve tu energ\u00eda.<\/p>\n<p><strong>A Nivel T\u00f3pico:<\/strong> Ayuda a suavizar y revitalizar la apariencia de la piel. A\u00f1ade una gota a tu hidratante nocturno para despertar con una piel radiante. Adem\u00e1s el Aceite Esencial de Miel Baja Essences combina perfectamente con nuestros aceite esenciales de c\u00edtricos, maderas y lavanda.<\/p>\n<p>&nbsp;<\/p>\n<p><b>DERECHOS RESERVADOS DE INFORMACI\u00d3N. La informaci\u00f3n e im\u00e1genes estan protegidas por Copywright y derechos de autor. Est\u00e1 prohibida su utilizaci\u00f3n sin la aprobaci\u00f3n expresa del autor\/propietario:\u00a0<\/b><b>Baja Essences<\/b><\/p>\n","protected":false},"excerpt":{"rendered":"<p>El Aceite Esencial de Miel Baja Essences es un aroma muy moderno y elegante con suaves toques dulces muy energizante y optimista<\/p>\n","protected":false},"featured_media":656,"comment_status":"open","ping_status":"closed","template":"","meta":[],"product_brand":[29],"product_cat":[27,19],"product_tag":[149,69,150],"class_list":{"0":"post-342","1":"product","2":"type-product","3":"status-publish","4":"has-post-thumbnail","6":"product_brand-baja-essences-aromaterapia","7":"product_cat-aceites-esenciales-frutales","8":"product_cat-aromaterapia","9":"product_tag-aceite-esencial-de-miel","10":"product_tag-energizante","11":"product_tag-euforizante","12":"product_shipping_class-envio-normal","14":"first","15":"instock","16":"taxable","17":"shipping-taxable","18":"purchasable","19":"product-type-simple"},"yoast_head":"<!-- This site is optimized with the Yoast SEO plugin v27.5 - https:\/\/yoast.com\/product\/yoast-seo-wordpress\/ -->\n<title>Aceite Esencial de Miel Baja Essences<\/title>\n<meta name=\"description\" content=\"El Aceite Esencial de Miel Baja Essences es un aroma muy moderno y elegante con suaves toques dulces muy energizante y optimista\" \/>\n<meta name=\"robots\" content=\"index, follow, max-snippet:-1, max-image-preview:large, max-video-preview:-1\" \/>\n<link rel=\"canonical\" href=\"https:\/\/bajaessences.com\/wordpress\/index.php\/producto\/aceite-esencial-de-miel-baja-essences\/\" \/>\n<meta property=\"og:locale\" content=\"es_MX\" \/>\n<meta property=\"og:type\" content=\"article\" \/>\n<meta property=\"og:title\" content=\"Aceite Esencial de Miel Baja Essences\" \/>\n<meta property=\"og:description\" content=\"El Aceite Esencial de Miel Baja Essences es un aroma muy moderno y elegante con suaves toques dulces muy energizante y optimista\" \/>\n<meta property=\"og:url\" content=\"https:\/\/bajaessences.com\/wordpress\/index.php\/producto\/aceite-esencial-de-miel-baja-essences\/\" \/>\n<meta property=\"og:image\" content=\"https:\/\/bajaessences.com\/wordpress\/wp-content\/uploads\/2026\/02\/D_NQ_NP_2X_922526-MLM106053503502_022026-F.webp\" \/>\n\t<meta property=\"og:image:width\" content=\"378\" \/>\n\t<meta property=\"og:image:height\" content=\"1200\" \/>\n\t<meta property=\"og:image:type\" content=\"image\/webp\" \/>\n<meta name=\"twitter:card\" content=\"summary_large_image\" \/>\n<meta name=\"twitter:label1\" content=\"Tiempo de lectura\" \/>\n\t<meta name=\"twitter:data1\" content=\"2 minutos\" \/>\n<script type=\"application\/ld+json\" class=\"yoast-schema-graph\">{\"@context\":\"https:\\\/\\\/schema.org\",\"@graph\":[{\"@type\":\"WebPage\",\"@id\":\"https:\\\/\\\/bajaessences.com\\\/wordpress\\\/index.php\\\/producto\\\/aceite-esencial-de-miel-baja-essences\\\/\",\"url\":\"https:\\\/\\\/bajaessences.com\\\/wordpress\\\/index.php\\\/producto\\\/aceite-esencial-de-miel-baja-essences\\\/\",\"name\":\"Aceite Esencial de Miel Baja Essences\",\"isPartOf\":{\"@id\":\"https:\\\/\\\/bajaessences.com\\\/wordpress\\\/#website\"},\"primaryImageOfPage\":{\"@id\":\"https:\\\/\\\/bajaessences.com\\\/wordpress\\\/index.php\\\/producto\\\/aceite-esencial-de-miel-baja-essences\\\/#primaryimage\"},\"image\":{\"@id\":\"https:\\\/\\\/bajaessences.com\\\/wordpress\\\/index.php\\\/producto\\\/aceite-esencial-de-miel-baja-essences\\\/#primaryimage\"},\"thumbnailUrl\":\"https:\\\/\\\/bajaessences.com\\\/wordpress\\\/wp-content\\\/uploads\\\/2026\\\/02\\\/D_NQ_NP_2X_922526-MLM106053503502_022026-F.webp\",\"datePublished\":\"2026-02-28T20:21:52+00:00\",\"description\":\"El Aceite Esencial de Miel Baja Essences es un aroma muy moderno y elegante con suaves toques dulces muy energizante y optimista\",\"breadcrumb\":{\"@id\":\"https:\\\/\\\/bajaessences.com\\\/wordpress\\\/index.php\\\/producto\\\/aceite-esencial-de-miel-baja-essences\\\/#breadcrumb\"},\"inLanguage\":\"es\",\"potentialAction\":[{\"@type\":\"ReadAction\",\"target\":[\"https:\\\/\\\/bajaessences.com\\\/wordpress\\\/index.php\\\/producto\\\/aceite-esencial-de-miel-baja-essences\\\/\"]}]},{\"@type\":\"ImageObject\",\"inLanguage\":\"es\",\"@id\":\"https:\\\/\\\/bajaessences.com\\\/wordpress\\\/index.php\\\/producto\\\/aceite-esencial-de-miel-baja-essences\\\/#primaryimage\",\"url\":\"https:\\\/\\\/bajaessences.com\\\/wordpress\\\/wp-content\\\/uploads\\\/2026\\\/02\\\/D_NQ_NP_2X_922526-MLM106053503502_022026-F.webp\",\"contentUrl\":\"https:\\\/\\\/bajaessences.com\\\/wordpress\\\/wp-content\\\/uploads\\\/2026\\\/02\\\/D_NQ_NP_2X_922526-MLM106053503502_022026-F.webp\",\"width\":378,\"height\":1200,\"caption\":\"El Aceite Esencial de Miel Baja Essences\"},{\"@type\":\"BreadcrumbList\",\"@id\":\"https:\\\/\\\/bajaessences.com\\\/wordpress\\\/index.php\\\/producto\\\/aceite-esencial-de-miel-baja-essences\\\/#breadcrumb\",\"itemListElement\":[{\"@type\":\"ListItem\",\"position\":1,\"name\":\"Inicio\",\"item\":\"https:\\\/\\\/bajaessences.com\\\/wordpress\\\/\"},{\"@type\":\"ListItem\",\"position\":2,\"name\":\"Tienda en L\u00ednea\",\"item\":\"https:\\\/\\\/bajaessences.com\\\/wordpress\\\/index.php\\\/baja-essences-aromaterapia-tienda-en-linea\\\/\"},{\"@type\":\"ListItem\",\"position\":3,\"name\":\"Aceite Esencial de MIEL Baja Essences\"}]},{\"@type\":\"WebSite\",\"@id\":\"https:\\\/\\\/bajaessences.com\\\/wordpress\\\/#website\",\"url\":\"https:\\\/\\\/bajaessences.com\\\/wordpress\\\/\",\"name\":\"\",\"description\":\"EXPERTOS EN AROMATERAPIA Y PRODUCTOS PARA SPA\",\"potentialAction\":[{\"@type\":\"SearchAction\",\"target\":{\"@type\":\"EntryPoint\",\"urlTemplate\":\"https:\\\/\\\/bajaessences.com\\\/wordpress\\\/?s={search_term_string}\"},\"query-input\":{\"@type\":\"PropertyValueSpecification\",\"valueRequired\":true,\"valueName\":\"search_term_string\"}}],\"inLanguage\":\"es\"}]}<\/script>\n<!-- \/ Yoast SEO plugin. -->","yoast_head_json":{"title":"Aceite Esencial de Miel Baja Essences","description":"El Aceite Esencial de Miel Baja Essences es un aroma muy moderno y elegante con suaves toques dulces muy energizante y optimista","robots":{"index":"index","follow":"follow","max-snippet":"max-snippet:-1","max-image-preview":"max-image-preview:large","max-video-preview":"max-video-preview:-1"},"canonical":"https:\/\/bajaessences.com\/wordpress\/index.php\/producto\/aceite-esencial-de-miel-baja-essences\/","og_locale":"es_MX","og_type":"article","og_title":"Aceite Esencial de Miel Baja Essences","og_description":"El Aceite Esencial de Miel Baja Essences es un aroma muy moderno y elegante con suaves toques dulces muy energizante y optimista","og_url":"https:\/\/bajaessences.com\/wordpress\/index.php\/producto\/aceite-esencial-de-miel-baja-essences\/","og_image":[{"width":378,"height":1200,"url":"https:\/\/bajaessences.com\/wordpress\/wp-content\/uploads\/2026\/02\/D_NQ_NP_2X_922526-MLM106053503502_022026-F.webp","type":"image\/webp"}],"twitter_card":"summary_large_image","twitter_misc":{"Tiempo de lectura":"2 minutos"},"schema":{"@context":"https:\/\/schema.org","@graph":[{"@type":"WebPage","@id":"https:\/\/bajaessences.com\/wordpress\/index.php\/producto\/aceite-esencial-de-miel-baja-essences\/","url":"https:\/\/bajaessences.com\/wordpress\/index.php\/producto\/aceite-esencial-de-miel-baja-essences\/","name":"Aceite Esencial de Miel Baja Essences","isPartOf":{"@id":"https:\/\/bajaessences.com\/wordpress\/#website"},"primaryImageOfPage":{"@id":"https:\/\/bajaessences.com\/wordpress\/index.php\/producto\/aceite-esencial-de-miel-baja-essences\/#primaryimage"},"image":{"@id":"https:\/\/bajaessences.com\/wordpress\/index.php\/producto\/aceite-esencial-de-miel-baja-essences\/#primaryimage"},"thumbnailUrl":"https:\/\/bajaessences.com\/wordpress\/wp-content\/uploads\/2026\/02\/D_NQ_NP_2X_922526-MLM106053503502_022026-F.webp","datePublished":"2026-02-28T20:21:52+00:00","description":"El Aceite Esencial de Miel Baja Essences es un aroma muy moderno y elegante con suaves toques dulces muy energizante y optimista","breadcrumb":{"@id":"https:\/\/bajaessences.com\/wordpress\/index.php\/producto\/aceite-esencial-de-miel-baja-essences\/#breadcrumb"},"inLanguage":"es","potentialAction":[{"@type":"ReadAction","target":["https:\/\/bajaessences.com\/wordpress\/index.php\/producto\/aceite-esencial-de-miel-baja-essences\/"]}]},{"@type":"ImageObject","inLanguage":"es","@id":"https:\/\/bajaessences.com\/wordpress\/index.php\/producto\/aceite-esencial-de-miel-baja-essences\/#primaryimage","url":"https:\/\/bajaessences.com\/wordpress\/wp-content\/uploads\/2026\/02\/D_NQ_NP_2X_922526-MLM106053503502_022026-F.webp","contentUrl":"https:\/\/bajaessences.com\/wordpress\/wp-content\/uploads\/2026\/02\/D_NQ_NP_2X_922526-MLM106053503502_022026-F.webp","width":378,"height":1200,"caption":"El Aceite Esencial de Miel Baja Essences"},{"@type":"BreadcrumbList","@id":"https:\/\/bajaessences.com\/wordpress\/index.php\/producto\/aceite-esencial-de-miel-baja-essences\/#breadcrumb","itemListElement":[{"@type":"ListItem","position":1,"name":"Inicio","item":"https:\/\/bajaessences.com\/wordpress\/"},{"@type":"ListItem","position":2,"name":"Tienda en L\u00ednea","item":"https:\/\/bajaessences.com\/wordpress\/index.php\/baja-essences-aromaterapia-tienda-en-linea\/"},{"@type":"ListItem","position":3,"name":"Aceite Esencial de MIEL Baja Essences"}]},{"@type":"WebSite","@id":"https:\/\/bajaessences.com\/wordpress\/#website","url":"https:\/\/bajaessences.com\/wordpress\/","name":"","description":"EXPERTOS EN AROMATERAPIA Y PRODUCTOS PARA SPA","potentialAction":[{"@type":"SearchAction","target":{"@type":"EntryPoint","urlTemplate":"https:\/\/bajaessences.com\/wordpress\/?s={search_term_string}"},"query-input":{"@type":"PropertyValueSpecification","valueRequired":true,"valueName":"search_term_string"}}],"inLanguage":"es"}]}},"jetpack_sharing_enabled":true,"_links":{"self":[{"href":"https:\/\/bajaessences.com\/wordpress\/index.php\/wp-json\/wp\/v2\/product\/342","targetHints":{"allow":["GET"]}}],"collection":[{"href":"https:\/\/bajaessences.com\/wordpress\/index.php\/wp-json\/wp\/v2\/product"}],"about":[{"href":"https:\/\/bajaessences.com\/wordpress\/index.php\/wp-json\/wp\/v2\/types\/product"}],"replies":[{"embeddable":true,"href":"https:\/\/bajaessences.com\/wordpress\/index.php\/wp-json\/wp\/v2\/comments?post=342"}],"wp:featuredmedia":[{"embeddable":true,"href":"https:\/\/bajaessences.com\/wordpress\/index.php\/wp-json\/wp\/v2\/media\/656"}],"wp:attachment":[{"href":"https:\/\/bajaessences.com\/wordpress\/index.php\/wp-json\/wp\/v2\/media?parent=342"}],"wp:term":[{"taxonomy":"product_brand","embeddable":true,"href":"https:\/\/bajaessences.com\/wordpress\/index.php\/wp-json\/wp\/v2\/product_brand?post=342"},{"taxonomy":"product_cat","embeddable":true,"href":"https:\/\/bajaessences.com\/wordpress\/index.php\/wp-json\/wp\/v2\/product_cat?post=342"},{"taxonomy":"product_tag","embeddable":true,"href":"https:\/\/bajaessences.com\/wordpress\/index.php\/wp-json\/wp\/v2\/product_tag?post=342"}],"curies":[{"name":"wp","href":"https:\/\/api.w.org\/{rel}","templated":true}]}}