{"id":345,"date":"2026-02-28T01:08:30","date_gmt":"2026-02-28T01:08:30","guid":{"rendered":"https:\/\/bajaessences.com\/wordpress\/?post_type=product&#038;p=345"},"modified":"2026-02-28T01:08:30","modified_gmt":"2026-02-28T01:08:30","slug":"aceite-esencial-de-toronja-baja-essences","status":"publish","type":"product","link":"https:\/\/bajaessences.com\/wordpress\/index.php\/producto\/aceite-esencial-de-toronja-baja-essences\/","title":{"rendered":"Aceite Esencial de TORONJA Baja Essences"},"content":{"rendered":"<p>El\u00a0<i>A<\/i><b><i>ceite Esencial de Toronja<\/i><\/b><i>\u00a0(Citrus Paradisi)<\/i><i>\u00a0<\/i>que pertenece a la familia de las Rut\u00e1ceas, es\u00a0extra\u00eddo por d<i>estilaci\u00f3n\u00a0\u00a0<\/i>de la c\u00e1scara de la\u00a0fruta.\u00a0Es un\u00a0<i>Aceite Esencial\u00a0<\/i>de color amarillo p\u00e1lido con un aroma c\u00edtrico dulce, penetrante muy agradable.<\/p>\n<p>Posee un efecto general vivificador, equilibra el sistema nervioso central, ayuda a estabiliza el estado depresivo, mejora el sue\u00f1o, ayuda a controlar la tensi\u00f3n nerviosa, tonifica la mente, es decir, es un buen antidepresivo. Tambi\u00e9n tiene poder antis\u00e9ptico, anticelul\u00edtico, detoxificante, desinfectante, diur\u00e9tico, y liporeductor.<\/p>\n<p>Gracias al\u00a0<i>A<\/i><b><i>ceite<\/i><\/b><b><i>\u00a0<\/i><\/b><b><i>Esencial<\/i><\/b><b><i>\u00a0<\/i><\/b><b><i>de<\/i><\/b><b><i>\u00a0<\/i><\/b><b><i>Toronja<\/i><\/b>, se puede obtener una mejora en la artritis, gota y otros padecimientos reum\u00e1ticos. Esto es debido a que la<b>\u00a0<\/b><b><i>Toronja<\/i><\/b>\u00a0facilita la eliminaci\u00f3n de sustancias t\u00f3xicas relacionadas con estas enfermedades. De igual manera es buena para controlar la hipertensi\u00f3n, alergias, escorbuto, diabetes, hipoglucemia, inflamaci\u00f3n de pr\u00f3stata y algunas enfermedades de los ojos.<\/p>\n<p><b>PRECAUCIONES:<\/b>\u00a0&#8211;\u00a0Fotosensibilizante &#8211; no aplicar sobre la piel cuando va a tomar sol.<\/p>\n<p><b>COMPONENTES PRINCIPALES:\u00a0<\/b>Nootkatena, toptone (1-p-menteno-8-tiol), limoneno, N-metil-N-fenil-2, metilbutanamid o Gardamide, geraniol.<\/p>\n<p><b>ADVERTENCIAS:\u00a0<\/b>No ingerir ni aplicar directamente sobre la piel, diluir previamente sobre una base de aceite vehicular neutro o de almendras. Evitar el contacto con los ojos y mucosas. Mantenerse alejado del alcance de los ni\u00f1os. En caso de hipersensibilidad o irritaci\u00f3n, dejar de utilizar inmediatamente.<\/p>\n<p><b>DERECHOS RESERVADOS DE INFORMACI\u00d3N. Esta informaci\u00f3n est\u00e1 protegida por Copywright y derechos de autor. Est\u00e1 prohibida su utilizaci\u00f3n sin la aprobaci\u00f3n expresa del autor\/propietario:\u00a0<\/b><b>Baja Essences<\/b><\/p>\n","protected":false},"excerpt":{"rendered":"<p>El Aceite Esencial de Toronja Baja Essences ayuda a controlar la tensi\u00f3n nerviosa, buen antidepresivo y es un gran anticelul\u00edtico<\/p>\n","protected":false},"featured_media":639,"comment_status":"open","ping_status":"closed","template":"","meta":[],"product_brand":[29],"product_cat":[27,19],"product_tag":[145,146,129],"class_list":{"0":"post-345","1":"product","2":"type-product","3":"status-publish","4":"has-post-thumbnail","6":"product_brand-baja-essences-aromaterapia","7":"product_cat-aceites-esenciales-frutales","8":"product_cat-aromaterapia","9":"product_tag-aceite-esencial-de-toronja","10":"product_tag-anticelulitico","11":"product_tag-antidepresivo","12":"product_shipping_class-envio-normal","14":"first","15":"instock","16":"taxable","17":"shipping-taxable","18":"purchasable","19":"product-type-simple"},"yoast_head":"<!-- This site is optimized with the Yoast SEO plugin v27.5 - https:\/\/yoast.com\/product\/yoast-seo-wordpress\/ -->\n<title>Aceite Esencial de Toronja Baja Essences<\/title>\n<meta name=\"description\" content=\"El Aceite Esencial de Toronja Baja Essences ayuda a controlar la tensi\u00f3n nerviosa, buen antidepresivo y es un gran anticelul\u00edtico\" \/>\n<meta name=\"robots\" content=\"index, follow, max-snippet:-1, max-image-preview:large, max-video-preview:-1\" \/>\n<link rel=\"canonical\" href=\"https:\/\/bajaessences.com\/wordpress\/index.php\/producto\/aceite-esencial-de-toronja-baja-essences\/\" \/>\n<meta property=\"og:locale\" content=\"es_MX\" \/>\n<meta property=\"og:type\" content=\"article\" \/>\n<meta property=\"og:title\" content=\"Aceite Esencial de Toronja Baja Essences\" \/>\n<meta property=\"og:description\" content=\"El Aceite Esencial de Toronja Baja Essences ayuda a controlar la tensi\u00f3n nerviosa, buen antidepresivo y es un gran anticelul\u00edtico\" \/>\n<meta property=\"og:url\" content=\"https:\/\/bajaessences.com\/wordpress\/index.php\/producto\/aceite-esencial-de-toronja-baja-essences\/\" \/>\n<meta property=\"og:image\" content=\"https:\/\/bajaessences.com\/wordpress\/wp-content\/uploads\/2026\/02\/D_NQ_NP_2X_719971-MLM90447767077_082025-F.webp\" \/>\n\t<meta property=\"og:image:width\" content=\"1029\" \/>\n\t<meta property=\"og:image:height\" content=\"788\" \/>\n\t<meta property=\"og:image:type\" content=\"image\/webp\" \/>\n<meta name=\"twitter:card\" content=\"summary_large_image\" \/>\n<meta name=\"twitter:label1\" content=\"Tiempo de lectura\" \/>\n\t<meta name=\"twitter:data1\" content=\"2 minutos\" \/>\n<script type=\"application\/ld+json\" class=\"yoast-schema-graph\">{\"@context\":\"https:\\\/\\\/schema.org\",\"@graph\":[{\"@type\":\"WebPage\",\"@id\":\"https:\\\/\\\/bajaessences.com\\\/wordpress\\\/index.php\\\/producto\\\/aceite-esencial-de-toronja-baja-essences\\\/\",\"url\":\"https:\\\/\\\/bajaessences.com\\\/wordpress\\\/index.php\\\/producto\\\/aceite-esencial-de-toronja-baja-essences\\\/\",\"name\":\"Aceite Esencial de Toronja Baja Essences\",\"isPartOf\":{\"@id\":\"https:\\\/\\\/bajaessences.com\\\/wordpress\\\/#website\"},\"primaryImageOfPage\":{\"@id\":\"https:\\\/\\\/bajaessences.com\\\/wordpress\\\/index.php\\\/producto\\\/aceite-esencial-de-toronja-baja-essences\\\/#primaryimage\"},\"image\":{\"@id\":\"https:\\\/\\\/bajaessences.com\\\/wordpress\\\/index.php\\\/producto\\\/aceite-esencial-de-toronja-baja-essences\\\/#primaryimage\"},\"thumbnailUrl\":\"https:\\\/\\\/bajaessences.com\\\/wordpress\\\/wp-content\\\/uploads\\\/2026\\\/02\\\/D_NQ_NP_2X_719971-MLM90447767077_082025-F.webp\",\"datePublished\":\"2026-02-28T01:08:30+00:00\",\"description\":\"El Aceite Esencial de Toronja Baja Essences ayuda a controlar la tensi\u00f3n nerviosa, buen antidepresivo y es un gran anticelul\u00edtico\",\"breadcrumb\":{\"@id\":\"https:\\\/\\\/bajaessences.com\\\/wordpress\\\/index.php\\\/producto\\\/aceite-esencial-de-toronja-baja-essences\\\/#breadcrumb\"},\"inLanguage\":\"es\",\"potentialAction\":[{\"@type\":\"ReadAction\",\"target\":[\"https:\\\/\\\/bajaessences.com\\\/wordpress\\\/index.php\\\/producto\\\/aceite-esencial-de-toronja-baja-essences\\\/\"]}]},{\"@type\":\"ImageObject\",\"inLanguage\":\"es\",\"@id\":\"https:\\\/\\\/bajaessences.com\\\/wordpress\\\/index.php\\\/producto\\\/aceite-esencial-de-toronja-baja-essences\\\/#primaryimage\",\"url\":\"https:\\\/\\\/bajaessences.com\\\/wordpress\\\/wp-content\\\/uploads\\\/2026\\\/02\\\/D_NQ_NP_2X_719971-MLM90447767077_082025-F.webp\",\"contentUrl\":\"https:\\\/\\\/bajaessences.com\\\/wordpress\\\/wp-content\\\/uploads\\\/2026\\\/02\\\/D_NQ_NP_2X_719971-MLM90447767077_082025-F.webp\",\"width\":1029,\"height\":788,\"caption\":\"El Aceite Esencial de Toronja Baja Essences\"},{\"@type\":\"BreadcrumbList\",\"@id\":\"https:\\\/\\\/bajaessences.com\\\/wordpress\\\/index.php\\\/producto\\\/aceite-esencial-de-toronja-baja-essences\\\/#breadcrumb\",\"itemListElement\":[{\"@type\":\"ListItem\",\"position\":1,\"name\":\"Inicio\",\"item\":\"https:\\\/\\\/bajaessences.com\\\/wordpress\\\/\"},{\"@type\":\"ListItem\",\"position\":2,\"name\":\"Tienda en L\u00ednea\",\"item\":\"https:\\\/\\\/bajaessences.com\\\/wordpress\\\/index.php\\\/baja-essences-aromaterapia-tienda-en-linea\\\/\"},{\"@type\":\"ListItem\",\"position\":3,\"name\":\"Aceite Esencial de TORONJA Baja Essences\"}]},{\"@type\":\"WebSite\",\"@id\":\"https:\\\/\\\/bajaessences.com\\\/wordpress\\\/#website\",\"url\":\"https:\\\/\\\/bajaessences.com\\\/wordpress\\\/\",\"name\":\"\",\"description\":\"EXPERTOS EN AROMATERAPIA Y PRODUCTOS PARA SPA\",\"potentialAction\":[{\"@type\":\"SearchAction\",\"target\":{\"@type\":\"EntryPoint\",\"urlTemplate\":\"https:\\\/\\\/bajaessences.com\\\/wordpress\\\/?s={search_term_string}\"},\"query-input\":{\"@type\":\"PropertyValueSpecification\",\"valueRequired\":true,\"valueName\":\"search_term_string\"}}],\"inLanguage\":\"es\"}]}<\/script>\n<!-- \/ Yoast SEO plugin. -->","yoast_head_json":{"title":"Aceite Esencial de Toronja Baja Essences","description":"El Aceite Esencial de Toronja Baja Essences ayuda a controlar la tensi\u00f3n nerviosa, buen antidepresivo y es un gran anticelul\u00edtico","robots":{"index":"index","follow":"follow","max-snippet":"max-snippet:-1","max-image-preview":"max-image-preview:large","max-video-preview":"max-video-preview:-1"},"canonical":"https:\/\/bajaessences.com\/wordpress\/index.php\/producto\/aceite-esencial-de-toronja-baja-essences\/","og_locale":"es_MX","og_type":"article","og_title":"Aceite Esencial de Toronja Baja Essences","og_description":"El Aceite Esencial de Toronja Baja Essences ayuda a controlar la tensi\u00f3n nerviosa, buen antidepresivo y es un gran anticelul\u00edtico","og_url":"https:\/\/bajaessences.com\/wordpress\/index.php\/producto\/aceite-esencial-de-toronja-baja-essences\/","og_image":[{"width":1029,"height":788,"url":"https:\/\/bajaessences.com\/wordpress\/wp-content\/uploads\/2026\/02\/D_NQ_NP_2X_719971-MLM90447767077_082025-F.webp","type":"image\/webp"}],"twitter_card":"summary_large_image","twitter_misc":{"Tiempo de lectura":"2 minutos"},"schema":{"@context":"https:\/\/schema.org","@graph":[{"@type":"WebPage","@id":"https:\/\/bajaessences.com\/wordpress\/index.php\/producto\/aceite-esencial-de-toronja-baja-essences\/","url":"https:\/\/bajaessences.com\/wordpress\/index.php\/producto\/aceite-esencial-de-toronja-baja-essences\/","name":"Aceite Esencial de Toronja Baja Essences","isPartOf":{"@id":"https:\/\/bajaessences.com\/wordpress\/#website"},"primaryImageOfPage":{"@id":"https:\/\/bajaessences.com\/wordpress\/index.php\/producto\/aceite-esencial-de-toronja-baja-essences\/#primaryimage"},"image":{"@id":"https:\/\/bajaessences.com\/wordpress\/index.php\/producto\/aceite-esencial-de-toronja-baja-essences\/#primaryimage"},"thumbnailUrl":"https:\/\/bajaessences.com\/wordpress\/wp-content\/uploads\/2026\/02\/D_NQ_NP_2X_719971-MLM90447767077_082025-F.webp","datePublished":"2026-02-28T01:08:30+00:00","description":"El Aceite Esencial de Toronja Baja Essences ayuda a controlar la tensi\u00f3n nerviosa, buen antidepresivo y es un gran anticelul\u00edtico","breadcrumb":{"@id":"https:\/\/bajaessences.com\/wordpress\/index.php\/producto\/aceite-esencial-de-toronja-baja-essences\/#breadcrumb"},"inLanguage":"es","potentialAction":[{"@type":"ReadAction","target":["https:\/\/bajaessences.com\/wordpress\/index.php\/producto\/aceite-esencial-de-toronja-baja-essences\/"]}]},{"@type":"ImageObject","inLanguage":"es","@id":"https:\/\/bajaessences.com\/wordpress\/index.php\/producto\/aceite-esencial-de-toronja-baja-essences\/#primaryimage","url":"https:\/\/bajaessences.com\/wordpress\/wp-content\/uploads\/2026\/02\/D_NQ_NP_2X_719971-MLM90447767077_082025-F.webp","contentUrl":"https:\/\/bajaessences.com\/wordpress\/wp-content\/uploads\/2026\/02\/D_NQ_NP_2X_719971-MLM90447767077_082025-F.webp","width":1029,"height":788,"caption":"El Aceite Esencial de Toronja Baja Essences"},{"@type":"BreadcrumbList","@id":"https:\/\/bajaessences.com\/wordpress\/index.php\/producto\/aceite-esencial-de-toronja-baja-essences\/#breadcrumb","itemListElement":[{"@type":"ListItem","position":1,"name":"Inicio","item":"https:\/\/bajaessences.com\/wordpress\/"},{"@type":"ListItem","position":2,"name":"Tienda en L\u00ednea","item":"https:\/\/bajaessences.com\/wordpress\/index.php\/baja-essences-aromaterapia-tienda-en-linea\/"},{"@type":"ListItem","position":3,"name":"Aceite Esencial de TORONJA Baja Essences"}]},{"@type":"WebSite","@id":"https:\/\/bajaessences.com\/wordpress\/#website","url":"https:\/\/bajaessences.com\/wordpress\/","name":"","description":"EXPERTOS EN AROMATERAPIA Y PRODUCTOS PARA SPA","potentialAction":[{"@type":"SearchAction","target":{"@type":"EntryPoint","urlTemplate":"https:\/\/bajaessences.com\/wordpress\/?s={search_term_string}"},"query-input":{"@type":"PropertyValueSpecification","valueRequired":true,"valueName":"search_term_string"}}],"inLanguage":"es"}]}},"jetpack_sharing_enabled":true,"_links":{"self":[{"href":"https:\/\/bajaessences.com\/wordpress\/index.php\/wp-json\/wp\/v2\/product\/345","targetHints":{"allow":["GET"]}}],"collection":[{"href":"https:\/\/bajaessences.com\/wordpress\/index.php\/wp-json\/wp\/v2\/product"}],"about":[{"href":"https:\/\/bajaessences.com\/wordpress\/index.php\/wp-json\/wp\/v2\/types\/product"}],"replies":[{"embeddable":true,"href":"https:\/\/bajaessences.com\/wordpress\/index.php\/wp-json\/wp\/v2\/comments?post=345"}],"wp:featuredmedia":[{"embeddable":true,"href":"https:\/\/bajaessences.com\/wordpress\/index.php\/wp-json\/wp\/v2\/media\/639"}],"wp:attachment":[{"href":"https:\/\/bajaessences.com\/wordpress\/index.php\/wp-json\/wp\/v2\/media?parent=345"}],"wp:term":[{"taxonomy":"product_brand","embeddable":true,"href":"https:\/\/bajaessences.com\/wordpress\/index.php\/wp-json\/wp\/v2\/product_brand?post=345"},{"taxonomy":"product_cat","embeddable":true,"href":"https:\/\/bajaessences.com\/wordpress\/index.php\/wp-json\/wp\/v2\/product_cat?post=345"},{"taxonomy":"product_tag","embeddable":true,"href":"https:\/\/bajaessences.com\/wordpress\/index.php\/wp-json\/wp\/v2\/product_tag?post=345"}],"curies":[{"name":"wp","href":"https:\/\/api.w.org\/{rel}","templated":true}]}}