{"id":349,"date":"2026-02-27T20:28:15","date_gmt":"2026-02-27T20:28:15","guid":{"rendered":"https:\/\/bajaessences.com\/wordpress\/?post_type=product&#038;p=349"},"modified":"2026-02-27T20:28:16","modified_gmt":"2026-02-27T20:28:16","slug":"aceite-esencial-de-naranja-baja-essences","status":"publish","type":"product","link":"https:\/\/bajaessences.com\/wordpress\/index.php\/producto\/aceite-esencial-de-naranja-baja-essences\/","title":{"rendered":"Aceite Esencial de NARANJA Baja Essences"},"content":{"rendered":"<p>El\u00a0<b><i>Aceite Esencial de Naranja<\/i><\/b><i>\u00a0<\/i><b><i>(Citrus Sinensis\u00a0<\/i><\/b><i>&#8211;<\/i>\u00a0de la familia de los c\u00edtricos<b>)<\/b>\u00a0se extrae de la corteza del fruto (c\u00e1scara) por presi\u00f3n del mismo. Es un aceite esencial extraordinario que posee un aroma a perfume c\u00e1lido y agradable. El\u00a0<b><i>Aceite Esencial de Naranja<\/i><\/b><i>\u00a0<\/i>es ideal para tratamientos cut\u00e1neos pues entre sus m\u00faltiples propiedades est\u00e1 la de suavizar y tonificar la piel y como un elemento de lucha contra la celulitis. Tiene excelentes propiedades relajantes y calmantes que ayudan a tranquilizar el sistema nervioso. El\u00a0<b><i>Aceite Esencial de Naranja<\/i><\/b><i>\u00a0<\/i>ayuda a la concentraci\u00f3n y a despertar los sentidos provocando un sistema de \u00e1nimo alegre y tranquilo. Es un aceite anti-depresivo, anti-espasm\u00f3dico, ayuda a la buena circulaci\u00f3n, combate la celulitis, v\u00e1rices, calambres, ayuda a combatir el insomnio, es antiespasm\u00f3dico y sedante.<\/p>\n<p><b>COMPONENTES PRINCIPALES:\u00a0<\/b>Citral, citronedal, limoneno, sinensal<\/p>\n<p><b>ADVERTENCIAS:\u00a0<\/b>No ingerir ni aplicar directamente sobre la piel, diluir previamente sobre una base de aceite vehicular neutro o de almendras. Evitar el contacto con los ojos y mucosas. Mantenerse alejado del alcance de los ni\u00f1os. En caso de hipersensibilidad o irritaci\u00f3n, dejar de utilizar inmediatamente.<\/p>\n<p><b>DERECHOS RESERVADOS DE INFORMACI\u00d3N. Esta informaci\u00f3n est\u00e1 protegida por Copywright y derechos de autor. Est\u00e1 prohibida su utilizaci\u00f3n sin la aprobaci\u00f3n expresa del autor\/propietario:\u00a0<\/b><b>Baja Essences<\/b><\/p>\n","protected":false},"excerpt":{"rendered":"<p>El Aceite Esencial de Naranja Baja Essences es un aroma c\u00edtrico muy elegante que combina la acidez con una punta de dulzor, perfecto para oficinas y tiendas<\/p>\n","protected":false},"featured_media":612,"comment_status":"open","ping_status":"closed","template":"","meta":[],"product_brand":[29],"product_cat":[27,19],"product_tag":[140,141],"class_list":{"0":"post-349","1":"product","2":"type-product","3":"status-publish","4":"has-post-thumbnail","6":"product_brand-baja-essences-aromaterapia","7":"product_cat-aceites-esenciales-frutales","8":"product_cat-aromaterapia","9":"product_tag-aceite-esencial-de-naranja","10":"product_tag-aroma-citrico","11":"product_shipping_class-envio-normal","13":"first","14":"instock","15":"taxable","16":"shipping-taxable","17":"purchasable","18":"product-type-simple"},"yoast_head":"<!-- This site is optimized with the Yoast SEO plugin v27.5 - https:\/\/yoast.com\/product\/yoast-seo-wordpress\/ -->\n<title>Aceite Esencial de Naranja Baja Essences<\/title>\n<meta name=\"description\" content=\"El Aceite Esencial de Naranja Baja Essences es un aroma c\u00edtrico muy elegante que combina la acidez con una punta de dulzor, perfecto para oficinas y tiendas\" \/>\n<meta name=\"robots\" content=\"index, follow, max-snippet:-1, max-image-preview:large, max-video-preview:-1\" \/>\n<link rel=\"canonical\" href=\"https:\/\/bajaessences.com\/wordpress\/index.php\/producto\/aceite-esencial-de-naranja-baja-essences\/\" \/>\n<meta property=\"og:locale\" content=\"es_MX\" \/>\n<meta property=\"og:type\" content=\"article\" \/>\n<meta property=\"og:title\" content=\"Aceite Esencial de Naranja Baja Essences\" \/>\n<meta property=\"og:description\" content=\"El Aceite Esencial de Naranja Baja Essences es un aroma c\u00edtrico muy elegante que combina la acidez con una punta de dulzor, perfecto para oficinas y tiendas\" \/>\n<meta property=\"og:url\" content=\"https:\/\/bajaessences.com\/wordpress\/index.php\/producto\/aceite-esencial-de-naranja-baja-essences\/\" \/>\n<meta property=\"article:modified_time\" content=\"2026-02-27T20:28:16+00:00\" \/>\n<meta property=\"og:image\" content=\"https:\/\/bajaessences.com\/wordpress\/wp-content\/uploads\/2026\/02\/D_NQ_NP_2X_984497-MLM76739110127_052024-F.webp\" \/>\n\t<meta property=\"og:image:width\" content=\"940\" \/>\n\t<meta property=\"og:image:height\" content=\"788\" \/>\n\t<meta property=\"og:image:type\" content=\"image\/webp\" \/>\n<meta name=\"twitter:card\" content=\"summary_large_image\" \/>\n<meta name=\"twitter:label1\" content=\"Tiempo de lectura\" \/>\n\t<meta name=\"twitter:data1\" content=\"2 minutos\" \/>\n<script type=\"application\/ld+json\" class=\"yoast-schema-graph\">{\"@context\":\"https:\\\/\\\/schema.org\",\"@graph\":[{\"@type\":\"WebPage\",\"@id\":\"https:\\\/\\\/bajaessences.com\\\/wordpress\\\/index.php\\\/producto\\\/aceite-esencial-de-naranja-baja-essences\\\/\",\"url\":\"https:\\\/\\\/bajaessences.com\\\/wordpress\\\/index.php\\\/producto\\\/aceite-esencial-de-naranja-baja-essences\\\/\",\"name\":\"Aceite Esencial de Naranja Baja Essences\",\"isPartOf\":{\"@id\":\"https:\\\/\\\/bajaessences.com\\\/wordpress\\\/#website\"},\"primaryImageOfPage\":{\"@id\":\"https:\\\/\\\/bajaessences.com\\\/wordpress\\\/index.php\\\/producto\\\/aceite-esencial-de-naranja-baja-essences\\\/#primaryimage\"},\"image\":{\"@id\":\"https:\\\/\\\/bajaessences.com\\\/wordpress\\\/index.php\\\/producto\\\/aceite-esencial-de-naranja-baja-essences\\\/#primaryimage\"},\"thumbnailUrl\":\"https:\\\/\\\/bajaessences.com\\\/wordpress\\\/wp-content\\\/uploads\\\/2026\\\/02\\\/D_NQ_NP_2X_984497-MLM76739110127_052024-F.webp\",\"datePublished\":\"2026-02-27T20:28:15+00:00\",\"dateModified\":\"2026-02-27T20:28:16+00:00\",\"description\":\"El Aceite Esencial de Naranja Baja Essences es un aroma c\u00edtrico muy elegante que combina la acidez con una punta de dulzor, perfecto para oficinas y tiendas\",\"breadcrumb\":{\"@id\":\"https:\\\/\\\/bajaessences.com\\\/wordpress\\\/index.php\\\/producto\\\/aceite-esencial-de-naranja-baja-essences\\\/#breadcrumb\"},\"inLanguage\":\"es\",\"potentialAction\":[{\"@type\":\"ReadAction\",\"target\":[\"https:\\\/\\\/bajaessences.com\\\/wordpress\\\/index.php\\\/producto\\\/aceite-esencial-de-naranja-baja-essences\\\/\"]}]},{\"@type\":\"ImageObject\",\"inLanguage\":\"es\",\"@id\":\"https:\\\/\\\/bajaessences.com\\\/wordpress\\\/index.php\\\/producto\\\/aceite-esencial-de-naranja-baja-essences\\\/#primaryimage\",\"url\":\"https:\\\/\\\/bajaessences.com\\\/wordpress\\\/wp-content\\\/uploads\\\/2026\\\/02\\\/D_NQ_NP_2X_984497-MLM76739110127_052024-F.webp\",\"contentUrl\":\"https:\\\/\\\/bajaessences.com\\\/wordpress\\\/wp-content\\\/uploads\\\/2026\\\/02\\\/D_NQ_NP_2X_984497-MLM76739110127_052024-F.webp\",\"width\":940,\"height\":788,\"caption\":\"El Aceite Esencial de Naranja Baja Essences\"},{\"@type\":\"BreadcrumbList\",\"@id\":\"https:\\\/\\\/bajaessences.com\\\/wordpress\\\/index.php\\\/producto\\\/aceite-esencial-de-naranja-baja-essences\\\/#breadcrumb\",\"itemListElement\":[{\"@type\":\"ListItem\",\"position\":1,\"name\":\"Inicio\",\"item\":\"https:\\\/\\\/bajaessences.com\\\/wordpress\\\/\"},{\"@type\":\"ListItem\",\"position\":2,\"name\":\"Tienda en L\u00ednea\",\"item\":\"https:\\\/\\\/bajaessences.com\\\/wordpress\\\/index.php\\\/baja-essences-aromaterapia-tienda-en-linea\\\/\"},{\"@type\":\"ListItem\",\"position\":3,\"name\":\"Aceite Esencial de NARANJA Baja Essences\"}]},{\"@type\":\"WebSite\",\"@id\":\"https:\\\/\\\/bajaessences.com\\\/wordpress\\\/#website\",\"url\":\"https:\\\/\\\/bajaessences.com\\\/wordpress\\\/\",\"name\":\"\",\"description\":\"EXPERTOS EN AROMATERAPIA Y PRODUCTOS PARA SPA\",\"potentialAction\":[{\"@type\":\"SearchAction\",\"target\":{\"@type\":\"EntryPoint\",\"urlTemplate\":\"https:\\\/\\\/bajaessences.com\\\/wordpress\\\/?s={search_term_string}\"},\"query-input\":{\"@type\":\"PropertyValueSpecification\",\"valueRequired\":true,\"valueName\":\"search_term_string\"}}],\"inLanguage\":\"es\"}]}<\/script>\n<!-- \/ Yoast SEO plugin. -->","yoast_head_json":{"title":"Aceite Esencial de Naranja Baja Essences","description":"El Aceite Esencial de Naranja Baja Essences es un aroma c\u00edtrico muy elegante que combina la acidez con una punta de dulzor, perfecto para oficinas y tiendas","robots":{"index":"index","follow":"follow","max-snippet":"max-snippet:-1","max-image-preview":"max-image-preview:large","max-video-preview":"max-video-preview:-1"},"canonical":"https:\/\/bajaessences.com\/wordpress\/index.php\/producto\/aceite-esencial-de-naranja-baja-essences\/","og_locale":"es_MX","og_type":"article","og_title":"Aceite Esencial de Naranja Baja Essences","og_description":"El Aceite Esencial de Naranja Baja Essences es un aroma c\u00edtrico muy elegante que combina la acidez con una punta de dulzor, perfecto para oficinas y tiendas","og_url":"https:\/\/bajaessences.com\/wordpress\/index.php\/producto\/aceite-esencial-de-naranja-baja-essences\/","article_modified_time":"2026-02-27T20:28:16+00:00","og_image":[{"width":940,"height":788,"url":"https:\/\/bajaessences.com\/wordpress\/wp-content\/uploads\/2026\/02\/D_NQ_NP_2X_984497-MLM76739110127_052024-F.webp","type":"image\/webp"}],"twitter_card":"summary_large_image","twitter_misc":{"Tiempo de lectura":"2 minutos"},"schema":{"@context":"https:\/\/schema.org","@graph":[{"@type":"WebPage","@id":"https:\/\/bajaessences.com\/wordpress\/index.php\/producto\/aceite-esencial-de-naranja-baja-essences\/","url":"https:\/\/bajaessences.com\/wordpress\/index.php\/producto\/aceite-esencial-de-naranja-baja-essences\/","name":"Aceite Esencial de Naranja Baja Essences","isPartOf":{"@id":"https:\/\/bajaessences.com\/wordpress\/#website"},"primaryImageOfPage":{"@id":"https:\/\/bajaessences.com\/wordpress\/index.php\/producto\/aceite-esencial-de-naranja-baja-essences\/#primaryimage"},"image":{"@id":"https:\/\/bajaessences.com\/wordpress\/index.php\/producto\/aceite-esencial-de-naranja-baja-essences\/#primaryimage"},"thumbnailUrl":"https:\/\/bajaessences.com\/wordpress\/wp-content\/uploads\/2026\/02\/D_NQ_NP_2X_984497-MLM76739110127_052024-F.webp","datePublished":"2026-02-27T20:28:15+00:00","dateModified":"2026-02-27T20:28:16+00:00","description":"El Aceite Esencial de Naranja Baja Essences es un aroma c\u00edtrico muy elegante que combina la acidez con una punta de dulzor, perfecto para oficinas y tiendas","breadcrumb":{"@id":"https:\/\/bajaessences.com\/wordpress\/index.php\/producto\/aceite-esencial-de-naranja-baja-essences\/#breadcrumb"},"inLanguage":"es","potentialAction":[{"@type":"ReadAction","target":["https:\/\/bajaessences.com\/wordpress\/index.php\/producto\/aceite-esencial-de-naranja-baja-essences\/"]}]},{"@type":"ImageObject","inLanguage":"es","@id":"https:\/\/bajaessences.com\/wordpress\/index.php\/producto\/aceite-esencial-de-naranja-baja-essences\/#primaryimage","url":"https:\/\/bajaessences.com\/wordpress\/wp-content\/uploads\/2026\/02\/D_NQ_NP_2X_984497-MLM76739110127_052024-F.webp","contentUrl":"https:\/\/bajaessences.com\/wordpress\/wp-content\/uploads\/2026\/02\/D_NQ_NP_2X_984497-MLM76739110127_052024-F.webp","width":940,"height":788,"caption":"El Aceite Esencial de Naranja Baja Essences"},{"@type":"BreadcrumbList","@id":"https:\/\/bajaessences.com\/wordpress\/index.php\/producto\/aceite-esencial-de-naranja-baja-essences\/#breadcrumb","itemListElement":[{"@type":"ListItem","position":1,"name":"Inicio","item":"https:\/\/bajaessences.com\/wordpress\/"},{"@type":"ListItem","position":2,"name":"Tienda en L\u00ednea","item":"https:\/\/bajaessences.com\/wordpress\/index.php\/baja-essences-aromaterapia-tienda-en-linea\/"},{"@type":"ListItem","position":3,"name":"Aceite Esencial de NARANJA Baja Essences"}]},{"@type":"WebSite","@id":"https:\/\/bajaessences.com\/wordpress\/#website","url":"https:\/\/bajaessences.com\/wordpress\/","name":"","description":"EXPERTOS EN AROMATERAPIA Y PRODUCTOS PARA SPA","potentialAction":[{"@type":"SearchAction","target":{"@type":"EntryPoint","urlTemplate":"https:\/\/bajaessences.com\/wordpress\/?s={search_term_string}"},"query-input":{"@type":"PropertyValueSpecification","valueRequired":true,"valueName":"search_term_string"}}],"inLanguage":"es"}]}},"jetpack_sharing_enabled":true,"_links":{"self":[{"href":"https:\/\/bajaessences.com\/wordpress\/index.php\/wp-json\/wp\/v2\/product\/349","targetHints":{"allow":["GET"]}}],"collection":[{"href":"https:\/\/bajaessences.com\/wordpress\/index.php\/wp-json\/wp\/v2\/product"}],"about":[{"href":"https:\/\/bajaessences.com\/wordpress\/index.php\/wp-json\/wp\/v2\/types\/product"}],"replies":[{"embeddable":true,"href":"https:\/\/bajaessences.com\/wordpress\/index.php\/wp-json\/wp\/v2\/comments?post=349"}],"wp:featuredmedia":[{"embeddable":true,"href":"https:\/\/bajaessences.com\/wordpress\/index.php\/wp-json\/wp\/v2\/media\/612"}],"wp:attachment":[{"href":"https:\/\/bajaessences.com\/wordpress\/index.php\/wp-json\/wp\/v2\/media?parent=349"}],"wp:term":[{"taxonomy":"product_brand","embeddable":true,"href":"https:\/\/bajaessences.com\/wordpress\/index.php\/wp-json\/wp\/v2\/product_brand?post=349"},{"taxonomy":"product_cat","embeddable":true,"href":"https:\/\/bajaessences.com\/wordpress\/index.php\/wp-json\/wp\/v2\/product_cat?post=349"},{"taxonomy":"product_tag","embeddable":true,"href":"https:\/\/bajaessences.com\/wordpress\/index.php\/wp-json\/wp\/v2\/product_tag?post=349"}],"curies":[{"name":"wp","href":"https:\/\/api.w.org\/{rel}","templated":true}]}}