{"id":355,"date":"2026-02-24T00:32:56","date_gmt":"2026-02-24T00:32:56","guid":{"rendered":"https:\/\/bajaessences.com\/wordpress\/?post_type=product&#038;p=355"},"modified":"2026-02-24T00:32:57","modified_gmt":"2026-02-24T00:32:57","slug":"aceite-esencial-de-limon-baja-essences","status":"publish","type":"product","link":"https:\/\/bajaessences.com\/wordpress\/index.php\/producto\/aceite-esencial-de-limon-baja-essences\/","title":{"rendered":"Aceite Esencial de LIM\u00d3N Baja Essences"},"content":{"rendered":"<p>El\u00a0<b><i>Aceite Esencial de Lim\u00f3n\u00a0<\/i><\/b><i>(Citrus limon -Rutaceae)<\/i><b>\u00a0<\/b>es extra\u00eddo de la c\u00e1scara del fruto a trav\u00e9s de un prensado en fr\u00edo. El\u00a0limonero\u00a0 es una planta peque\u00f1a originaria del Himalaya, pero ya en la Antig\u00fcedad\u00a0se introdujo en el \u00e1rea mediterr\u00e1nea, las ramas son espinosas y las hojas son de color verde claro, los limones se cultivan principalmente para su jugo.\u00a0Italia es uno de los principales exportadores.<\/p>\n<p>Sin embargo, la caracter\u00edstica de sabor a lim\u00f3n se debe a que el Aceite Esencial de la c\u00e1scara\u00a0est\u00e1 dominada por el aldeh\u00eddo citral. Este aceite esencial destaca por sus m\u00faltiples virtudes por ser anti an\u00e9mico, antimicrobiano, antirreum\u00e1tico, anti escler\u00f3tico, antiescorb\u00fatico, antis\u00e9ptico, antiespasm\u00f3dico, antit\u00f3xico, astringente, bactericida, carminativo, cicatrizante, depurativo, diafor\u00e9tico, diur\u00e9tico, febr\u00edfugo, hipotensor, hemost\u00e1tico, insecticida, rubefaciente, estimula la formaci\u00f3n de los gl\u00f3bulos blancos es t\u00f3nico y verm\u00edfugo.<\/p>\n<p>Lo podemos utilizar en acn\u00e9, anemia, u\u00f1as quebradizas, fur\u00fanculos, saba\u00f1ones, callos, cortes, pieles grasas, herpes, picaduras de insectos, \u00falceras bucales, granos, venas varicosas, verrugas, artritis, celulitis, tensi\u00f3n arterial alta, sangrado de la nariz, obesidad, mala circulaci\u00f3n, reumatismo, asma, infecciones de garganta, bronquitis, catarro, dispepsia, resfriado, fiebre e infecciones.<\/p>\n<p>El\u00a0<i>Aceite Esencial de Lim\u00f3n\u00a0<\/i>combina bien con los aceites de lavanda, neroli, ylang-ylang, rosa, s\u00e1ndalo, incienso, manzanilla, benju\u00ed, hinojo, geranio, eucalipto y\u00a0enebro entro otros.<\/p>\n<p><b>COMPONENTES PRINCIAPLES:\u00a0<\/b>Limoneno, geraniol, nerol, aldeh\u00eddo alif\u00e1tico lineal (C7-C13), \u00e1cido oleico.<\/p>\n<p><b>ADVERTENCIAS:\u00a0<\/b>No ingerir ni aplicar directamente sobre la piel, diluir previamente sobre una base de aceite vehicular neutro o de almendras. Evitar el contacto con los ojos y mucosas. Mantenerse alejado del alcance de los ni\u00f1os. En caso de hipersensibilidad o irritaci\u00f3n, dejar de utilizar inmediatamente.<\/p>\n<p><b>DERECHOS RESERVADOS DE INFORMACI\u00d3N. Esta informaci\u00f3n est\u00e1 protegida por Copywright y derechos de autor. Est\u00e1 prohibida su utilizaci\u00f3n sin la aprobaci\u00f3n expresa del autor\/propietario:\u00a0<\/b><b>Baja Essences<\/b><\/p>\n","protected":false},"excerpt":{"rendered":"<p>El Aceite Esencial de Lim\u00f3n Baja Essences es perfecto para cuando queremos refrescar un espacio adem\u00e1s tiene propiedades antirreum\u00e1ticas y anti escler\u00f3ticas.<\/p>\n","protected":false},"featured_media":574,"comment_status":"open","ping_status":"closed","template":"","meta":[],"product_brand":[29],"product_cat":[27,19],"product_tag":[125,127,126],"class_list":{"0":"post-355","1":"product","2":"type-product","3":"status-publish","4":"has-post-thumbnail","6":"product_brand-baja-essences-aromaterapia","7":"product_cat-aceites-esenciales-frutales","8":"product_cat-aromaterapia","9":"product_tag-aceite-esencial-de-limon","10":"product_tag-antirreumatico","11":"product_tag-aroma-fresco","12":"product_shipping_class-envio-normal","14":"first","15":"instock","16":"taxable","17":"shipping-taxable","18":"purchasable","19":"product-type-simple"},"yoast_head":"<!-- This site is optimized with the Yoast SEO plugin v27.5 - https:\/\/yoast.com\/product\/yoast-seo-wordpress\/ -->\n<title>Aceite Esencial de Lim\u00f3n Baja Essences<\/title>\n<meta name=\"description\" content=\"El Aceite Esencial de Lim\u00f3n Baja Essences tiene un olor c\u00edtrico fresco y caracter\u00edstico, adem\u00e1s es antirreum\u00e1tico y anti escler\u00f3tico.\" \/>\n<meta name=\"robots\" content=\"index, follow, max-snippet:-1, max-image-preview:large, max-video-preview:-1\" \/>\n<link rel=\"canonical\" href=\"https:\/\/bajaessences.com\/wordpress\/index.php\/producto\/aceite-esencial-de-limon-baja-essences\/\" \/>\n<meta property=\"og:locale\" content=\"es_MX\" \/>\n<meta property=\"og:type\" content=\"article\" \/>\n<meta property=\"og:title\" content=\"Aceite Esencial de Lim\u00f3n Baja Essences\" \/>\n<meta property=\"og:description\" content=\"El Aceite Esencial de Lim\u00f3n Baja Essences tiene un olor c\u00edtrico fresco y caracter\u00edstico, adem\u00e1s es antirreum\u00e1tico y anti escler\u00f3tico.\" \/>\n<meta property=\"og:url\" content=\"https:\/\/bajaessences.com\/wordpress\/index.php\/producto\/aceite-esencial-de-limon-baja-essences\/\" \/>\n<meta property=\"article:modified_time\" content=\"2026-02-24T00:32:57+00:00\" \/>\n<meta property=\"og:image\" content=\"https:\/\/bajaessences.com\/wordpress\/wp-content\/uploads\/2025\/11\/D_NQ_NP_2X_837651-MLM76518858162_052024-F.webp\" \/>\n\t<meta property=\"og:image:width\" content=\"940\" \/>\n\t<meta property=\"og:image:height\" content=\"865\" \/>\n\t<meta property=\"og:image:type\" content=\"image\/webp\" \/>\n<meta name=\"twitter:card\" content=\"summary_large_image\" \/>\n<meta name=\"twitter:label1\" content=\"Tiempo de lectura\" \/>\n\t<meta name=\"twitter:data1\" content=\"2 minutos\" \/>\n<script type=\"application\/ld+json\" class=\"yoast-schema-graph\">{\"@context\":\"https:\\\/\\\/schema.org\",\"@graph\":[{\"@type\":\"WebPage\",\"@id\":\"https:\\\/\\\/bajaessences.com\\\/wordpress\\\/index.php\\\/producto\\\/aceite-esencial-de-limon-baja-essences\\\/\",\"url\":\"https:\\\/\\\/bajaessences.com\\\/wordpress\\\/index.php\\\/producto\\\/aceite-esencial-de-limon-baja-essences\\\/\",\"name\":\"Aceite Esencial de Lim\u00f3n Baja Essences\",\"isPartOf\":{\"@id\":\"https:\\\/\\\/bajaessences.com\\\/wordpress\\\/#website\"},\"primaryImageOfPage\":{\"@id\":\"https:\\\/\\\/bajaessences.com\\\/wordpress\\\/index.php\\\/producto\\\/aceite-esencial-de-limon-baja-essences\\\/#primaryimage\"},\"image\":{\"@id\":\"https:\\\/\\\/bajaessences.com\\\/wordpress\\\/index.php\\\/producto\\\/aceite-esencial-de-limon-baja-essences\\\/#primaryimage\"},\"thumbnailUrl\":\"https:\\\/\\\/bajaessences.com\\\/wordpress\\\/wp-content\\\/uploads\\\/2025\\\/11\\\/D_NQ_NP_2X_837651-MLM76518858162_052024-F.webp\",\"datePublished\":\"2026-02-24T00:32:56+00:00\",\"dateModified\":\"2026-02-24T00:32:57+00:00\",\"description\":\"El Aceite Esencial de Lim\u00f3n Baja Essences tiene un olor c\u00edtrico fresco y caracter\u00edstico, adem\u00e1s es antirreum\u00e1tico y anti escler\u00f3tico.\",\"breadcrumb\":{\"@id\":\"https:\\\/\\\/bajaessences.com\\\/wordpress\\\/index.php\\\/producto\\\/aceite-esencial-de-limon-baja-essences\\\/#breadcrumb\"},\"inLanguage\":\"es\",\"potentialAction\":[{\"@type\":\"ReadAction\",\"target\":[\"https:\\\/\\\/bajaessences.com\\\/wordpress\\\/index.php\\\/producto\\\/aceite-esencial-de-limon-baja-essences\\\/\"]}]},{\"@type\":\"ImageObject\",\"inLanguage\":\"es\",\"@id\":\"https:\\\/\\\/bajaessences.com\\\/wordpress\\\/index.php\\\/producto\\\/aceite-esencial-de-limon-baja-essences\\\/#primaryimage\",\"url\":\"https:\\\/\\\/bajaessences.com\\\/wordpress\\\/wp-content\\\/uploads\\\/2025\\\/11\\\/D_NQ_NP_2X_837651-MLM76518858162_052024-F.webp\",\"contentUrl\":\"https:\\\/\\\/bajaessences.com\\\/wordpress\\\/wp-content\\\/uploads\\\/2025\\\/11\\\/D_NQ_NP_2X_837651-MLM76518858162_052024-F.webp\",\"width\":940,\"height\":865,\"caption\":\"Aceite Esencial de Lim\u00f3n Baja Essences.\"},{\"@type\":\"BreadcrumbList\",\"@id\":\"https:\\\/\\\/bajaessences.com\\\/wordpress\\\/index.php\\\/producto\\\/aceite-esencial-de-limon-baja-essences\\\/#breadcrumb\",\"itemListElement\":[{\"@type\":\"ListItem\",\"position\":1,\"name\":\"Inicio\",\"item\":\"https:\\\/\\\/bajaessences.com\\\/wordpress\\\/\"},{\"@type\":\"ListItem\",\"position\":2,\"name\":\"Tienda en L\u00ednea\",\"item\":\"https:\\\/\\\/bajaessences.com\\\/wordpress\\\/index.php\\\/baja-essences-aromaterapia-tienda-en-linea\\\/\"},{\"@type\":\"ListItem\",\"position\":3,\"name\":\"Aceite Esencial de LIM\u00d3N Baja Essences\"}]},{\"@type\":\"WebSite\",\"@id\":\"https:\\\/\\\/bajaessences.com\\\/wordpress\\\/#website\",\"url\":\"https:\\\/\\\/bajaessences.com\\\/wordpress\\\/\",\"name\":\"\",\"description\":\"EXPERTOS EN AROMATERAPIA Y PRODUCTOS PARA SPA\",\"potentialAction\":[{\"@type\":\"SearchAction\",\"target\":{\"@type\":\"EntryPoint\",\"urlTemplate\":\"https:\\\/\\\/bajaessences.com\\\/wordpress\\\/?s={search_term_string}\"},\"query-input\":{\"@type\":\"PropertyValueSpecification\",\"valueRequired\":true,\"valueName\":\"search_term_string\"}}],\"inLanguage\":\"es\"}]}<\/script>\n<!-- \/ Yoast SEO plugin. -->","yoast_head_json":{"title":"Aceite Esencial de Lim\u00f3n Baja Essences","description":"El Aceite Esencial de Lim\u00f3n Baja Essences tiene un olor c\u00edtrico fresco y caracter\u00edstico, adem\u00e1s es antirreum\u00e1tico y anti escler\u00f3tico.","robots":{"index":"index","follow":"follow","max-snippet":"max-snippet:-1","max-image-preview":"max-image-preview:large","max-video-preview":"max-video-preview:-1"},"canonical":"https:\/\/bajaessences.com\/wordpress\/index.php\/producto\/aceite-esencial-de-limon-baja-essences\/","og_locale":"es_MX","og_type":"article","og_title":"Aceite Esencial de Lim\u00f3n Baja Essences","og_description":"El Aceite Esencial de Lim\u00f3n Baja Essences tiene un olor c\u00edtrico fresco y caracter\u00edstico, adem\u00e1s es antirreum\u00e1tico y anti escler\u00f3tico.","og_url":"https:\/\/bajaessences.com\/wordpress\/index.php\/producto\/aceite-esencial-de-limon-baja-essences\/","article_modified_time":"2026-02-24T00:32:57+00:00","og_image":[{"width":940,"height":865,"url":"https:\/\/bajaessences.com\/wordpress\/wp-content\/uploads\/2025\/11\/D_NQ_NP_2X_837651-MLM76518858162_052024-F.webp","type":"image\/webp"}],"twitter_card":"summary_large_image","twitter_misc":{"Tiempo de lectura":"2 minutos"},"schema":{"@context":"https:\/\/schema.org","@graph":[{"@type":"WebPage","@id":"https:\/\/bajaessences.com\/wordpress\/index.php\/producto\/aceite-esencial-de-limon-baja-essences\/","url":"https:\/\/bajaessences.com\/wordpress\/index.php\/producto\/aceite-esencial-de-limon-baja-essences\/","name":"Aceite Esencial de Lim\u00f3n Baja Essences","isPartOf":{"@id":"https:\/\/bajaessences.com\/wordpress\/#website"},"primaryImageOfPage":{"@id":"https:\/\/bajaessences.com\/wordpress\/index.php\/producto\/aceite-esencial-de-limon-baja-essences\/#primaryimage"},"image":{"@id":"https:\/\/bajaessences.com\/wordpress\/index.php\/producto\/aceite-esencial-de-limon-baja-essences\/#primaryimage"},"thumbnailUrl":"https:\/\/bajaessences.com\/wordpress\/wp-content\/uploads\/2025\/11\/D_NQ_NP_2X_837651-MLM76518858162_052024-F.webp","datePublished":"2026-02-24T00:32:56+00:00","dateModified":"2026-02-24T00:32:57+00:00","description":"El Aceite Esencial de Lim\u00f3n Baja Essences tiene un olor c\u00edtrico fresco y caracter\u00edstico, adem\u00e1s es antirreum\u00e1tico y anti escler\u00f3tico.","breadcrumb":{"@id":"https:\/\/bajaessences.com\/wordpress\/index.php\/producto\/aceite-esencial-de-limon-baja-essences\/#breadcrumb"},"inLanguage":"es","potentialAction":[{"@type":"ReadAction","target":["https:\/\/bajaessences.com\/wordpress\/index.php\/producto\/aceite-esencial-de-limon-baja-essences\/"]}]},{"@type":"ImageObject","inLanguage":"es","@id":"https:\/\/bajaessences.com\/wordpress\/index.php\/producto\/aceite-esencial-de-limon-baja-essences\/#primaryimage","url":"https:\/\/bajaessences.com\/wordpress\/wp-content\/uploads\/2025\/11\/D_NQ_NP_2X_837651-MLM76518858162_052024-F.webp","contentUrl":"https:\/\/bajaessences.com\/wordpress\/wp-content\/uploads\/2025\/11\/D_NQ_NP_2X_837651-MLM76518858162_052024-F.webp","width":940,"height":865,"caption":"Aceite Esencial de Lim\u00f3n Baja Essences."},{"@type":"BreadcrumbList","@id":"https:\/\/bajaessences.com\/wordpress\/index.php\/producto\/aceite-esencial-de-limon-baja-essences\/#breadcrumb","itemListElement":[{"@type":"ListItem","position":1,"name":"Inicio","item":"https:\/\/bajaessences.com\/wordpress\/"},{"@type":"ListItem","position":2,"name":"Tienda en L\u00ednea","item":"https:\/\/bajaessences.com\/wordpress\/index.php\/baja-essences-aromaterapia-tienda-en-linea\/"},{"@type":"ListItem","position":3,"name":"Aceite Esencial de LIM\u00d3N Baja Essences"}]},{"@type":"WebSite","@id":"https:\/\/bajaessences.com\/wordpress\/#website","url":"https:\/\/bajaessences.com\/wordpress\/","name":"","description":"EXPERTOS EN AROMATERAPIA Y PRODUCTOS PARA SPA","potentialAction":[{"@type":"SearchAction","target":{"@type":"EntryPoint","urlTemplate":"https:\/\/bajaessences.com\/wordpress\/?s={search_term_string}"},"query-input":{"@type":"PropertyValueSpecification","valueRequired":true,"valueName":"search_term_string"}}],"inLanguage":"es"}]}},"jetpack_sharing_enabled":true,"_links":{"self":[{"href":"https:\/\/bajaessences.com\/wordpress\/index.php\/wp-json\/wp\/v2\/product\/355","targetHints":{"allow":["GET"]}}],"collection":[{"href":"https:\/\/bajaessences.com\/wordpress\/index.php\/wp-json\/wp\/v2\/product"}],"about":[{"href":"https:\/\/bajaessences.com\/wordpress\/index.php\/wp-json\/wp\/v2\/types\/product"}],"replies":[{"embeddable":true,"href":"https:\/\/bajaessences.com\/wordpress\/index.php\/wp-json\/wp\/v2\/comments?post=355"}],"wp:featuredmedia":[{"embeddable":true,"href":"https:\/\/bajaessences.com\/wordpress\/index.php\/wp-json\/wp\/v2\/media\/574"}],"wp:attachment":[{"href":"https:\/\/bajaessences.com\/wordpress\/index.php\/wp-json\/wp\/v2\/media?parent=355"}],"wp:term":[{"taxonomy":"product_brand","embeddable":true,"href":"https:\/\/bajaessences.com\/wordpress\/index.php\/wp-json\/wp\/v2\/product_brand?post=355"},{"taxonomy":"product_cat","embeddable":true,"href":"https:\/\/bajaessences.com\/wordpress\/index.php\/wp-json\/wp\/v2\/product_cat?post=355"},{"taxonomy":"product_tag","embeddable":true,"href":"https:\/\/bajaessences.com\/wordpress\/index.php\/wp-json\/wp\/v2\/product_tag?post=355"}],"curies":[{"name":"wp","href":"https:\/\/api.w.org\/{rel}","templated":true}]}}