{"id":357,"date":"2026-02-24T00:09:06","date_gmt":"2026-02-24T00:09:06","guid":{"rendered":"https:\/\/bajaessences.com\/wordpress\/?post_type=product&#038;p=357"},"modified":"2026-02-24T00:09:06","modified_gmt":"2026-02-24T00:09:06","slug":"aceite-esencial-de-kiwi-baja-essences","status":"publish","type":"product","link":"https:\/\/bajaessences.com\/wordpress\/index.php\/producto\/aceite-esencial-de-kiwi-baja-essences\/","title":{"rendered":"Aceite Esencial de KIWI Baja Essences"},"content":{"rendered":"<p>El\u00a0<b><i>Kiwi<\/i><\/b>\u00a0toma su singular nombre de un ave oriunda de Nueva Zelanda. Esta fruta es conocida por su c\u00e1scara pilosa y por el llamativo color verde de su pulpa, el\u00a0<b><i>Kiwi<\/i><\/b>\u00a0es un fruto de la enredadera\u00a0<b><i>Actinidia Deliciosa<\/i><\/b>. El\u00a0<b><i>Aceite Esencial de Kiwi<\/i><\/b>\u00a0es extra\u00eddo de\u00a0sus\u00a0semillas que son negras y peque\u00f1as,\u00a0contienen \u00e1cido Alfa-Linoleico, el cual es un \u00e1cido graso esencial en el aporte de\u00a0<b><i>Omega 3<\/i><\/b>\u00a0a nuestro organismo.<\/p>\n<p>Como posee un alto contenido de flavonoides, se convierte en un gran antioxidante, que combate el envejecimiento de las c\u00e9lulas. Su aroma es muy agradable, con gran potencia, dulce, suave y fresco.<\/p>\n<p>Tiene propiedades reparadoras extraordinarias, \u00a0gran aliado en los tratamientos contra dolores musculares y reum\u00e1ticos, ayuda a evitar el nerviosismo. Sirve en procesos de menopausia pues mitiga la sintomatolog\u00eda, es antis\u00e9ptico y un gran aromatizante.<\/p>\n<p>Es excelente para todo tipo de piel, devolvi\u00e9ndole suavidad y ayudando en la cicatrizaci\u00f3n.\u00a0Es un buen anti-inflamatorio, relajante muscular, mitigante del dolor, emoliente, ayuda a combatir la psoriasis y\u00a0manchas rojas en la piel, favorece la buena circulaci\u00f3n de la sangre.<\/p>\n<p><b>COMPONENTES PRINCIPALES:\u00a0<\/b>\u00c1cido Linoleico.Alfa, \u00e1cido graso esencial Omega 3, flavonoides.<\/p>\n<p><b>ADVERTENCIAS:\u00a0<\/b>No ingerir ni aplicar directamente sobre la piel, diluir previamente sobre una base de aceite vehicular neutro o de almendras. Evite el contacto con los ojos y mucosas. Mant\u00e9ngase lejos del alcance de los ni\u00f1os. En caso de hipersensibilidad o irritaci\u00f3n, dejar de utilizar inmediatamente.<\/p>\n<p><b>DERECHOS RESERVADOS DE INFORMACI\u00d3N. Esta informaci\u00f3n est\u00e1 protegida por Copywright y derechos de autor. Est\u00e1 prohibida su utilizaci\u00f3n sin la aprobaci\u00f3n expresa del autor\/propietario:\u00a0<\/b><b>Baja Essences<\/b><\/p>\n","protected":false},"excerpt":{"rendered":"<p>El Aceite Esencial de Kiwi Baja Essences es muy bueno para tu piel, ya que le aporta\u00a0suavidad, a la vez que combate el envejecimiento celular<\/p>\n","protected":false},"featured_media":560,"comment_status":"open","ping_status":"closed","template":"","meta":[],"product_brand":[29],"product_cat":[27,19],"product_tag":[119,120,121],"class_list":{"0":"post-357","1":"product","2":"type-product","3":"status-publish","4":"has-post-thumbnail","6":"product_brand-baja-essences-aromaterapia","7":"product_cat-aceites-esenciales-frutales","8":"product_cat-aromaterapia","9":"product_tag-aceite-esencial-de-kiwi","10":"product_tag-antiedad","11":"product_tag-suavizante","13":"first","14":"instock","15":"taxable","16":"shipping-taxable","17":"purchasable","18":"product-type-simple"},"yoast_head":"<!-- This site is optimized with the Yoast SEO plugin v27.5 - https:\/\/yoast.com\/product\/yoast-seo-wordpress\/ -->\n<title>Aceite Esencial de Kiwi Baja Essences<\/title>\n<meta name=\"description\" content=\"El Aceite Esencial de Kiwi Baja Essences es el socio perfecto para tu piel pues le da suavidad, a la vez que combate el envejecimiento celular\" \/>\n<meta name=\"robots\" content=\"index, follow, max-snippet:-1, max-image-preview:large, max-video-preview:-1\" \/>\n<link rel=\"canonical\" href=\"https:\/\/bajaessences.com\/wordpress\/index.php\/producto\/aceite-esencial-de-kiwi-baja-essences\/\" \/>\n<meta property=\"og:locale\" content=\"es_MX\" \/>\n<meta property=\"og:type\" content=\"article\" \/>\n<meta property=\"og:title\" content=\"Aceite Esencial de Kiwi Baja Essences\" \/>\n<meta property=\"og:description\" content=\"El Aceite Esencial de Kiwi Baja Essences es el socio perfecto para tu piel pues le da suavidad, a la vez que combate el envejecimiento celular\" \/>\n<meta property=\"og:url\" content=\"https:\/\/bajaessences.com\/wordpress\/index.php\/producto\/aceite-esencial-de-kiwi-baja-essences\/\" \/>\n<meta property=\"og:image\" content=\"https:\/\/bajaessences.com\/wordpress\/wp-content\/uploads\/2026\/02\/D_NQ_NP_2X_736433-MLM76658067419_052024-F.webp\" \/>\n\t<meta property=\"og:image:width\" content=\"940\" \/>\n\t<meta property=\"og:image:height\" content=\"861\" \/>\n\t<meta property=\"og:image:type\" content=\"image\/webp\" \/>\n<meta name=\"twitter:card\" content=\"summary_large_image\" \/>\n<meta name=\"twitter:label1\" content=\"Tiempo de lectura\" \/>\n\t<meta name=\"twitter:data1\" content=\"2 minutos\" \/>\n<script type=\"application\/ld+json\" class=\"yoast-schema-graph\">{\"@context\":\"https:\\\/\\\/schema.org\",\"@graph\":[{\"@type\":\"WebPage\",\"@id\":\"https:\\\/\\\/bajaessences.com\\\/wordpress\\\/index.php\\\/producto\\\/aceite-esencial-de-kiwi-baja-essences\\\/\",\"url\":\"https:\\\/\\\/bajaessences.com\\\/wordpress\\\/index.php\\\/producto\\\/aceite-esencial-de-kiwi-baja-essences\\\/\",\"name\":\"Aceite Esencial de Kiwi Baja Essences\",\"isPartOf\":{\"@id\":\"https:\\\/\\\/bajaessences.com\\\/wordpress\\\/#website\"},\"primaryImageOfPage\":{\"@id\":\"https:\\\/\\\/bajaessences.com\\\/wordpress\\\/index.php\\\/producto\\\/aceite-esencial-de-kiwi-baja-essences\\\/#primaryimage\"},\"image\":{\"@id\":\"https:\\\/\\\/bajaessences.com\\\/wordpress\\\/index.php\\\/producto\\\/aceite-esencial-de-kiwi-baja-essences\\\/#primaryimage\"},\"thumbnailUrl\":\"https:\\\/\\\/bajaessences.com\\\/wordpress\\\/wp-content\\\/uploads\\\/2026\\\/02\\\/D_NQ_NP_2X_736433-MLM76658067419_052024-F.webp\",\"datePublished\":\"2026-02-24T00:09:06+00:00\",\"description\":\"El Aceite Esencial de Kiwi Baja Essences es el socio perfecto para tu piel pues le da suavidad, a la vez que combate el envejecimiento celular\",\"breadcrumb\":{\"@id\":\"https:\\\/\\\/bajaessences.com\\\/wordpress\\\/index.php\\\/producto\\\/aceite-esencial-de-kiwi-baja-essences\\\/#breadcrumb\"},\"inLanguage\":\"es\",\"potentialAction\":[{\"@type\":\"ReadAction\",\"target\":[\"https:\\\/\\\/bajaessences.com\\\/wordpress\\\/index.php\\\/producto\\\/aceite-esencial-de-kiwi-baja-essences\\\/\"]}]},{\"@type\":\"ImageObject\",\"inLanguage\":\"es\",\"@id\":\"https:\\\/\\\/bajaessences.com\\\/wordpress\\\/index.php\\\/producto\\\/aceite-esencial-de-kiwi-baja-essences\\\/#primaryimage\",\"url\":\"https:\\\/\\\/bajaessences.com\\\/wordpress\\\/wp-content\\\/uploads\\\/2026\\\/02\\\/D_NQ_NP_2X_736433-MLM76658067419_052024-F.webp\",\"contentUrl\":\"https:\\\/\\\/bajaessences.com\\\/wordpress\\\/wp-content\\\/uploads\\\/2026\\\/02\\\/D_NQ_NP_2X_736433-MLM76658067419_052024-F.webp\",\"width\":940,\"height\":861},{\"@type\":\"BreadcrumbList\",\"@id\":\"https:\\\/\\\/bajaessences.com\\\/wordpress\\\/index.php\\\/producto\\\/aceite-esencial-de-kiwi-baja-essences\\\/#breadcrumb\",\"itemListElement\":[{\"@type\":\"ListItem\",\"position\":1,\"name\":\"Inicio\",\"item\":\"https:\\\/\\\/bajaessences.com\\\/wordpress\\\/\"},{\"@type\":\"ListItem\",\"position\":2,\"name\":\"Tienda en L\u00ednea\",\"item\":\"https:\\\/\\\/bajaessences.com\\\/wordpress\\\/index.php\\\/baja-essences-aromaterapia-tienda-en-linea\\\/\"},{\"@type\":\"ListItem\",\"position\":3,\"name\":\"Aceite Esencial de KIWI Baja Essences\"}]},{\"@type\":\"WebSite\",\"@id\":\"https:\\\/\\\/bajaessences.com\\\/wordpress\\\/#website\",\"url\":\"https:\\\/\\\/bajaessences.com\\\/wordpress\\\/\",\"name\":\"\",\"description\":\"EXPERTOS EN AROMATERAPIA Y PRODUCTOS PARA SPA\",\"potentialAction\":[{\"@type\":\"SearchAction\",\"target\":{\"@type\":\"EntryPoint\",\"urlTemplate\":\"https:\\\/\\\/bajaessences.com\\\/wordpress\\\/?s={search_term_string}\"},\"query-input\":{\"@type\":\"PropertyValueSpecification\",\"valueRequired\":true,\"valueName\":\"search_term_string\"}}],\"inLanguage\":\"es\"}]}<\/script>\n<!-- \/ Yoast SEO plugin. -->","yoast_head_json":{"title":"Aceite Esencial de Kiwi Baja Essences","description":"El Aceite Esencial de Kiwi Baja Essences es el socio perfecto para tu piel pues le da suavidad, a la vez que combate el envejecimiento celular","robots":{"index":"index","follow":"follow","max-snippet":"max-snippet:-1","max-image-preview":"max-image-preview:large","max-video-preview":"max-video-preview:-1"},"canonical":"https:\/\/bajaessences.com\/wordpress\/index.php\/producto\/aceite-esencial-de-kiwi-baja-essences\/","og_locale":"es_MX","og_type":"article","og_title":"Aceite Esencial de Kiwi Baja Essences","og_description":"El Aceite Esencial de Kiwi Baja Essences es el socio perfecto para tu piel pues le da suavidad, a la vez que combate el envejecimiento celular","og_url":"https:\/\/bajaessences.com\/wordpress\/index.php\/producto\/aceite-esencial-de-kiwi-baja-essences\/","og_image":[{"width":940,"height":861,"url":"https:\/\/bajaessences.com\/wordpress\/wp-content\/uploads\/2026\/02\/D_NQ_NP_2X_736433-MLM76658067419_052024-F.webp","type":"image\/webp"}],"twitter_card":"summary_large_image","twitter_misc":{"Tiempo de lectura":"2 minutos"},"schema":{"@context":"https:\/\/schema.org","@graph":[{"@type":"WebPage","@id":"https:\/\/bajaessences.com\/wordpress\/index.php\/producto\/aceite-esencial-de-kiwi-baja-essences\/","url":"https:\/\/bajaessences.com\/wordpress\/index.php\/producto\/aceite-esencial-de-kiwi-baja-essences\/","name":"Aceite Esencial de Kiwi Baja Essences","isPartOf":{"@id":"https:\/\/bajaessences.com\/wordpress\/#website"},"primaryImageOfPage":{"@id":"https:\/\/bajaessences.com\/wordpress\/index.php\/producto\/aceite-esencial-de-kiwi-baja-essences\/#primaryimage"},"image":{"@id":"https:\/\/bajaessences.com\/wordpress\/index.php\/producto\/aceite-esencial-de-kiwi-baja-essences\/#primaryimage"},"thumbnailUrl":"https:\/\/bajaessences.com\/wordpress\/wp-content\/uploads\/2026\/02\/D_NQ_NP_2X_736433-MLM76658067419_052024-F.webp","datePublished":"2026-02-24T00:09:06+00:00","description":"El Aceite Esencial de Kiwi Baja Essences es el socio perfecto para tu piel pues le da suavidad, a la vez que combate el envejecimiento celular","breadcrumb":{"@id":"https:\/\/bajaessences.com\/wordpress\/index.php\/producto\/aceite-esencial-de-kiwi-baja-essences\/#breadcrumb"},"inLanguage":"es","potentialAction":[{"@type":"ReadAction","target":["https:\/\/bajaessences.com\/wordpress\/index.php\/producto\/aceite-esencial-de-kiwi-baja-essences\/"]}]},{"@type":"ImageObject","inLanguage":"es","@id":"https:\/\/bajaessences.com\/wordpress\/index.php\/producto\/aceite-esencial-de-kiwi-baja-essences\/#primaryimage","url":"https:\/\/bajaessences.com\/wordpress\/wp-content\/uploads\/2026\/02\/D_NQ_NP_2X_736433-MLM76658067419_052024-F.webp","contentUrl":"https:\/\/bajaessences.com\/wordpress\/wp-content\/uploads\/2026\/02\/D_NQ_NP_2X_736433-MLM76658067419_052024-F.webp","width":940,"height":861},{"@type":"BreadcrumbList","@id":"https:\/\/bajaessences.com\/wordpress\/index.php\/producto\/aceite-esencial-de-kiwi-baja-essences\/#breadcrumb","itemListElement":[{"@type":"ListItem","position":1,"name":"Inicio","item":"https:\/\/bajaessences.com\/wordpress\/"},{"@type":"ListItem","position":2,"name":"Tienda en L\u00ednea","item":"https:\/\/bajaessences.com\/wordpress\/index.php\/baja-essences-aromaterapia-tienda-en-linea\/"},{"@type":"ListItem","position":3,"name":"Aceite Esencial de KIWI Baja Essences"}]},{"@type":"WebSite","@id":"https:\/\/bajaessences.com\/wordpress\/#website","url":"https:\/\/bajaessences.com\/wordpress\/","name":"","description":"EXPERTOS EN AROMATERAPIA Y PRODUCTOS PARA SPA","potentialAction":[{"@type":"SearchAction","target":{"@type":"EntryPoint","urlTemplate":"https:\/\/bajaessences.com\/wordpress\/?s={search_term_string}"},"query-input":{"@type":"PropertyValueSpecification","valueRequired":true,"valueName":"search_term_string"}}],"inLanguage":"es"}]}},"jetpack_sharing_enabled":true,"_links":{"self":[{"href":"https:\/\/bajaessences.com\/wordpress\/index.php\/wp-json\/wp\/v2\/product\/357","targetHints":{"allow":["GET"]}}],"collection":[{"href":"https:\/\/bajaessences.com\/wordpress\/index.php\/wp-json\/wp\/v2\/product"}],"about":[{"href":"https:\/\/bajaessences.com\/wordpress\/index.php\/wp-json\/wp\/v2\/types\/product"}],"replies":[{"embeddable":true,"href":"https:\/\/bajaessences.com\/wordpress\/index.php\/wp-json\/wp\/v2\/comments?post=357"}],"wp:featuredmedia":[{"embeddable":true,"href":"https:\/\/bajaessences.com\/wordpress\/index.php\/wp-json\/wp\/v2\/media\/560"}],"wp:attachment":[{"href":"https:\/\/bajaessences.com\/wordpress\/index.php\/wp-json\/wp\/v2\/media?parent=357"}],"wp:term":[{"taxonomy":"product_brand","embeddable":true,"href":"https:\/\/bajaessences.com\/wordpress\/index.php\/wp-json\/wp\/v2\/product_brand?post=357"},{"taxonomy":"product_cat","embeddable":true,"href":"https:\/\/bajaessences.com\/wordpress\/index.php\/wp-json\/wp\/v2\/product_cat?post=357"},{"taxonomy":"product_tag","embeddable":true,"href":"https:\/\/bajaessences.com\/wordpress\/index.php\/wp-json\/wp\/v2\/product_tag?post=357"}],"curies":[{"name":"wp","href":"https:\/\/api.w.org\/{rel}","templated":true}]}}