{"id":366,"date":"2026-02-23T02:39:09","date_gmt":"2026-02-23T02:39:09","guid":{"rendered":"https:\/\/bajaessences.com\/wordpress\/?post_type=product&#038;p=366"},"modified":"2026-02-23T21:57:11","modified_gmt":"2026-02-23T21:57:11","slug":"aceite-esencial-de-algodon-baja-essences","status":"publish","type":"product","link":"https:\/\/bajaessences.com\/wordpress\/index.php\/producto\/aceite-esencial-de-algodon-baja-essences\/","title":{"rendered":"Aceite Esencial de ALGOD\u00d3N Baja Essences"},"content":{"rendered":"<p>Aceite Esencial de ALGOD\u00d3N 100% Puro 100% Natural Baja Essences.<\/p>\n<p>Este aceite esencial de algod\u00f3n te va a recordar a la brisa del verano que sopla a trav\u00e9s de la ropa reci\u00e9n lavada.<\/p>\n<p>Elimina el olor y agrega un aroma limpio y fresco a tu espacio. Da un toque confortable, fresco y limpio a tu hogar.<\/p>\n<p>Adem\u00e1s el aceite esencial de algod\u00f3n mejora el estado de \u00e1nimo y fomenta la positividad y la concentraci\u00f3n.<\/p>\n<p>Tambi\u00e9n es ideal para masajes, ya que ayuda a conseguir una piel m\u00e1s tersa, mejora la circulaci\u00f3n linf\u00e1tica y alivia la tensi\u00f3n muscular.<\/p>\n","protected":false},"excerpt":{"rendered":"<p>El Aceite Esencial de Algod\u00f3n Baja Essences es perfecto para darle a tu hogar un toque de frescura con limpieza gracias a su suave aroma.<\/p>\n","protected":false},"featured_media":505,"comment_status":"open","ping_status":"closed","template":"","meta":[],"product_brand":[29],"product_cat":[28,19],"product_tag":[115,117,116],"class_list":{"0":"post-366","1":"product","2":"type-product","3":"status-publish","4":"has-post-thumbnail","6":"product_brand-baja-essences-aromaterapia","7":"product_cat-aceites-esenciales-herbales","8":"product_cat-aromaterapia","9":"product_tag-aceite-esencial-de-algodon","10":"product_tag-hogareno","11":"product_tag-suave-fragancia","12":"product_shipping_class-envio-normal","14":"first","15":"instock","16":"taxable","17":"shipping-taxable","18":"purchasable","19":"product-type-simple"},"yoast_head":"<!-- This site is optimized with the Yoast SEO plugin v27.3 - https:\/\/yoast.com\/product\/yoast-seo-wordpress\/ -->\n<title>Aceite Esencial de Algod\u00f3n Baja Essences<\/title>\n<meta name=\"description\" content=\"El Aceite Esencial de Algod\u00f3n Baja Essences es perfecto para darle a tu hogar un toque de frescura con limpieza gracias a su suave aroma.\" \/>\n<meta name=\"robots\" content=\"index, follow, max-snippet:-1, max-image-preview:large, max-video-preview:-1\" \/>\n<link rel=\"canonical\" href=\"https:\/\/bajaessences.com\/wordpress\/index.php\/producto\/aceite-esencial-de-algodon-baja-essences\/\" \/>\n<meta property=\"og:locale\" content=\"es_MX\" \/>\n<meta property=\"og:type\" content=\"article\" \/>\n<meta property=\"og:title\" content=\"Aceite Esencial de Algod\u00f3n Baja Essences\" \/>\n<meta property=\"og:description\" content=\"El Aceite Esencial de Algod\u00f3n Baja Essences es perfecto para darle a tu hogar un toque de frescura con limpieza gracias a su suave aroma.\" \/>\n<meta property=\"og:url\" content=\"https:\/\/bajaessences.com\/wordpress\/index.php\/producto\/aceite-esencial-de-algodon-baja-essences\/\" \/>\n<meta property=\"article:modified_time\" content=\"2026-02-23T21:57:11+00:00\" \/>\n<meta property=\"og:image\" content=\"https:\/\/bajaessences.com\/wordpress\/wp-content\/uploads\/2026\/01\/Aceite-Esencial-de-Algodon-Baja-Essences.webp\" \/>\n\t<meta property=\"og:image:width\" content=\"1183\" \/>\n\t<meta property=\"og:image:height\" content=\"1080\" \/>\n\t<meta property=\"og:image:type\" content=\"image\/webp\" \/>\n<meta name=\"twitter:card\" content=\"summary_large_image\" \/>\n<meta name=\"twitter:label1\" content=\"Tiempo de lectura\" \/>\n\t<meta name=\"twitter:data1\" content=\"1 minuto\" \/>\n<script type=\"application\/ld+json\" class=\"yoast-schema-graph\">{\"@context\":\"https:\\\/\\\/schema.org\",\"@graph\":[{\"@type\":\"WebPage\",\"@id\":\"https:\\\/\\\/bajaessences.com\\\/wordpress\\\/index.php\\\/producto\\\/aceite-esencial-de-algodon-baja-essences\\\/\",\"url\":\"https:\\\/\\\/bajaessences.com\\\/wordpress\\\/index.php\\\/producto\\\/aceite-esencial-de-algodon-baja-essences\\\/\",\"name\":\"Aceite Esencial de Algod\u00f3n Baja Essences\",\"isPartOf\":{\"@id\":\"https:\\\/\\\/bajaessences.com\\\/wordpress\\\/#website\"},\"primaryImageOfPage\":{\"@id\":\"https:\\\/\\\/bajaessences.com\\\/wordpress\\\/index.php\\\/producto\\\/aceite-esencial-de-algodon-baja-essences\\\/#primaryimage\"},\"image\":{\"@id\":\"https:\\\/\\\/bajaessences.com\\\/wordpress\\\/index.php\\\/producto\\\/aceite-esencial-de-algodon-baja-essences\\\/#primaryimage\"},\"thumbnailUrl\":\"https:\\\/\\\/bajaessences.com\\\/wordpress\\\/wp-content\\\/uploads\\\/2026\\\/01\\\/Aceite-Esencial-de-Algodon-Baja-Essences.webp\",\"datePublished\":\"2026-02-23T02:39:09+00:00\",\"dateModified\":\"2026-02-23T21:57:11+00:00\",\"description\":\"El Aceite Esencial de Algod\u00f3n Baja Essences es perfecto para darle a tu hogar un toque de frescura con limpieza gracias a su suave aroma.\",\"breadcrumb\":{\"@id\":\"https:\\\/\\\/bajaessences.com\\\/wordpress\\\/index.php\\\/producto\\\/aceite-esencial-de-algodon-baja-essences\\\/#breadcrumb\"},\"inLanguage\":\"es\",\"potentialAction\":[{\"@type\":\"ReadAction\",\"target\":[\"https:\\\/\\\/bajaessences.com\\\/wordpress\\\/index.php\\\/producto\\\/aceite-esencial-de-algodon-baja-essences\\\/\"]}]},{\"@type\":\"ImageObject\",\"inLanguage\":\"es\",\"@id\":\"https:\\\/\\\/bajaessences.com\\\/wordpress\\\/index.php\\\/producto\\\/aceite-esencial-de-algodon-baja-essences\\\/#primaryimage\",\"url\":\"https:\\\/\\\/bajaessences.com\\\/wordpress\\\/wp-content\\\/uploads\\\/2026\\\/01\\\/Aceite-Esencial-de-Algodon-Baja-Essences.webp\",\"contentUrl\":\"https:\\\/\\\/bajaessences.com\\\/wordpress\\\/wp-content\\\/uploads\\\/2026\\\/01\\\/Aceite-Esencial-de-Algodon-Baja-Essences.webp\",\"width\":1183,\"height\":1080,\"caption\":\"aceite esencial de algodon baja essences\"},{\"@type\":\"BreadcrumbList\",\"@id\":\"https:\\\/\\\/bajaessences.com\\\/wordpress\\\/index.php\\\/producto\\\/aceite-esencial-de-algodon-baja-essences\\\/#breadcrumb\",\"itemListElement\":[{\"@type\":\"ListItem\",\"position\":1,\"name\":\"Inicio\",\"item\":\"https:\\\/\\\/bajaessences.com\\\/wordpress\\\/\"},{\"@type\":\"ListItem\",\"position\":2,\"name\":\"Tienda en L\u00ednea\",\"item\":\"https:\\\/\\\/bajaessences.com\\\/wordpress\\\/index.php\\\/baja-essences-aromaterapia-tienda-en-linea\\\/\"},{\"@type\":\"ListItem\",\"position\":3,\"name\":\"Aceite Esencial de ALGOD\u00d3N Baja Essences\"}]},{\"@type\":\"WebSite\",\"@id\":\"https:\\\/\\\/bajaessences.com\\\/wordpress\\\/#website\",\"url\":\"https:\\\/\\\/bajaessences.com\\\/wordpress\\\/\",\"name\":\"\",\"description\":\"EXPERTOS EN AROMATERAPIA Y PRODUCTOS PARA SPA\",\"potentialAction\":[{\"@type\":\"SearchAction\",\"target\":{\"@type\":\"EntryPoint\",\"urlTemplate\":\"https:\\\/\\\/bajaessences.com\\\/wordpress\\\/?s={search_term_string}\"},\"query-input\":{\"@type\":\"PropertyValueSpecification\",\"valueRequired\":true,\"valueName\":\"search_term_string\"}}],\"inLanguage\":\"es\"}]}<\/script>\n<!-- \/ Yoast SEO plugin. -->","yoast_head_json":{"title":"Aceite Esencial de Algod\u00f3n Baja Essences","description":"El Aceite Esencial de Algod\u00f3n Baja Essences es perfecto para darle a tu hogar un toque de frescura con limpieza gracias a su suave aroma.","robots":{"index":"index","follow":"follow","max-snippet":"max-snippet:-1","max-image-preview":"max-image-preview:large","max-video-preview":"max-video-preview:-1"},"canonical":"https:\/\/bajaessences.com\/wordpress\/index.php\/producto\/aceite-esencial-de-algodon-baja-essences\/","og_locale":"es_MX","og_type":"article","og_title":"Aceite Esencial de Algod\u00f3n Baja Essences","og_description":"El Aceite Esencial de Algod\u00f3n Baja Essences es perfecto para darle a tu hogar un toque de frescura con limpieza gracias a su suave aroma.","og_url":"https:\/\/bajaessences.com\/wordpress\/index.php\/producto\/aceite-esencial-de-algodon-baja-essences\/","article_modified_time":"2026-02-23T21:57:11+00:00","og_image":[{"width":1183,"height":1080,"url":"https:\/\/bajaessences.com\/wordpress\/wp-content\/uploads\/2026\/01\/Aceite-Esencial-de-Algodon-Baja-Essences.webp","type":"image\/webp"}],"twitter_card":"summary_large_image","twitter_misc":{"Tiempo de lectura":"1 minuto"},"schema":{"@context":"https:\/\/schema.org","@graph":[{"@type":"WebPage","@id":"https:\/\/bajaessences.com\/wordpress\/index.php\/producto\/aceite-esencial-de-algodon-baja-essences\/","url":"https:\/\/bajaessences.com\/wordpress\/index.php\/producto\/aceite-esencial-de-algodon-baja-essences\/","name":"Aceite Esencial de Algod\u00f3n Baja Essences","isPartOf":{"@id":"https:\/\/bajaessences.com\/wordpress\/#website"},"primaryImageOfPage":{"@id":"https:\/\/bajaessences.com\/wordpress\/index.php\/producto\/aceite-esencial-de-algodon-baja-essences\/#primaryimage"},"image":{"@id":"https:\/\/bajaessences.com\/wordpress\/index.php\/producto\/aceite-esencial-de-algodon-baja-essences\/#primaryimage"},"thumbnailUrl":"https:\/\/bajaessences.com\/wordpress\/wp-content\/uploads\/2026\/01\/Aceite-Esencial-de-Algodon-Baja-Essences.webp","datePublished":"2026-02-23T02:39:09+00:00","dateModified":"2026-02-23T21:57:11+00:00","description":"El Aceite Esencial de Algod\u00f3n Baja Essences es perfecto para darle a tu hogar un toque de frescura con limpieza gracias a su suave aroma.","breadcrumb":{"@id":"https:\/\/bajaessences.com\/wordpress\/index.php\/producto\/aceite-esencial-de-algodon-baja-essences\/#breadcrumb"},"inLanguage":"es","potentialAction":[{"@type":"ReadAction","target":["https:\/\/bajaessences.com\/wordpress\/index.php\/producto\/aceite-esencial-de-algodon-baja-essences\/"]}]},{"@type":"ImageObject","inLanguage":"es","@id":"https:\/\/bajaessences.com\/wordpress\/index.php\/producto\/aceite-esencial-de-algodon-baja-essences\/#primaryimage","url":"https:\/\/bajaessences.com\/wordpress\/wp-content\/uploads\/2026\/01\/Aceite-Esencial-de-Algodon-Baja-Essences.webp","contentUrl":"https:\/\/bajaessences.com\/wordpress\/wp-content\/uploads\/2026\/01\/Aceite-Esencial-de-Algodon-Baja-Essences.webp","width":1183,"height":1080,"caption":"aceite esencial de algodon baja essences"},{"@type":"BreadcrumbList","@id":"https:\/\/bajaessences.com\/wordpress\/index.php\/producto\/aceite-esencial-de-algodon-baja-essences\/#breadcrumb","itemListElement":[{"@type":"ListItem","position":1,"name":"Inicio","item":"https:\/\/bajaessences.com\/wordpress\/"},{"@type":"ListItem","position":2,"name":"Tienda en L\u00ednea","item":"https:\/\/bajaessences.com\/wordpress\/index.php\/baja-essences-aromaterapia-tienda-en-linea\/"},{"@type":"ListItem","position":3,"name":"Aceite Esencial de ALGOD\u00d3N Baja Essences"}]},{"@type":"WebSite","@id":"https:\/\/bajaessences.com\/wordpress\/#website","url":"https:\/\/bajaessences.com\/wordpress\/","name":"","description":"EXPERTOS EN AROMATERAPIA Y PRODUCTOS PARA SPA","potentialAction":[{"@type":"SearchAction","target":{"@type":"EntryPoint","urlTemplate":"https:\/\/bajaessences.com\/wordpress\/?s={search_term_string}"},"query-input":{"@type":"PropertyValueSpecification","valueRequired":true,"valueName":"search_term_string"}}],"inLanguage":"es"}]}},"jetpack_sharing_enabled":true,"_links":{"self":[{"href":"https:\/\/bajaessences.com\/wordpress\/index.php\/wp-json\/wp\/v2\/product\/366","targetHints":{"allow":["GET"]}}],"collection":[{"href":"https:\/\/bajaessences.com\/wordpress\/index.php\/wp-json\/wp\/v2\/product"}],"about":[{"href":"https:\/\/bajaessences.com\/wordpress\/index.php\/wp-json\/wp\/v2\/types\/product"}],"replies":[{"embeddable":true,"href":"https:\/\/bajaessences.com\/wordpress\/index.php\/wp-json\/wp\/v2\/comments?post=366"}],"wp:featuredmedia":[{"embeddable":true,"href":"https:\/\/bajaessences.com\/wordpress\/index.php\/wp-json\/wp\/v2\/media\/505"}],"wp:attachment":[{"href":"https:\/\/bajaessences.com\/wordpress\/index.php\/wp-json\/wp\/v2\/media?parent=366"}],"wp:term":[{"taxonomy":"product_brand","embeddable":true,"href":"https:\/\/bajaessences.com\/wordpress\/index.php\/wp-json\/wp\/v2\/product_brand?post=366"},{"taxonomy":"product_cat","embeddable":true,"href":"https:\/\/bajaessences.com\/wordpress\/index.php\/wp-json\/wp\/v2\/product_cat?post=366"},{"taxonomy":"product_tag","embeddable":true,"href":"https:\/\/bajaessences.com\/wordpress\/index.php\/wp-json\/wp\/v2\/product_tag?post=366"}],"curies":[{"name":"wp","href":"https:\/\/api.w.org\/{rel}","templated":true}]}}