{"id":367,"date":"2026-02-23T02:39:57","date_gmt":"2026-02-23T02:39:57","guid":{"rendered":"https:\/\/bajaessences.com\/wordpress\/?post_type=product&#038;p=367"},"modified":"2026-02-23T02:39:57","modified_gmt":"2026-02-23T02:39:57","slug":"aceite-esencial-de-te-blanco-baja-essences","status":"publish","type":"product","link":"https:\/\/bajaessences.com\/wordpress\/index.php\/producto\/aceite-esencial-de-te-blanco-baja-essences\/","title":{"rendered":"Aceite Esencial de T\u00c9 BLANCO Baja Essences"},"content":{"rendered":"<p>El Aceite Esencial de T\u00e9 Blanco proviene de la propia planta del T\u00e9 (Camelia Sinensis). Para obtener t\u00e9 blanco se fr\u00eden o se cuecen al vapor los brotes tiernos del t\u00e9. De este forma se evita la formaci\u00f3n de clorofila y se aumenta la cantidad de catequinas, que est\u00e1n presentes en las hojas de t\u00e9 j\u00f3venes<\/p>\n<p>A diferencia del t\u00e9 verde, que se cosecha cuando la hoja ha madurado. El t\u00e9 blanco se cosecha con la hoja joven. Esta hoja que todav\u00eda no est\u00e1 madura tiene unos pelillos blancos que el da el color a este tipo de t\u00e9. Y por ello las catequinas de uno y otro son muy diferentes.<\/p>\n<p>Normalmente el t\u00e9 blanco se pasa por vapor para secarlo inmediatamente despu\u00e9s de recolectarlo y as\u00ed mantiene sus propiedades intactas.<\/p>\n<p>Para obtener este <b><i>Aceite Esencial <\/i><\/b>se usa el procedimiento de extracci\u00f3n por destilaci\u00f3n. Las hojas secas de t\u00e9 blanco se destilan y con este proceso se extra el aceite esencial de t\u00e9 blanco.<\/p>\n<p>En uso t\u00f3pico el <b><i>Aceite Esencial de T\u00e9 Blanco<\/i><\/b> es muy bueno para la piel por su gran aporte de polifenoles. Por ello ayuda contra el proceso oxidaci\u00f3n de la piel y\u00a0 es regenerativo de la dermis.<\/p>\n<p>El <b><i>Aceite Esencial de T\u00e9 Blanco <\/i><\/b>para uso terap\u00e9utico es excelente ya que adem\u00e1s de ofrecer un aroma muy elegante y distintivo ayuda a serenar ambientes. Entre sus propiedades<b><i>\u00a0<\/i><\/b>est\u00e1n: es antiestr\u00e9s, un suave relajante ideal para problemas de insomnio, evocador de recuerdos.<\/p>\n<p>Su fragancia ex\u00f3tica y con punto floral, lo ha llevado a ser usado en grandes cadenas hoteleras como el aroma corporativo en estos hoteles. Una de las cadenas que m\u00e1s los utiliza es Westin.<\/p>\n<p>Adem\u00e1s es muy equilibrante para su uso en sinergias. Se puede usar con aceite esencial de lavanda, aceite esencial de melisa.<\/p>\n<p>El\u00a0<b><i>Aceite Esencial de T\u00e9 Blanco <\/i><\/b>es\u00a0un aceite esencial perfecto para usar en difusor ultras\u00f3nico o en sahumerio.<\/p>\n<p><b>COMPONENTES PRINCIPALES &amp; TERPENOS:<\/b> S-limoneno, S-linalool, Oxido de linalool A, Oxido de linalool\u00a0 B, R-4-terpineol, Oxido de linalool C, Oxido de linalool D, S-\u03b1-terpineol y R-\u03b1-ionona.<\/p>\n<p><b>ADVERTENCIAS:\u00a0<\/b>No ingerir ni aplicar directamente sobre la piel, diluir previamente sobre una base de aceite vehicular neutro o de almendras. Evitar el contacto con los ojos y mucosas. Mantenerse alejado del alcance de los ni\u00f1os. En caso de hipersensibilidad o irritaci\u00f3n, dejar de utilizar inmediatamente.<\/p>\n<p><b>DERECHOS RESERVADOS DE INFORMACI\u00d3N. Esta informaci\u00f3n est\u00e1 protegida por Copyright y derechos de autor. Est\u00e1 prohibida su utilizaci\u00f3n sin la aprobaci\u00f3n expresa del autor\/propietario:\u00a0Baja Essences<\/b><\/p>\n","protected":false},"excerpt":{"rendered":"<p>El Aceite Esencial de T\u00e9 Blanco Baja Essences es muy elegante y tambi\u00e9n es antiestr\u00e9s, un suave relajante ideal para problemas de insomnio.<\/p>\n","protected":false},"featured_media":499,"comment_status":"open","ping_status":"closed","template":"","meta":[],"product_brand":[29],"product_cat":[28,19],"product_tag":[98,89,100,99],"class_list":{"0":"post-367","1":"product","2":"type-product","3":"status-publish","4":"has-post-thumbnail","6":"product_brand-baja-essences-aromaterapia","7":"product_cat-aceites-esenciales-herbales","8":"product_cat-aromaterapia","9":"product_tag-aceite-esencial-de-te-blanco","10":"product_tag-antiestres","11":"product_tag-contra-insomnio","12":"product_tag-elegante","13":"product_shipping_class-envio-normal","15":"first","16":"instock","17":"taxable","18":"shipping-taxable","19":"purchasable","20":"product-type-simple"},"yoast_head":"<!-- This site is optimized with the Yoast SEO plugin v27.3 - https:\/\/yoast.com\/product\/yoast-seo-wordpress\/ -->\n<title>Aceite Esencial de T\u00e9 Blanco Baja Essences<\/title>\n<meta name=\"description\" content=\"El Aceite Esencial de T\u00e9 Blanco Baja Essences es muy elegante y tambi\u00e9n es antiestr\u00e9s, un suave relajante ideal para problemas de insomnio.\" \/>\n<meta name=\"robots\" content=\"index, follow, max-snippet:-1, max-image-preview:large, max-video-preview:-1\" \/>\n<link rel=\"canonical\" href=\"https:\/\/bajaessences.com\/wordpress\/index.php\/producto\/aceite-esencial-de-te-blanco-baja-essences\/\" \/>\n<meta property=\"og:locale\" content=\"es_MX\" \/>\n<meta property=\"og:type\" content=\"article\" \/>\n<meta property=\"og:title\" content=\"Aceite Esencial de T\u00e9 Blanco Baja Essences\" \/>\n<meta property=\"og:description\" content=\"El Aceite Esencial de T\u00e9 Blanco Baja Essences es muy elegante y tambi\u00e9n es antiestr\u00e9s, un suave relajante ideal para problemas de insomnio.\" \/>\n<meta property=\"og:url\" content=\"https:\/\/bajaessences.com\/wordpress\/index.php\/producto\/aceite-esencial-de-te-blanco-baja-essences\/\" \/>\n<meta property=\"og:image\" content=\"https:\/\/bajaessences.com\/wordpress\/wp-content\/uploads\/2026\/01\/Aceite-Esencial-de-Te-Blanco-Baja-Essences.webp\" \/>\n\t<meta property=\"og:image:width\" content=\"1080\" \/>\n\t<meta property=\"og:image:height\" content=\"1080\" \/>\n\t<meta property=\"og:image:type\" content=\"image\/webp\" \/>\n<meta name=\"twitter:card\" content=\"summary_large_image\" \/>\n<meta name=\"twitter:label1\" content=\"Tiempo de lectura\" \/>\n\t<meta name=\"twitter:data1\" content=\"3 minutos\" \/>\n<script type=\"application\/ld+json\" class=\"yoast-schema-graph\">{\"@context\":\"https:\\\/\\\/schema.org\",\"@graph\":[{\"@type\":\"WebPage\",\"@id\":\"https:\\\/\\\/bajaessences.com\\\/wordpress\\\/index.php\\\/producto\\\/aceite-esencial-de-te-blanco-baja-essences\\\/\",\"url\":\"https:\\\/\\\/bajaessences.com\\\/wordpress\\\/index.php\\\/producto\\\/aceite-esencial-de-te-blanco-baja-essences\\\/\",\"name\":\"Aceite Esencial de T\u00e9 Blanco Baja Essences\",\"isPartOf\":{\"@id\":\"https:\\\/\\\/bajaessences.com\\\/wordpress\\\/#website\"},\"primaryImageOfPage\":{\"@id\":\"https:\\\/\\\/bajaessences.com\\\/wordpress\\\/index.php\\\/producto\\\/aceite-esencial-de-te-blanco-baja-essences\\\/#primaryimage\"},\"image\":{\"@id\":\"https:\\\/\\\/bajaessences.com\\\/wordpress\\\/index.php\\\/producto\\\/aceite-esencial-de-te-blanco-baja-essences\\\/#primaryimage\"},\"thumbnailUrl\":\"https:\\\/\\\/bajaessences.com\\\/wordpress\\\/wp-content\\\/uploads\\\/2026\\\/01\\\/Aceite-Esencial-de-Te-Blanco-Baja-Essences.webp\",\"datePublished\":\"2026-02-23T02:39:57+00:00\",\"description\":\"El Aceite Esencial de T\u00e9 Blanco Baja Essences es muy elegante y tambi\u00e9n es antiestr\u00e9s, un suave relajante ideal para problemas de insomnio.\",\"breadcrumb\":{\"@id\":\"https:\\\/\\\/bajaessences.com\\\/wordpress\\\/index.php\\\/producto\\\/aceite-esencial-de-te-blanco-baja-essences\\\/#breadcrumb\"},\"inLanguage\":\"es\",\"potentialAction\":[{\"@type\":\"ReadAction\",\"target\":[\"https:\\\/\\\/bajaessences.com\\\/wordpress\\\/index.php\\\/producto\\\/aceite-esencial-de-te-blanco-baja-essences\\\/\"]}]},{\"@type\":\"ImageObject\",\"inLanguage\":\"es\",\"@id\":\"https:\\\/\\\/bajaessences.com\\\/wordpress\\\/index.php\\\/producto\\\/aceite-esencial-de-te-blanco-baja-essences\\\/#primaryimage\",\"url\":\"https:\\\/\\\/bajaessences.com\\\/wordpress\\\/wp-content\\\/uploads\\\/2026\\\/01\\\/Aceite-Esencial-de-Te-Blanco-Baja-Essences.webp\",\"contentUrl\":\"https:\\\/\\\/bajaessences.com\\\/wordpress\\\/wp-content\\\/uploads\\\/2026\\\/01\\\/Aceite-Esencial-de-Te-Blanco-Baja-Essences.webp\",\"width\":1080,\"height\":1080,\"caption\":\"aceite esencial de t\u00e9 blanco baja essences\"},{\"@type\":\"BreadcrumbList\",\"@id\":\"https:\\\/\\\/bajaessences.com\\\/wordpress\\\/index.php\\\/producto\\\/aceite-esencial-de-te-blanco-baja-essences\\\/#breadcrumb\",\"itemListElement\":[{\"@type\":\"ListItem\",\"position\":1,\"name\":\"Inicio\",\"item\":\"https:\\\/\\\/bajaessences.com\\\/wordpress\\\/\"},{\"@type\":\"ListItem\",\"position\":2,\"name\":\"Tienda en L\u00ednea\",\"item\":\"https:\\\/\\\/bajaessences.com\\\/wordpress\\\/index.php\\\/baja-essences-aromaterapia-tienda-en-linea\\\/\"},{\"@type\":\"ListItem\",\"position\":3,\"name\":\"Aceite Esencial de T\u00c9 BLANCO Baja Essences\"}]},{\"@type\":\"WebSite\",\"@id\":\"https:\\\/\\\/bajaessences.com\\\/wordpress\\\/#website\",\"url\":\"https:\\\/\\\/bajaessences.com\\\/wordpress\\\/\",\"name\":\"\",\"description\":\"EXPERTOS EN AROMATERAPIA Y PRODUCTOS PARA SPA\",\"potentialAction\":[{\"@type\":\"SearchAction\",\"target\":{\"@type\":\"EntryPoint\",\"urlTemplate\":\"https:\\\/\\\/bajaessences.com\\\/wordpress\\\/?s={search_term_string}\"},\"query-input\":{\"@type\":\"PropertyValueSpecification\",\"valueRequired\":true,\"valueName\":\"search_term_string\"}}],\"inLanguage\":\"es\"}]}<\/script>\n<!-- \/ Yoast SEO plugin. -->","yoast_head_json":{"title":"Aceite Esencial de T\u00e9 Blanco Baja Essences","description":"El Aceite Esencial de T\u00e9 Blanco Baja Essences es muy elegante y tambi\u00e9n es antiestr\u00e9s, un suave relajante ideal para problemas de insomnio.","robots":{"index":"index","follow":"follow","max-snippet":"max-snippet:-1","max-image-preview":"max-image-preview:large","max-video-preview":"max-video-preview:-1"},"canonical":"https:\/\/bajaessences.com\/wordpress\/index.php\/producto\/aceite-esencial-de-te-blanco-baja-essences\/","og_locale":"es_MX","og_type":"article","og_title":"Aceite Esencial de T\u00e9 Blanco Baja Essences","og_description":"El Aceite Esencial de T\u00e9 Blanco Baja Essences es muy elegante y tambi\u00e9n es antiestr\u00e9s, un suave relajante ideal para problemas de insomnio.","og_url":"https:\/\/bajaessences.com\/wordpress\/index.php\/producto\/aceite-esencial-de-te-blanco-baja-essences\/","og_image":[{"width":1080,"height":1080,"url":"https:\/\/bajaessences.com\/wordpress\/wp-content\/uploads\/2026\/01\/Aceite-Esencial-de-Te-Blanco-Baja-Essences.webp","type":"image\/webp"}],"twitter_card":"summary_large_image","twitter_misc":{"Tiempo de lectura":"3 minutos"},"schema":{"@context":"https:\/\/schema.org","@graph":[{"@type":"WebPage","@id":"https:\/\/bajaessences.com\/wordpress\/index.php\/producto\/aceite-esencial-de-te-blanco-baja-essences\/","url":"https:\/\/bajaessences.com\/wordpress\/index.php\/producto\/aceite-esencial-de-te-blanco-baja-essences\/","name":"Aceite Esencial de T\u00e9 Blanco Baja Essences","isPartOf":{"@id":"https:\/\/bajaessences.com\/wordpress\/#website"},"primaryImageOfPage":{"@id":"https:\/\/bajaessences.com\/wordpress\/index.php\/producto\/aceite-esencial-de-te-blanco-baja-essences\/#primaryimage"},"image":{"@id":"https:\/\/bajaessences.com\/wordpress\/index.php\/producto\/aceite-esencial-de-te-blanco-baja-essences\/#primaryimage"},"thumbnailUrl":"https:\/\/bajaessences.com\/wordpress\/wp-content\/uploads\/2026\/01\/Aceite-Esencial-de-Te-Blanco-Baja-Essences.webp","datePublished":"2026-02-23T02:39:57+00:00","description":"El Aceite Esencial de T\u00e9 Blanco Baja Essences es muy elegante y tambi\u00e9n es antiestr\u00e9s, un suave relajante ideal para problemas de insomnio.","breadcrumb":{"@id":"https:\/\/bajaessences.com\/wordpress\/index.php\/producto\/aceite-esencial-de-te-blanco-baja-essences\/#breadcrumb"},"inLanguage":"es","potentialAction":[{"@type":"ReadAction","target":["https:\/\/bajaessences.com\/wordpress\/index.php\/producto\/aceite-esencial-de-te-blanco-baja-essences\/"]}]},{"@type":"ImageObject","inLanguage":"es","@id":"https:\/\/bajaessences.com\/wordpress\/index.php\/producto\/aceite-esencial-de-te-blanco-baja-essences\/#primaryimage","url":"https:\/\/bajaessences.com\/wordpress\/wp-content\/uploads\/2026\/01\/Aceite-Esencial-de-Te-Blanco-Baja-Essences.webp","contentUrl":"https:\/\/bajaessences.com\/wordpress\/wp-content\/uploads\/2026\/01\/Aceite-Esencial-de-Te-Blanco-Baja-Essences.webp","width":1080,"height":1080,"caption":"aceite esencial de t\u00e9 blanco baja essences"},{"@type":"BreadcrumbList","@id":"https:\/\/bajaessences.com\/wordpress\/index.php\/producto\/aceite-esencial-de-te-blanco-baja-essences\/#breadcrumb","itemListElement":[{"@type":"ListItem","position":1,"name":"Inicio","item":"https:\/\/bajaessences.com\/wordpress\/"},{"@type":"ListItem","position":2,"name":"Tienda en L\u00ednea","item":"https:\/\/bajaessences.com\/wordpress\/index.php\/baja-essences-aromaterapia-tienda-en-linea\/"},{"@type":"ListItem","position":3,"name":"Aceite Esencial de T\u00c9 BLANCO Baja Essences"}]},{"@type":"WebSite","@id":"https:\/\/bajaessences.com\/wordpress\/#website","url":"https:\/\/bajaessences.com\/wordpress\/","name":"","description":"EXPERTOS EN AROMATERAPIA Y PRODUCTOS PARA SPA","potentialAction":[{"@type":"SearchAction","target":{"@type":"EntryPoint","urlTemplate":"https:\/\/bajaessences.com\/wordpress\/?s={search_term_string}"},"query-input":{"@type":"PropertyValueSpecification","valueRequired":true,"valueName":"search_term_string"}}],"inLanguage":"es"}]}},"jetpack_sharing_enabled":true,"_links":{"self":[{"href":"https:\/\/bajaessences.com\/wordpress\/index.php\/wp-json\/wp\/v2\/product\/367","targetHints":{"allow":["GET"]}}],"collection":[{"href":"https:\/\/bajaessences.com\/wordpress\/index.php\/wp-json\/wp\/v2\/product"}],"about":[{"href":"https:\/\/bajaessences.com\/wordpress\/index.php\/wp-json\/wp\/v2\/types\/product"}],"replies":[{"embeddable":true,"href":"https:\/\/bajaessences.com\/wordpress\/index.php\/wp-json\/wp\/v2\/comments?post=367"}],"wp:featuredmedia":[{"embeddable":true,"href":"https:\/\/bajaessences.com\/wordpress\/index.php\/wp-json\/wp\/v2\/media\/499"}],"wp:attachment":[{"href":"https:\/\/bajaessences.com\/wordpress\/index.php\/wp-json\/wp\/v2\/media?parent=367"}],"wp:term":[{"taxonomy":"product_brand","embeddable":true,"href":"https:\/\/bajaessences.com\/wordpress\/index.php\/wp-json\/wp\/v2\/product_brand?post=367"},{"taxonomy":"product_cat","embeddable":true,"href":"https:\/\/bajaessences.com\/wordpress\/index.php\/wp-json\/wp\/v2\/product_cat?post=367"},{"taxonomy":"product_tag","embeddable":true,"href":"https:\/\/bajaessences.com\/wordpress\/index.php\/wp-json\/wp\/v2\/product_tag?post=367"}],"curies":[{"name":"wp","href":"https:\/\/api.w.org\/{rel}","templated":true}]}}