{"id":380,"date":"2026-02-23T21:53:47","date_gmt":"2026-02-23T21:53:47","guid":{"rendered":"https:\/\/bajaessences.com\/wordpress\/?post_type=product&#038;p=380"},"modified":"2026-02-23T21:53:47","modified_gmt":"2026-02-23T21:53:47","slug":"aceite-esencial-de-hinojo-baja-essences","status":"publish","type":"product","link":"https:\/\/bajaessences.com\/wordpress\/index.php\/producto\/aceite-esencial-de-hinojo-baja-essences\/","title":{"rendered":"Aceite Esencial de HINOJO Baja Essences"},"content":{"rendered":"<p>El\u00a0<b><i>Aceite Esencial\u00a0de HINOJO<\/i><\/b><i>\u00a0<\/i>es\u00a0extra\u00eddo del grano de la semilla del mismo\u00a0\u00a0<b><i>(FOENICULUM VULGARE)<\/i><\/b>\u00a0bajo un proceso de destilaci\u00f3n por arrastre de vapor hasta obtener el valioso aceite. El hinojo es una planta originaria del \u00e1rea Mediterr\u00e1nea central y tiene un uso milenario. Es una planta recta que puede llegar a medir hasta dos metros de altura donde crece de forma silvestre o en cultivo.<\/p>\n<p>Este\u00a0<b><i>Aceite Esencial\u00a0de Hinojo<\/i><\/b><i>\u00a0<\/i>es un potente expectorante, ayuda a despejar las v\u00edas respiratorias, por lo tanto ayuda en la recuperaci\u00f3n de las enfermedades como catarro, tos, amigdalitis y bronquitis, tambi\u00e9n es un gran estimulante para la energ\u00eda diaria. Ayuda a combatir los s\u00edntomas de la menopausia, ayuda a eliminar la retenci\u00f3n de l\u00edquidos y tiene propiedades desinfectantes. Ayuda a reducir los espasmos a nivel neuromuscular y es un buen antiinflamatorio.<\/p>\n<p><b>COMPONENTES PRINCIPALES:\u00a0<\/b>Limoneno, Fenol, \u00a0b-pileno, anetol, fanchona y estragol entre otros.<\/p>\n<p><b>ADVERTENCIAS:\u00a0<\/b>No debe aplicarse de manera t\u00f3pica en menores a 6 a\u00f1os, puede ser t\u00f3xico o irritante. No ingerir ni aplicar directamente sobre la piel, diluir previamente en un aceite vehicular neutro o de almendras. Evitar el contacto con los ojos y mucosas. Mantenerse alejado del alcance de los ni\u00f1os. En caso de hipersensibilidad o irritaci\u00f3n, dejar de utilizar inmediatamente.<\/p>\n<p><b>DERECHOS RESERVADOS DE INFORMACI\u00d3N. Esta informaci\u00f3n est\u00e1 protegida por Copyright y derechos de autor. Est\u00e1 prohibida su utilizaci\u00f3n sin la aprobaci\u00f3n expresa del autor\/propietario:\u00a0<\/b>Baja Essences<\/p>\n","protected":false},"excerpt":{"rendered":"<p>El\u00a0Aceite Esencial\u00a0de HINOJO\u00a0es\u00a0extra\u00eddo del grano de la semilla del mismo\u00a0\u00a0(FOENICULUM VULGARE)\u00a0bajo un proceso de destilaci\u00f3n por arrastre de vapor hasta obtener el valioso aceite. El hinojo es una planta originaria del \u00e1rea Mediterr\u00e1nea central y tiene un uso milenario. Es una planta recta que puede llegar a medir hasta dos metros de altura donde crece [&hellip;]<\/p>\n","protected":false},"featured_media":455,"comment_status":"open","ping_status":"closed","template":"","meta":[],"product_brand":[29],"product_cat":[28,19],"product_tag":[80,81,82],"class_list":{"0":"post-380","1":"product","2":"type-product","3":"status-publish","4":"has-post-thumbnail","6":"product_brand-baja-essences-aromaterapia","7":"product_cat-aceites-esenciales-herbales","8":"product_cat-aromaterapia","9":"product_tag-aceite-esencial-de-hinojo","10":"product_tag-estimulante","11":"product_tag-expectorante","12":"product_shipping_class-envio-normal","14":"first","15":"instock","16":"taxable","17":"shipping-taxable","18":"purchasable","19":"product-type-simple"},"yoast_head":"<!-- This site is optimized with the Yoast SEO plugin v27.5 - https:\/\/yoast.com\/product\/yoast-seo-wordpress\/ -->\n<title>Aceite Esencial de Hinojo Baja Essences<\/title>\n<meta name=\"description\" content=\"El Aceite Esencial de Hinojo Baja Essences es un potente expectorante, ayuda a despejar las v\u00edas respiratorias y es un gran estimulante\" \/>\n<meta name=\"robots\" content=\"index, follow, max-snippet:-1, max-image-preview:large, max-video-preview:-1\" \/>\n<link rel=\"canonical\" href=\"https:\/\/bajaessences.com\/wordpress\/index.php\/producto\/aceite-esencial-de-hinojo-baja-essences\/\" \/>\n<meta property=\"og:locale\" content=\"es_MX\" \/>\n<meta property=\"og:type\" content=\"article\" \/>\n<meta property=\"og:title\" content=\"Aceite Esencial de Hinojo Baja Essences\" \/>\n<meta property=\"og:description\" content=\"El Aceite Esencial de Hinojo Baja Essences es un potente expectorante, ayuda a despejar las v\u00edas respiratorias y es un gran estimulante\" \/>\n<meta property=\"og:url\" content=\"https:\/\/bajaessences.com\/wordpress\/index.php\/producto\/aceite-esencial-de-hinojo-baja-essences\/\" \/>\n<meta property=\"og:image\" content=\"https:\/\/bajaessences.com\/wordpress\/wp-content\/uploads\/2025\/12\/Aceite-Esencial-de-Hinojo-Baja-Essences.webp\" \/>\n\t<meta property=\"og:image:width\" content=\"940\" \/>\n\t<meta property=\"og:image:height\" content=\"788\" \/>\n\t<meta property=\"og:image:type\" content=\"image\/webp\" \/>\n<meta name=\"twitter:card\" content=\"summary_large_image\" \/>\n<meta name=\"twitter:label1\" content=\"Tiempo de lectura\" \/>\n\t<meta name=\"twitter:data1\" content=\"2 minutos\" \/>\n<script type=\"application\/ld+json\" class=\"yoast-schema-graph\">{\"@context\":\"https:\\\/\\\/schema.org\",\"@graph\":[{\"@type\":\"WebPage\",\"@id\":\"https:\\\/\\\/bajaessences.com\\\/wordpress\\\/index.php\\\/producto\\\/aceite-esencial-de-hinojo-baja-essences\\\/\",\"url\":\"https:\\\/\\\/bajaessences.com\\\/wordpress\\\/index.php\\\/producto\\\/aceite-esencial-de-hinojo-baja-essences\\\/\",\"name\":\"Aceite Esencial de Hinojo Baja Essences\",\"isPartOf\":{\"@id\":\"https:\\\/\\\/bajaessences.com\\\/wordpress\\\/#website\"},\"primaryImageOfPage\":{\"@id\":\"https:\\\/\\\/bajaessences.com\\\/wordpress\\\/index.php\\\/producto\\\/aceite-esencial-de-hinojo-baja-essences\\\/#primaryimage\"},\"image\":{\"@id\":\"https:\\\/\\\/bajaessences.com\\\/wordpress\\\/index.php\\\/producto\\\/aceite-esencial-de-hinojo-baja-essences\\\/#primaryimage\"},\"thumbnailUrl\":\"https:\\\/\\\/bajaessences.com\\\/wordpress\\\/wp-content\\\/uploads\\\/2025\\\/12\\\/Aceite-Esencial-de-Hinojo-Baja-Essences.webp\",\"datePublished\":\"2026-02-23T21:53:47+00:00\",\"description\":\"El Aceite Esencial de Hinojo Baja Essences es un potente expectorante, ayuda a despejar las v\u00edas respiratorias y es un gran estimulante\",\"breadcrumb\":{\"@id\":\"https:\\\/\\\/bajaessences.com\\\/wordpress\\\/index.php\\\/producto\\\/aceite-esencial-de-hinojo-baja-essences\\\/#breadcrumb\"},\"inLanguage\":\"es\",\"potentialAction\":[{\"@type\":\"ReadAction\",\"target\":[\"https:\\\/\\\/bajaessences.com\\\/wordpress\\\/index.php\\\/producto\\\/aceite-esencial-de-hinojo-baja-essences\\\/\"]}]},{\"@type\":\"ImageObject\",\"inLanguage\":\"es\",\"@id\":\"https:\\\/\\\/bajaessences.com\\\/wordpress\\\/index.php\\\/producto\\\/aceite-esencial-de-hinojo-baja-essences\\\/#primaryimage\",\"url\":\"https:\\\/\\\/bajaessences.com\\\/wordpress\\\/wp-content\\\/uploads\\\/2025\\\/12\\\/Aceite-Esencial-de-Hinojo-Baja-Essences.webp\",\"contentUrl\":\"https:\\\/\\\/bajaessences.com\\\/wordpress\\\/wp-content\\\/uploads\\\/2025\\\/12\\\/Aceite-Esencial-de-Hinojo-Baja-Essences.webp\",\"width\":940,\"height\":788,\"caption\":\"aceite esencial de hinojo baja essences\"},{\"@type\":\"BreadcrumbList\",\"@id\":\"https:\\\/\\\/bajaessences.com\\\/wordpress\\\/index.php\\\/producto\\\/aceite-esencial-de-hinojo-baja-essences\\\/#breadcrumb\",\"itemListElement\":[{\"@type\":\"ListItem\",\"position\":1,\"name\":\"Inicio\",\"item\":\"https:\\\/\\\/bajaessences.com\\\/wordpress\\\/\"},{\"@type\":\"ListItem\",\"position\":2,\"name\":\"Tienda en L\u00ednea\",\"item\":\"https:\\\/\\\/bajaessences.com\\\/wordpress\\\/index.php\\\/baja-essences-aromaterapia-tienda-en-linea\\\/\"},{\"@type\":\"ListItem\",\"position\":3,\"name\":\"Aceite Esencial de HINOJO Baja Essences\"}]},{\"@type\":\"WebSite\",\"@id\":\"https:\\\/\\\/bajaessences.com\\\/wordpress\\\/#website\",\"url\":\"https:\\\/\\\/bajaessences.com\\\/wordpress\\\/\",\"name\":\"\",\"description\":\"EXPERTOS EN AROMATERAPIA Y PRODUCTOS PARA SPA\",\"potentialAction\":[{\"@type\":\"SearchAction\",\"target\":{\"@type\":\"EntryPoint\",\"urlTemplate\":\"https:\\\/\\\/bajaessences.com\\\/wordpress\\\/?s={search_term_string}\"},\"query-input\":{\"@type\":\"PropertyValueSpecification\",\"valueRequired\":true,\"valueName\":\"search_term_string\"}}],\"inLanguage\":\"es\"}]}<\/script>\n<!-- \/ Yoast SEO plugin. -->","yoast_head_json":{"title":"Aceite Esencial de Hinojo Baja Essences","description":"El Aceite Esencial de Hinojo Baja Essences es un potente expectorante, ayuda a despejar las v\u00edas respiratorias y es un gran estimulante","robots":{"index":"index","follow":"follow","max-snippet":"max-snippet:-1","max-image-preview":"max-image-preview:large","max-video-preview":"max-video-preview:-1"},"canonical":"https:\/\/bajaessences.com\/wordpress\/index.php\/producto\/aceite-esencial-de-hinojo-baja-essences\/","og_locale":"es_MX","og_type":"article","og_title":"Aceite Esencial de Hinojo Baja Essences","og_description":"El Aceite Esencial de Hinojo Baja Essences es un potente expectorante, ayuda a despejar las v\u00edas respiratorias y es un gran estimulante","og_url":"https:\/\/bajaessences.com\/wordpress\/index.php\/producto\/aceite-esencial-de-hinojo-baja-essences\/","og_image":[{"width":940,"height":788,"url":"https:\/\/bajaessences.com\/wordpress\/wp-content\/uploads\/2025\/12\/Aceite-Esencial-de-Hinojo-Baja-Essences.webp","type":"image\/webp"}],"twitter_card":"summary_large_image","twitter_misc":{"Tiempo de lectura":"2 minutos"},"schema":{"@context":"https:\/\/schema.org","@graph":[{"@type":"WebPage","@id":"https:\/\/bajaessences.com\/wordpress\/index.php\/producto\/aceite-esencial-de-hinojo-baja-essences\/","url":"https:\/\/bajaessences.com\/wordpress\/index.php\/producto\/aceite-esencial-de-hinojo-baja-essences\/","name":"Aceite Esencial de Hinojo Baja Essences","isPartOf":{"@id":"https:\/\/bajaessences.com\/wordpress\/#website"},"primaryImageOfPage":{"@id":"https:\/\/bajaessences.com\/wordpress\/index.php\/producto\/aceite-esencial-de-hinojo-baja-essences\/#primaryimage"},"image":{"@id":"https:\/\/bajaessences.com\/wordpress\/index.php\/producto\/aceite-esencial-de-hinojo-baja-essences\/#primaryimage"},"thumbnailUrl":"https:\/\/bajaessences.com\/wordpress\/wp-content\/uploads\/2025\/12\/Aceite-Esencial-de-Hinojo-Baja-Essences.webp","datePublished":"2026-02-23T21:53:47+00:00","description":"El Aceite Esencial de Hinojo Baja Essences es un potente expectorante, ayuda a despejar las v\u00edas respiratorias y es un gran estimulante","breadcrumb":{"@id":"https:\/\/bajaessences.com\/wordpress\/index.php\/producto\/aceite-esencial-de-hinojo-baja-essences\/#breadcrumb"},"inLanguage":"es","potentialAction":[{"@type":"ReadAction","target":["https:\/\/bajaessences.com\/wordpress\/index.php\/producto\/aceite-esencial-de-hinojo-baja-essences\/"]}]},{"@type":"ImageObject","inLanguage":"es","@id":"https:\/\/bajaessences.com\/wordpress\/index.php\/producto\/aceite-esencial-de-hinojo-baja-essences\/#primaryimage","url":"https:\/\/bajaessences.com\/wordpress\/wp-content\/uploads\/2025\/12\/Aceite-Esencial-de-Hinojo-Baja-Essences.webp","contentUrl":"https:\/\/bajaessences.com\/wordpress\/wp-content\/uploads\/2025\/12\/Aceite-Esencial-de-Hinojo-Baja-Essences.webp","width":940,"height":788,"caption":"aceite esencial de hinojo baja essences"},{"@type":"BreadcrumbList","@id":"https:\/\/bajaessences.com\/wordpress\/index.php\/producto\/aceite-esencial-de-hinojo-baja-essences\/#breadcrumb","itemListElement":[{"@type":"ListItem","position":1,"name":"Inicio","item":"https:\/\/bajaessences.com\/wordpress\/"},{"@type":"ListItem","position":2,"name":"Tienda en L\u00ednea","item":"https:\/\/bajaessences.com\/wordpress\/index.php\/baja-essences-aromaterapia-tienda-en-linea\/"},{"@type":"ListItem","position":3,"name":"Aceite Esencial de HINOJO Baja Essences"}]},{"@type":"WebSite","@id":"https:\/\/bajaessences.com\/wordpress\/#website","url":"https:\/\/bajaessences.com\/wordpress\/","name":"","description":"EXPERTOS EN AROMATERAPIA Y PRODUCTOS PARA SPA","potentialAction":[{"@type":"SearchAction","target":{"@type":"EntryPoint","urlTemplate":"https:\/\/bajaessences.com\/wordpress\/?s={search_term_string}"},"query-input":{"@type":"PropertyValueSpecification","valueRequired":true,"valueName":"search_term_string"}}],"inLanguage":"es"}]}},"jetpack_sharing_enabled":true,"_links":{"self":[{"href":"https:\/\/bajaessences.com\/wordpress\/index.php\/wp-json\/wp\/v2\/product\/380","targetHints":{"allow":["GET"]}}],"collection":[{"href":"https:\/\/bajaessences.com\/wordpress\/index.php\/wp-json\/wp\/v2\/product"}],"about":[{"href":"https:\/\/bajaessences.com\/wordpress\/index.php\/wp-json\/wp\/v2\/types\/product"}],"replies":[{"embeddable":true,"href":"https:\/\/bajaessences.com\/wordpress\/index.php\/wp-json\/wp\/v2\/comments?post=380"}],"wp:featuredmedia":[{"embeddable":true,"href":"https:\/\/bajaessences.com\/wordpress\/index.php\/wp-json\/wp\/v2\/media\/455"}],"wp:attachment":[{"href":"https:\/\/bajaessences.com\/wordpress\/index.php\/wp-json\/wp\/v2\/media?parent=380"}],"wp:term":[{"taxonomy":"product_brand","embeddable":true,"href":"https:\/\/bajaessences.com\/wordpress\/index.php\/wp-json\/wp\/v2\/product_brand?post=380"},{"taxonomy":"product_cat","embeddable":true,"href":"https:\/\/bajaessences.com\/wordpress\/index.php\/wp-json\/wp\/v2\/product_cat?post=380"},{"taxonomy":"product_tag","embeddable":true,"href":"https:\/\/bajaessences.com\/wordpress\/index.php\/wp-json\/wp\/v2\/product_tag?post=380"}],"curies":[{"name":"wp","href":"https:\/\/api.w.org\/{rel}","templated":true}]}}