{"id":382,"date":"2026-02-23T21:59:33","date_gmt":"2026-02-23T21:59:33","guid":{"rendered":"https:\/\/bajaessences.com\/wordpress\/?post_type=product&#038;p=382"},"modified":"2026-02-23T21:59:34","modified_gmt":"2026-02-23T21:59:34","slug":"aceite-esencial-de-bambu-baja-essences","status":"publish","type":"product","link":"https:\/\/bajaessences.com\/wordpress\/index.php\/producto\/aceite-esencial-de-bambu-baja-essences\/","title":{"rendered":"Aceite Esencial de BAMB\u00da Baja Essences"},"content":{"rendered":"<p>El <b><i>Aceite Esencial de Bamb\u00fa <\/i><\/b>se obtiene de la planta del mismo nombre (Bambusoideae) que pertenece a la familia de las po\u00e1ceas o gram\u00edneas, cuando su culmo es le\u00f1oso como una ca\u00f1a es cuando su nombre vulgar es Bamb\u00fa. Es una planta rica en s\u00edlice lo que hace muy beneficiosa para el tratamiento y cuidado de la piel en general. El <b><i>Aceite Esencial de Bamb\u00fa<\/i><\/b> se obtiene de las hojas y tallos de la planta a trav\u00e9s de evaporaci\u00f3n por arrastre.<\/p>\n<p>El <b><i>Aceite Esencial de Bamb\u00fa<\/i><\/b> tiene propiedades m\u00faltiples como el combatir la psoriasis, aliviar el eczema, magn\u00edfico tratamiento para la piel ya que tambi\u00e9n act\u00faa como un exfoliante natural, promueve la absorci\u00f3n de vitaminas y minerales, es antioxidante, previene la irritaci\u00f3n de la piel, es un protector solar UV natural, es antis\u00e9ptico, antibacteriano, y combate el sudor lo que ayuda a la regulaci\u00f3n t\u00e9rmica de la piel.<\/p>\n<div class=\"Y3BBE\" data-sfc-cp=\"\" data-hveid=\"CAIQAA\" data-processed=\"true\"><strong class=\"Yjhzub\" data-processed=\"true\">Propiedades y Beneficios en Aromaterapia:<\/strong><\/div>\n<div data-sfc-cp=\"\" data-hveid=\"CAIQAA\" data-processed=\"true\"><\/div>\n<div data-sfc-cp=\"\" data-hveid=\"CAIQAA\" data-processed=\"true\"><\/div>\n<ul class=\"KsbFXc U6u95\" data-processed=\"true\">\n<li data-hveid=\"CAMQAA\" data-processed=\"true\"><span class=\"T286Pc\" data-sfc-cp=\"\" data-processed=\"true\"><strong class=\"Yjhzub\" data-processed=\"true\">Relajaci\u00f3n y Revitalizaci\u00f3n:<\/strong> Ayuda a calmar la mente y renovar el esp\u00edritu, creando un ambiente de bienestar.<\/span><\/li>\n<\/ul>\n<p>&nbsp;<\/p>\n<ul class=\"KsbFXc U6u95\" data-processed=\"true\">\n<li><span class=\"T286Pc\" data-sfc-cp=\"\" data-processed=\"true\"><strong class=\"Yjhzub\" data-processed=\"true\">Fresco y Natural:<\/strong> Evoca la naturaleza, con notas verdes, vegetales y a veces amaderadas, promoviendo la vitalidad y la pureza.<\/span><\/li>\n<\/ul>\n<p>&nbsp;<\/p>\n<ul class=\"KsbFXc U6u95\" data-processed=\"true\">\n<li data-hveid=\"CAMQAQ\" data-processed=\"true\"><span class=\"T286Pc\" data-sfc-cp=\"\" data-processed=\"true\"><strong class=\"Yjhzub\" data-processed=\"true\">Anti-estr\u00e9s:<\/strong> Su aroma sedante relaja terminaciones nerviosas y m\u00fasculos, combatiendo el estr\u00e9s.<\/span><\/li>\n<\/ul>\n<p><b>COMPONENTES PRINCIPALES:\u00a0<\/b>Fenoles, glic\u00f3cidos, flavonoides, amino\u00e1cidos, polisac\u00e1ridos, lactonas, saponinas, entre otros.<\/p>\n<p><b>ADVERTENCIAS:\u00a0<\/b>No ingerir ni aplicar directamente sobre la piel, diluir previamente sobre una base de aceite vehicular neutro o de almendras. Evitar el contacto con los ojos y mucosas. Mantenerse alejado del alcance de los ni\u00f1os. En caso de hipersensibilidad o irritaci\u00f3n, dejar de utilizar inmediatamente.<\/p>\n<p><b>DERECHOS RESERVADOS DE INFORMACI\u00d3N. Esta informaci\u00f3n est\u00e1 protegida por Copyright y derechos de autor. Est\u00e1 prohibida su utilizaci\u00f3n sin la aprobaci\u00f3n expresa del autor\/propietario:\u00a0Baja Essences\u00a0<\/b><b>\u00a9<\/b><\/p>\n","protected":false},"excerpt":{"rendered":"<div data-subtree=\"aimfl,mfl\" data-processed=\"true\">El aceite esencial de bamb\u00fa es apreciado en aromaterapia por su aroma fresco, limpio y ligeramente oriental, que aporta una sensaci\u00f3n revitalizan y relajante, ideal para difusores, masajes y productos de cuidado personal<\/div>\n","protected":false},"featured_media":443,"comment_status":"open","ping_status":"closed","template":"","meta":[],"product_brand":[29],"product_cat":[28,19],"product_tag":[76,77,68],"class_list":{"0":"post-382","1":"product","2":"type-product","3":"status-publish","4":"has-post-thumbnail","6":"product_brand-baja-essences-aromaterapia","7":"product_cat-aceites-esenciales-herbales","8":"product_cat-aromaterapia","9":"product_tag-aceite-esencial-de-bambu","10":"product_tag-fresco","11":"product_tag-revitalizante","12":"product_shipping_class-envio-normal","14":"first","15":"instock","16":"taxable","17":"shipping-taxable","18":"purchasable","19":"product-type-simple"},"yoast_head":"<!-- This site is optimized with the Yoast SEO plugin v27.5 - https:\/\/yoast.com\/product\/yoast-seo-wordpress\/ -->\n<title>Aceite Esencial de Bamb\u00fa Baja Essences<\/title>\n<meta name=\"description\" content=\"El Aceite Esencial de Bamb\u00fa Baja Essences es muy apreciado en aromaterapia por su aroma fresco, limpio y ligeramente oriental, es muy revitalizante.\" \/>\n<meta name=\"robots\" content=\"index, follow, max-snippet:-1, max-image-preview:large, max-video-preview:-1\" \/>\n<link rel=\"canonical\" href=\"https:\/\/bajaessences.com\/wordpress\/index.php\/producto\/aceite-esencial-de-bambu-baja-essences\/\" \/>\n<meta property=\"og:locale\" content=\"es_MX\" \/>\n<meta property=\"og:type\" content=\"article\" \/>\n<meta property=\"og:title\" content=\"Aceite Esencial de Bamb\u00fa Baja Essences\" \/>\n<meta property=\"og:description\" content=\"El Aceite Esencial de Bamb\u00fa Baja Essences es muy apreciado en aromaterapia por su aroma fresco, limpio y ligeramente oriental, es muy revitalizante.\" \/>\n<meta property=\"og:url\" content=\"https:\/\/bajaessences.com\/wordpress\/index.php\/producto\/aceite-esencial-de-bambu-baja-essences\/\" \/>\n<meta property=\"article:modified_time\" content=\"2026-02-23T21:59:34+00:00\" \/>\n<meta property=\"og:image\" content=\"https:\/\/bajaessences.com\/wordpress\/wp-content\/uploads\/2026\/01\/Aceite-Esencial-de-Bambu-Baja-Essences.webp\" \/>\n\t<meta property=\"og:image:width\" content=\"972\" \/>\n\t<meta property=\"og:image:height\" content=\"788\" \/>\n\t<meta property=\"og:image:type\" content=\"image\/webp\" \/>\n<meta name=\"twitter:card\" content=\"summary_large_image\" \/>\n<meta name=\"twitter:label1\" content=\"Tiempo de lectura\" \/>\n\t<meta name=\"twitter:data1\" content=\"2 minutos\" \/>\n<script type=\"application\/ld+json\" class=\"yoast-schema-graph\">{\"@context\":\"https:\\\/\\\/schema.org\",\"@graph\":[{\"@type\":\"WebPage\",\"@id\":\"https:\\\/\\\/bajaessences.com\\\/wordpress\\\/index.php\\\/producto\\\/aceite-esencial-de-bambu-baja-essences\\\/\",\"url\":\"https:\\\/\\\/bajaessences.com\\\/wordpress\\\/index.php\\\/producto\\\/aceite-esencial-de-bambu-baja-essences\\\/\",\"name\":\"Aceite Esencial de Bamb\u00fa Baja Essences\",\"isPartOf\":{\"@id\":\"https:\\\/\\\/bajaessences.com\\\/wordpress\\\/#website\"},\"primaryImageOfPage\":{\"@id\":\"https:\\\/\\\/bajaessences.com\\\/wordpress\\\/index.php\\\/producto\\\/aceite-esencial-de-bambu-baja-essences\\\/#primaryimage\"},\"image\":{\"@id\":\"https:\\\/\\\/bajaessences.com\\\/wordpress\\\/index.php\\\/producto\\\/aceite-esencial-de-bambu-baja-essences\\\/#primaryimage\"},\"thumbnailUrl\":\"https:\\\/\\\/bajaessences.com\\\/wordpress\\\/wp-content\\\/uploads\\\/2026\\\/01\\\/Aceite-Esencial-de-Bambu-Baja-Essences.webp\",\"datePublished\":\"2026-02-23T21:59:33+00:00\",\"dateModified\":\"2026-02-23T21:59:34+00:00\",\"description\":\"El Aceite Esencial de Bamb\u00fa Baja Essences es muy apreciado en aromaterapia por su aroma fresco, limpio y ligeramente oriental, es muy revitalizante.\",\"breadcrumb\":{\"@id\":\"https:\\\/\\\/bajaessences.com\\\/wordpress\\\/index.php\\\/producto\\\/aceite-esencial-de-bambu-baja-essences\\\/#breadcrumb\"},\"inLanguage\":\"es\",\"potentialAction\":[{\"@type\":\"ReadAction\",\"target\":[\"https:\\\/\\\/bajaessences.com\\\/wordpress\\\/index.php\\\/producto\\\/aceite-esencial-de-bambu-baja-essences\\\/\"]}]},{\"@type\":\"ImageObject\",\"inLanguage\":\"es\",\"@id\":\"https:\\\/\\\/bajaessences.com\\\/wordpress\\\/index.php\\\/producto\\\/aceite-esencial-de-bambu-baja-essences\\\/#primaryimage\",\"url\":\"https:\\\/\\\/bajaessences.com\\\/wordpress\\\/wp-content\\\/uploads\\\/2026\\\/01\\\/Aceite-Esencial-de-Bambu-Baja-Essences.webp\",\"contentUrl\":\"https:\\\/\\\/bajaessences.com\\\/wordpress\\\/wp-content\\\/uploads\\\/2026\\\/01\\\/Aceite-Esencial-de-Bambu-Baja-Essences.webp\",\"width\":972,\"height\":788,\"caption\":\"aceite esencial de bambu baja essences\"},{\"@type\":\"BreadcrumbList\",\"@id\":\"https:\\\/\\\/bajaessences.com\\\/wordpress\\\/index.php\\\/producto\\\/aceite-esencial-de-bambu-baja-essences\\\/#breadcrumb\",\"itemListElement\":[{\"@type\":\"ListItem\",\"position\":1,\"name\":\"Inicio\",\"item\":\"https:\\\/\\\/bajaessences.com\\\/wordpress\\\/\"},{\"@type\":\"ListItem\",\"position\":2,\"name\":\"Tienda en L\u00ednea\",\"item\":\"https:\\\/\\\/bajaessences.com\\\/wordpress\\\/index.php\\\/baja-essences-aromaterapia-tienda-en-linea\\\/\"},{\"@type\":\"ListItem\",\"position\":3,\"name\":\"Aceite Esencial de BAMB\u00da Baja Essences\"}]},{\"@type\":\"WebSite\",\"@id\":\"https:\\\/\\\/bajaessences.com\\\/wordpress\\\/#website\",\"url\":\"https:\\\/\\\/bajaessences.com\\\/wordpress\\\/\",\"name\":\"\",\"description\":\"EXPERTOS EN AROMATERAPIA Y PRODUCTOS PARA SPA\",\"potentialAction\":[{\"@type\":\"SearchAction\",\"target\":{\"@type\":\"EntryPoint\",\"urlTemplate\":\"https:\\\/\\\/bajaessences.com\\\/wordpress\\\/?s={search_term_string}\"},\"query-input\":{\"@type\":\"PropertyValueSpecification\",\"valueRequired\":true,\"valueName\":\"search_term_string\"}}],\"inLanguage\":\"es\"}]}<\/script>\n<!-- \/ Yoast SEO plugin. -->","yoast_head_json":{"title":"Aceite Esencial de Bamb\u00fa Baja Essences","description":"El Aceite Esencial de Bamb\u00fa Baja Essences es muy apreciado en aromaterapia por su aroma fresco, limpio y ligeramente oriental, es muy revitalizante.","robots":{"index":"index","follow":"follow","max-snippet":"max-snippet:-1","max-image-preview":"max-image-preview:large","max-video-preview":"max-video-preview:-1"},"canonical":"https:\/\/bajaessences.com\/wordpress\/index.php\/producto\/aceite-esencial-de-bambu-baja-essences\/","og_locale":"es_MX","og_type":"article","og_title":"Aceite Esencial de Bamb\u00fa Baja Essences","og_description":"El Aceite Esencial de Bamb\u00fa Baja Essences es muy apreciado en aromaterapia por su aroma fresco, limpio y ligeramente oriental, es muy revitalizante.","og_url":"https:\/\/bajaessences.com\/wordpress\/index.php\/producto\/aceite-esencial-de-bambu-baja-essences\/","article_modified_time":"2026-02-23T21:59:34+00:00","og_image":[{"width":972,"height":788,"url":"https:\/\/bajaessences.com\/wordpress\/wp-content\/uploads\/2026\/01\/Aceite-Esencial-de-Bambu-Baja-Essences.webp","type":"image\/webp"}],"twitter_card":"summary_large_image","twitter_misc":{"Tiempo de lectura":"2 minutos"},"schema":{"@context":"https:\/\/schema.org","@graph":[{"@type":"WebPage","@id":"https:\/\/bajaessences.com\/wordpress\/index.php\/producto\/aceite-esencial-de-bambu-baja-essences\/","url":"https:\/\/bajaessences.com\/wordpress\/index.php\/producto\/aceite-esencial-de-bambu-baja-essences\/","name":"Aceite Esencial de Bamb\u00fa Baja Essences","isPartOf":{"@id":"https:\/\/bajaessences.com\/wordpress\/#website"},"primaryImageOfPage":{"@id":"https:\/\/bajaessences.com\/wordpress\/index.php\/producto\/aceite-esencial-de-bambu-baja-essences\/#primaryimage"},"image":{"@id":"https:\/\/bajaessences.com\/wordpress\/index.php\/producto\/aceite-esencial-de-bambu-baja-essences\/#primaryimage"},"thumbnailUrl":"https:\/\/bajaessences.com\/wordpress\/wp-content\/uploads\/2026\/01\/Aceite-Esencial-de-Bambu-Baja-Essences.webp","datePublished":"2026-02-23T21:59:33+00:00","dateModified":"2026-02-23T21:59:34+00:00","description":"El Aceite Esencial de Bamb\u00fa Baja Essences es muy apreciado en aromaterapia por su aroma fresco, limpio y ligeramente oriental, es muy revitalizante.","breadcrumb":{"@id":"https:\/\/bajaessences.com\/wordpress\/index.php\/producto\/aceite-esencial-de-bambu-baja-essences\/#breadcrumb"},"inLanguage":"es","potentialAction":[{"@type":"ReadAction","target":["https:\/\/bajaessences.com\/wordpress\/index.php\/producto\/aceite-esencial-de-bambu-baja-essences\/"]}]},{"@type":"ImageObject","inLanguage":"es","@id":"https:\/\/bajaessences.com\/wordpress\/index.php\/producto\/aceite-esencial-de-bambu-baja-essences\/#primaryimage","url":"https:\/\/bajaessences.com\/wordpress\/wp-content\/uploads\/2026\/01\/Aceite-Esencial-de-Bambu-Baja-Essences.webp","contentUrl":"https:\/\/bajaessences.com\/wordpress\/wp-content\/uploads\/2026\/01\/Aceite-Esencial-de-Bambu-Baja-Essences.webp","width":972,"height":788,"caption":"aceite esencial de bambu baja essences"},{"@type":"BreadcrumbList","@id":"https:\/\/bajaessences.com\/wordpress\/index.php\/producto\/aceite-esencial-de-bambu-baja-essences\/#breadcrumb","itemListElement":[{"@type":"ListItem","position":1,"name":"Inicio","item":"https:\/\/bajaessences.com\/wordpress\/"},{"@type":"ListItem","position":2,"name":"Tienda en L\u00ednea","item":"https:\/\/bajaessences.com\/wordpress\/index.php\/baja-essences-aromaterapia-tienda-en-linea\/"},{"@type":"ListItem","position":3,"name":"Aceite Esencial de BAMB\u00da Baja Essences"}]},{"@type":"WebSite","@id":"https:\/\/bajaessences.com\/wordpress\/#website","url":"https:\/\/bajaessences.com\/wordpress\/","name":"","description":"EXPERTOS EN AROMATERAPIA Y PRODUCTOS PARA SPA","potentialAction":[{"@type":"SearchAction","target":{"@type":"EntryPoint","urlTemplate":"https:\/\/bajaessences.com\/wordpress\/?s={search_term_string}"},"query-input":{"@type":"PropertyValueSpecification","valueRequired":true,"valueName":"search_term_string"}}],"inLanguage":"es"}]}},"jetpack_sharing_enabled":true,"_links":{"self":[{"href":"https:\/\/bajaessences.com\/wordpress\/index.php\/wp-json\/wp\/v2\/product\/382","targetHints":{"allow":["GET"]}}],"collection":[{"href":"https:\/\/bajaessences.com\/wordpress\/index.php\/wp-json\/wp\/v2\/product"}],"about":[{"href":"https:\/\/bajaessences.com\/wordpress\/index.php\/wp-json\/wp\/v2\/types\/product"}],"replies":[{"embeddable":true,"href":"https:\/\/bajaessences.com\/wordpress\/index.php\/wp-json\/wp\/v2\/comments?post=382"}],"wp:featuredmedia":[{"embeddable":true,"href":"https:\/\/bajaessences.com\/wordpress\/index.php\/wp-json\/wp\/v2\/media\/443"}],"wp:attachment":[{"href":"https:\/\/bajaessences.com\/wordpress\/index.php\/wp-json\/wp\/v2\/media?parent=382"}],"wp:term":[{"taxonomy":"product_brand","embeddable":true,"href":"https:\/\/bajaessences.com\/wordpress\/index.php\/wp-json\/wp\/v2\/product_brand?post=382"},{"taxonomy":"product_cat","embeddable":true,"href":"https:\/\/bajaessences.com\/wordpress\/index.php\/wp-json\/wp\/v2\/product_cat?post=382"},{"taxonomy":"product_tag","embeddable":true,"href":"https:\/\/bajaessences.com\/wordpress\/index.php\/wp-json\/wp\/v2\/product_tag?post=382"}],"curies":[{"name":"wp","href":"https:\/\/api.w.org\/{rel}","templated":true}]}}