{"id":383,"date":"2026-02-23T22:00:30","date_gmt":"2026-02-23T22:00:30","guid":{"rendered":"https:\/\/bajaessences.com\/wordpress\/?post_type=product&#038;p=383"},"modified":"2026-02-23T22:00:30","modified_gmt":"2026-02-23T22:00:30","slug":"aceite-esencial-de-clavo-baja-essences","status":"publish","type":"product","link":"https:\/\/bajaessences.com\/wordpress\/index.php\/producto\/aceite-esencial-de-clavo-baja-essences\/","title":{"rendered":"Aceite Esencial de CLAVO Baja Essences"},"content":{"rendered":"<p>El <b><i>Aceite Esencial de Clavo <\/i><\/b>(<i>Syzygium aromaticum<\/i>) se obtiene de esta especia de origen asi\u00e1tico, siendo nativo de Indonesia. Este aceite esencial no es muy conocido a pesar de sus grandes beneficios para salud. Se obtiene a trav\u00e9s del proceso por arrastre de vapor.<\/p>\n<p>Es anest\u00e9sico, sedante, calmante del dolor, anest\u00e9sico dental, enjuague bucal, alivia dolores de muelas, combate las infecciones de boca y garganta, es antimicrobiano, antiviral, antis\u00e9ptico y antimic\u00f3tico. Repelente de insectos, expectorante, calmante y tranquilizante.<\/p>\n<div class=\"otQkpb\" role=\"heading\" aria-level=\"3\" data-animation-nesting=\"\" data-sfc-cp=\"\" data-processed=\"true\">Algunos de los usos del Aceite Esencial de Clavo Baja Essences en Aromaterapia son:<\/div>\n<ul class=\"KsbFXc U6u95\" data-processed=\"true\">\n<li data-hveid=\"CAMQAA\" data-processed=\"true\"><span class=\"T286Pc\" data-sfc-cp=\"\" data-processed=\"true\"><strong class=\"Yjhzub\" data-processed=\"true\">Relajaci\u00f3n y \u00e1nimo:<\/strong> Dif\u00fandelo para un ambiente reconfortante, reducir el estr\u00e9s, la ansiedad y la fatiga mental, aportando energ\u00eda y claridad.<\/span><\/li>\n<\/ul>\n<p>&nbsp;<\/p>\n<ul class=\"KsbFXc U6u95\" data-processed=\"true\">\n<li data-hveid=\"CAMQAQ\" data-processed=\"true\"><span class=\"T286Pc\" data-sfc-cp=\"\" data-processed=\"true\"><strong class=\"Yjhzub\" data-processed=\"true\">Purificaci\u00f3n:<\/strong> Ayuda a purificar el aire y es un buen repelente de mosquitos y moscas.<\/span><\/li>\n<\/ul>\n<p>&nbsp;<\/p>\n<ul class=\"KsbFXc U6u95\" data-processed=\"true\">\n<li data-hveid=\"CAMQAg\" data-processed=\"true\"><span class=\"T286Pc\" data-sfc-cp=\"\" data-processed=\"true\"><strong class=\"Yjhzub\" data-processed=\"true\">Estimulante:<\/strong> Considerado un afrodis\u00edaco natural y estimulante para el crecimiento del cabello.<\/span><span class=\"uJ19be notranslate\" data-wiz-uids=\"paV5Yb_z,paV5Yb_10,paV5Yb_11\" data-processed=\"true\"><span class=\"vKEkVd\" data-animation-atomic=\"\" data-wiz-attrbind=\"class=paV5Yb_z\/TKHnVd;\" data-processed=\"true\">\u00a0<button class=\"rBl3me\" tabindex=\"0\" data-amic=\"true\" data-icl-uuid=\"a2ce50be-3077-4bef-9dbd-b70895176f01\" aria-label=\"Ver v\u00ednculos relacionados\" data-wiz-attrbind=\"disabled=paV5Yb_z\/C5gNJc;class=paV5Yb_z\/UpSNec;\" data-ved=\"2ahUKEwiZxeaF5-qRAxX0I0QIHeEIE2kQye0OegQIAxAD\" data-processed=\"true\"><\/button><\/span><\/span><\/li>\n<\/ul>\n<div class=\"Fsg96\" data-sfc-cp=\"\" data-processed=\"true\"><\/div>\n<p><b>COMPONENTES PRINCIPALES:\u00a0<\/b>Eugenol, acetato de eugenilo, cariofileno, humuleno entre otros.<\/p>\n<p><b>ADVERTENCIAS:\u00a0<\/b>No ingerir ni aplicar directamente sobre la piel, diluir previamente sobre una base de aceite vehicular neutro o de almendras. Evitar el contacto con los ojos y mucosas. Mantenerse alejado del alcance de los ni\u00f1os. En caso de hipersensibilidad o irritaci\u00f3n, dejar de utilizar inmediatamente.<\/p>\n<p><b>DERECHOS RESERVADOS DE INFORMACI\u00d3N. Esta informaci\u00f3n est\u00e1 protegida por Copyright y derechos de autor. Est\u00e1 prohibida su utilizaci\u00f3n sin la aprobaci\u00f3n expresa del autor\/propietario:\u00a0Baja Essences\u00a0<\/b><b>\u00a9<\/b><\/p>\n","protected":false},"excerpt":{"rendered":"<p>El Aceite Esencial de Clavo Baja Essences es un excelente relajante, reduce la fatiga y el estr\u00e9s y tambi\u00e9n es considerado un afrodis\u00edaco natural.<\/p>\n","protected":false},"featured_media":438,"comment_status":"open","ping_status":"closed","template":"","meta":[],"product_brand":[29],"product_cat":[27,19],"product_tag":[73,74,75,49],"class_list":{"0":"post-383","1":"product","2":"type-product","3":"status-publish","4":"has-post-thumbnail","6":"product_brand-baja-essences-aromaterapia","7":"product_cat-aceites-esenciales-frutales","8":"product_cat-aromaterapia","9":"product_tag-aceite-esencial-de-clavo","10":"product_tag-afrodisiaco","11":"product_tag-reduce-la-fatiga-mental","12":"product_tag-relajante","13":"product_shipping_class-envio-normal","15":"first","16":"instock","17":"taxable","18":"shipping-taxable","19":"purchasable","20":"product-type-simple"},"yoast_head":"<!-- This site is optimized with the Yoast SEO plugin v27.5 - https:\/\/yoast.com\/product\/yoast-seo-wordpress\/ -->\n<title>Aceite Esencial de Clavo Baja Essences<\/title>\n<meta name=\"description\" content=\"El Aceite Esencial de Clavo Baja Essences es un excelente relajante, reduce la fatiga y el estr\u00e9s y tambi\u00e9n es considerado un afrodis\u00edaco natural.\" \/>\n<meta name=\"robots\" content=\"index, follow, max-snippet:-1, max-image-preview:large, max-video-preview:-1\" \/>\n<link rel=\"canonical\" href=\"https:\/\/bajaessences.com\/wordpress\/index.php\/producto\/aceite-esencial-de-clavo-baja-essences\/\" \/>\n<meta property=\"og:locale\" content=\"es_MX\" \/>\n<meta property=\"og:type\" content=\"article\" \/>\n<meta property=\"og:title\" content=\"Aceite Esencial de Clavo Baja Essences\" \/>\n<meta property=\"og:description\" content=\"El Aceite Esencial de Clavo Baja Essences es un excelente relajante, reduce la fatiga y el estr\u00e9s y tambi\u00e9n es considerado un afrodis\u00edaco natural.\" \/>\n<meta property=\"og:url\" content=\"https:\/\/bajaessences.com\/wordpress\/index.php\/producto\/aceite-esencial-de-clavo-baja-essences\/\" \/>\n<meta property=\"og:image\" content=\"https:\/\/bajaessences.com\/wordpress\/wp-content\/uploads\/2026\/01\/Aceite-Esencial-de-Clavo-Baja-Essences.webp\" \/>\n\t<meta property=\"og:image:width\" content=\"940\" \/>\n\t<meta property=\"og:image:height\" content=\"860\" \/>\n\t<meta property=\"og:image:type\" content=\"image\/webp\" \/>\n<meta name=\"twitter:card\" content=\"summary_large_image\" \/>\n<meta name=\"twitter:label1\" content=\"Tiempo de lectura\" \/>\n\t<meta name=\"twitter:data1\" content=\"2 minutos\" \/>\n<script type=\"application\/ld+json\" class=\"yoast-schema-graph\">{\"@context\":\"https:\\\/\\\/schema.org\",\"@graph\":[{\"@type\":\"WebPage\",\"@id\":\"https:\\\/\\\/bajaessences.com\\\/wordpress\\\/index.php\\\/producto\\\/aceite-esencial-de-clavo-baja-essences\\\/\",\"url\":\"https:\\\/\\\/bajaessences.com\\\/wordpress\\\/index.php\\\/producto\\\/aceite-esencial-de-clavo-baja-essences\\\/\",\"name\":\"Aceite Esencial de Clavo Baja Essences\",\"isPartOf\":{\"@id\":\"https:\\\/\\\/bajaessences.com\\\/wordpress\\\/#website\"},\"primaryImageOfPage\":{\"@id\":\"https:\\\/\\\/bajaessences.com\\\/wordpress\\\/index.php\\\/producto\\\/aceite-esencial-de-clavo-baja-essences\\\/#primaryimage\"},\"image\":{\"@id\":\"https:\\\/\\\/bajaessences.com\\\/wordpress\\\/index.php\\\/producto\\\/aceite-esencial-de-clavo-baja-essences\\\/#primaryimage\"},\"thumbnailUrl\":\"https:\\\/\\\/bajaessences.com\\\/wordpress\\\/wp-content\\\/uploads\\\/2026\\\/01\\\/Aceite-Esencial-de-Clavo-Baja-Essences.webp\",\"datePublished\":\"2026-02-23T22:00:30+00:00\",\"description\":\"El Aceite Esencial de Clavo Baja Essences es un excelente relajante, reduce la fatiga y el estr\u00e9s y tambi\u00e9n es considerado un afrodis\u00edaco natural.\",\"breadcrumb\":{\"@id\":\"https:\\\/\\\/bajaessences.com\\\/wordpress\\\/index.php\\\/producto\\\/aceite-esencial-de-clavo-baja-essences\\\/#breadcrumb\"},\"inLanguage\":\"es\",\"potentialAction\":[{\"@type\":\"ReadAction\",\"target\":[\"https:\\\/\\\/bajaessences.com\\\/wordpress\\\/index.php\\\/producto\\\/aceite-esencial-de-clavo-baja-essences\\\/\"]}]},{\"@type\":\"ImageObject\",\"inLanguage\":\"es\",\"@id\":\"https:\\\/\\\/bajaessences.com\\\/wordpress\\\/index.php\\\/producto\\\/aceite-esencial-de-clavo-baja-essences\\\/#primaryimage\",\"url\":\"https:\\\/\\\/bajaessences.com\\\/wordpress\\\/wp-content\\\/uploads\\\/2026\\\/01\\\/Aceite-Esencial-de-Clavo-Baja-Essences.webp\",\"contentUrl\":\"https:\\\/\\\/bajaessences.com\\\/wordpress\\\/wp-content\\\/uploads\\\/2026\\\/01\\\/Aceite-Esencial-de-Clavo-Baja-Essences.webp\",\"width\":940,\"height\":860,\"caption\":\"aceite esencial de clavo baja essences\"},{\"@type\":\"BreadcrumbList\",\"@id\":\"https:\\\/\\\/bajaessences.com\\\/wordpress\\\/index.php\\\/producto\\\/aceite-esencial-de-clavo-baja-essences\\\/#breadcrumb\",\"itemListElement\":[{\"@type\":\"ListItem\",\"position\":1,\"name\":\"Inicio\",\"item\":\"https:\\\/\\\/bajaessences.com\\\/wordpress\\\/\"},{\"@type\":\"ListItem\",\"position\":2,\"name\":\"Tienda en L\u00ednea\",\"item\":\"https:\\\/\\\/bajaessences.com\\\/wordpress\\\/index.php\\\/baja-essences-aromaterapia-tienda-en-linea\\\/\"},{\"@type\":\"ListItem\",\"position\":3,\"name\":\"Aceite Esencial de CLAVO Baja Essences\"}]},{\"@type\":\"WebSite\",\"@id\":\"https:\\\/\\\/bajaessences.com\\\/wordpress\\\/#website\",\"url\":\"https:\\\/\\\/bajaessences.com\\\/wordpress\\\/\",\"name\":\"\",\"description\":\"EXPERTOS EN AROMATERAPIA Y PRODUCTOS PARA SPA\",\"potentialAction\":[{\"@type\":\"SearchAction\",\"target\":{\"@type\":\"EntryPoint\",\"urlTemplate\":\"https:\\\/\\\/bajaessences.com\\\/wordpress\\\/?s={search_term_string}\"},\"query-input\":{\"@type\":\"PropertyValueSpecification\",\"valueRequired\":true,\"valueName\":\"search_term_string\"}}],\"inLanguage\":\"es\"}]}<\/script>\n<!-- \/ Yoast SEO plugin. -->","yoast_head_json":{"title":"Aceite Esencial de Clavo Baja Essences","description":"El Aceite Esencial de Clavo Baja Essences es un excelente relajante, reduce la fatiga y el estr\u00e9s y tambi\u00e9n es considerado un afrodis\u00edaco natural.","robots":{"index":"index","follow":"follow","max-snippet":"max-snippet:-1","max-image-preview":"max-image-preview:large","max-video-preview":"max-video-preview:-1"},"canonical":"https:\/\/bajaessences.com\/wordpress\/index.php\/producto\/aceite-esencial-de-clavo-baja-essences\/","og_locale":"es_MX","og_type":"article","og_title":"Aceite Esencial de Clavo Baja Essences","og_description":"El Aceite Esencial de Clavo Baja Essences es un excelente relajante, reduce la fatiga y el estr\u00e9s y tambi\u00e9n es considerado un afrodis\u00edaco natural.","og_url":"https:\/\/bajaessences.com\/wordpress\/index.php\/producto\/aceite-esencial-de-clavo-baja-essences\/","og_image":[{"width":940,"height":860,"url":"https:\/\/bajaessences.com\/wordpress\/wp-content\/uploads\/2026\/01\/Aceite-Esencial-de-Clavo-Baja-Essences.webp","type":"image\/webp"}],"twitter_card":"summary_large_image","twitter_misc":{"Tiempo de lectura":"2 minutos"},"schema":{"@context":"https:\/\/schema.org","@graph":[{"@type":"WebPage","@id":"https:\/\/bajaessences.com\/wordpress\/index.php\/producto\/aceite-esencial-de-clavo-baja-essences\/","url":"https:\/\/bajaessences.com\/wordpress\/index.php\/producto\/aceite-esencial-de-clavo-baja-essences\/","name":"Aceite Esencial de Clavo Baja Essences","isPartOf":{"@id":"https:\/\/bajaessences.com\/wordpress\/#website"},"primaryImageOfPage":{"@id":"https:\/\/bajaessences.com\/wordpress\/index.php\/producto\/aceite-esencial-de-clavo-baja-essences\/#primaryimage"},"image":{"@id":"https:\/\/bajaessences.com\/wordpress\/index.php\/producto\/aceite-esencial-de-clavo-baja-essences\/#primaryimage"},"thumbnailUrl":"https:\/\/bajaessences.com\/wordpress\/wp-content\/uploads\/2026\/01\/Aceite-Esencial-de-Clavo-Baja-Essences.webp","datePublished":"2026-02-23T22:00:30+00:00","description":"El Aceite Esencial de Clavo Baja Essences es un excelente relajante, reduce la fatiga y el estr\u00e9s y tambi\u00e9n es considerado un afrodis\u00edaco natural.","breadcrumb":{"@id":"https:\/\/bajaessences.com\/wordpress\/index.php\/producto\/aceite-esencial-de-clavo-baja-essences\/#breadcrumb"},"inLanguage":"es","potentialAction":[{"@type":"ReadAction","target":["https:\/\/bajaessences.com\/wordpress\/index.php\/producto\/aceite-esencial-de-clavo-baja-essences\/"]}]},{"@type":"ImageObject","inLanguage":"es","@id":"https:\/\/bajaessences.com\/wordpress\/index.php\/producto\/aceite-esencial-de-clavo-baja-essences\/#primaryimage","url":"https:\/\/bajaessences.com\/wordpress\/wp-content\/uploads\/2026\/01\/Aceite-Esencial-de-Clavo-Baja-Essences.webp","contentUrl":"https:\/\/bajaessences.com\/wordpress\/wp-content\/uploads\/2026\/01\/Aceite-Esencial-de-Clavo-Baja-Essences.webp","width":940,"height":860,"caption":"aceite esencial de clavo baja essences"},{"@type":"BreadcrumbList","@id":"https:\/\/bajaessences.com\/wordpress\/index.php\/producto\/aceite-esencial-de-clavo-baja-essences\/#breadcrumb","itemListElement":[{"@type":"ListItem","position":1,"name":"Inicio","item":"https:\/\/bajaessences.com\/wordpress\/"},{"@type":"ListItem","position":2,"name":"Tienda en L\u00ednea","item":"https:\/\/bajaessences.com\/wordpress\/index.php\/baja-essences-aromaterapia-tienda-en-linea\/"},{"@type":"ListItem","position":3,"name":"Aceite Esencial de CLAVO Baja Essences"}]},{"@type":"WebSite","@id":"https:\/\/bajaessences.com\/wordpress\/#website","url":"https:\/\/bajaessences.com\/wordpress\/","name":"","description":"EXPERTOS EN AROMATERAPIA Y PRODUCTOS PARA SPA","potentialAction":[{"@type":"SearchAction","target":{"@type":"EntryPoint","urlTemplate":"https:\/\/bajaessences.com\/wordpress\/?s={search_term_string}"},"query-input":{"@type":"PropertyValueSpecification","valueRequired":true,"valueName":"search_term_string"}}],"inLanguage":"es"}]}},"jetpack_sharing_enabled":true,"_links":{"self":[{"href":"https:\/\/bajaessences.com\/wordpress\/index.php\/wp-json\/wp\/v2\/product\/383","targetHints":{"allow":["GET"]}}],"collection":[{"href":"https:\/\/bajaessences.com\/wordpress\/index.php\/wp-json\/wp\/v2\/product"}],"about":[{"href":"https:\/\/bajaessences.com\/wordpress\/index.php\/wp-json\/wp\/v2\/types\/product"}],"replies":[{"embeddable":true,"href":"https:\/\/bajaessences.com\/wordpress\/index.php\/wp-json\/wp\/v2\/comments?post=383"}],"wp:featuredmedia":[{"embeddable":true,"href":"https:\/\/bajaessences.com\/wordpress\/index.php\/wp-json\/wp\/v2\/media\/438"}],"wp:attachment":[{"href":"https:\/\/bajaessences.com\/wordpress\/index.php\/wp-json\/wp\/v2\/media?parent=383"}],"wp:term":[{"taxonomy":"product_brand","embeddable":true,"href":"https:\/\/bajaessences.com\/wordpress\/index.php\/wp-json\/wp\/v2\/product_brand?post=383"},{"taxonomy":"product_cat","embeddable":true,"href":"https:\/\/bajaessences.com\/wordpress\/index.php\/wp-json\/wp\/v2\/product_cat?post=383"},{"taxonomy":"product_tag","embeddable":true,"href":"https:\/\/bajaessences.com\/wordpress\/index.php\/wp-json\/wp\/v2\/product_tag?post=383"}],"curies":[{"name":"wp","href":"https:\/\/api.w.org\/{rel}","templated":true}]}}